{"id":7764,"date":"2025-06-16T11:40:29","date_gmt":"2025-06-16T14:40:29","guid":{"rendered":"https:\/\/casale.com.br\/?page_id=7764"},"modified":"2025-06-16T11:43:35","modified_gmt":"2025-06-16T14:43:35","slug":"experiencia-360o-agrishow-2025","status":"publish","type":"page","link":"https:\/\/casale.com.br\/es\/experiencia-360o-agrishow-2025\/","title":{"rendered":"Experi\u00eancia 360\u00ba \u2013 Agrishow 2025"},"content":{"rendered":"<p>[et_pb_section fb_built=&#8221;1&#8243; _builder_version=&#8221;4.16&#8243; _module_preset=&#8221;default&#8221; width=&#8221;100%&#8221; max_width=&#8221;100%&#8221; min_height=&#8221;100%&#8221; max_height=&#8221;100%&#8221; custom_margin=&#8221;0px||0px||false|false&#8221; custom_padding=&#8221;0px||0px||false|false&#8221; global_colors_info=&#8221;{}&#8221;][et_pb_row _builder_version=&#8221;4.16&#8243; _module_preset=&#8221;default&#8221; width=&#8221;100%&#8221; max_width=&#8221;100%&#8221; min_height=&#8221;100%&#8221; max_height=&#8221;100%&#8221; custom_margin=&#8221;0px||0px||false|false&#8221; custom_padding=&#8221;0px||0px||false|false&#8221; global_colors_info=&#8221;{}&#8221;][et_pb_column type=&#8221;4_4&#8243; _builder_version=&#8221;4.16&#8243; _module_preset=&#8221;default&#8221; global_colors_info=&#8221;{}&#8221;][et_pb_code _builder_version=&#8221;4.27.0&#8243; _module_preset=&#8221;default&#8221; width=&#8221;100%&#8221; max_width=&#8221;100%&#8221; min_height=&#8221;100%&#8221; max_height=&#8221;100%&#8221; custom_margin=&#8221;||||false|false&#8221; custom_padding=&#8221;||0px||false|false&#8221; hover_enabled=&#8221;0&#8243; global_colors_info=&#8221;{}&#8221; sticky_enabled=&#8221;0&#8243;]<iframe width=\"100%\" height=\"700\" frameborder=\"0\" allowfullscreen src=\"https:\/\/tourmkr.com\/F1Twt9SBQo\"><\/iframe>[\/et_pb_code][\/et_pb_column][\/et_pb_row][\/et_pb_section]<\/p>","protected":false},"excerpt":{"rendered":"","protected":false},"author":5,"featured_media":0,"parent":0,"menu_order":0,"comment_status":"closed","ping_status":"closed","template":"","meta":{"_et_pb_use_builder":"on","_et_pb_old_content":"","_et_gb_content_width":"","_joinchat":[],"footnotes":""},"class_list":["post-7764","page","type-page","status-publish","hentry"],"yoast_head":"<!-- This site is optimized with the Yoast SEO plugin v23.4 - https:\/\/yoast.com\/wordpress\/plugins\/seo\/ -->\n<title>Experi\u00eancia 360\u00ba \u2013 Agrishow 2025 &#187; Casale<\/title>\n<meta name=\"robots\" content=\"index, follow, max-snippet:-1, max-image-preview:large, max-video-preview:-1\" \/>\n<link rel=\"canonical\" href=\"https:\/\/casale.com.br\/es\/experiencia-360o-agrishow-2025\/\" \/>\n<meta property=\"og:locale\" content=\"es_ES\" \/>\n<meta property=\"og:type\" content=\"article\" \/>\n<meta property=\"og:title\" content=\"Experi\u00eancia 360\u00ba \u2013 Agrishow 2025 &#187; Casale\" \/>\n<meta property=\"og:url\" content=\"https:\/\/casale.com.br\/es\/experiencia-360o-agrishow-2025\/\" \/>\n<meta property=\"og:site_name\" content=\"Casale\" \/>\n<meta property=\"article:modified_time\" content=\"2025-06-16T14:43:35+00:00\" \/>\n<meta name=\"twitter:card\" content=\"summary_large_image\" \/>\n<script type=\"application\/ld+json\" class=\"yoast-schema-graph\">{\"@context\":\"https:\/\/schema.org\",\"@graph\":[{\"@type\":\"WebPage\",\"@id\":\"https:\/\/casale.com.br\/experiencia-360o-agrishow-2025\/\",\"url\":\"https:\/\/casale.com.br\/experiencia-360o-agrishow-2025\/\",\"name\":\"Experi\u00eancia 360\u00ba \u2013 Agrishow 2025 &#187; Casale\",\"isPartOf\":{\"@id\":\"https:\/\/casale.com.br\/#website\"},\"datePublished\":\"2025-06-16T14:40:29+00:00\",\"dateModified\":\"2025-06-16T14:43:35+00:00\",\"breadcrumb\":{\"@id\":\"https:\/\/casale.com.br\/experiencia-360o-agrishow-2025\/#breadcrumb\"},\"inLanguage\":\"es\",\"potentialAction\":[{\"@type\":\"ReadAction\",\"target\":[\"https:\/\/casale.com.br\/experiencia-360o-agrishow-2025\/\"]}]},{\"@type\":\"BreadcrumbList\",\"@id\":\"https:\/\/casale.com.br\/experiencia-360o-agrishow-2025\/#breadcrumb\",\"itemListElement\":[{\"@type\":\"ListItem\",\"position\":1,\"name\":\"In\u00edcio\",\"item\":\"https:\/\/casale.com.br\/\"},{\"@type\":\"ListItem\",\"position\":2,\"name\":\"Experi\u00eancia 360\u00ba \u2013 Agrishow 2025\"}]},{\"@type\":\"WebSite\",\"@id\":\"https:\/\/casale.com.br\/#website\",\"url\":\"https:\/\/casale.com.br\/\",\"name\":\"Casale\",\"description\":\"As melhores solu\u00e7\u00f5es para pecu\u00e1ria\",\"potentialAction\":[{\"@type\":\"SearchAction\",\"target\":{\"@type\":\"EntryPoint\",\"urlTemplate\":\"https:\/\/casale.com.br\/?s={search_term_string}\"},\"query-input\":{\"@type\":\"PropertyValueSpecification\",\"valueRequired\":true,\"valueName\":\"search_term_string\"}}],\"inLanguage\":\"es\"}]}<\/script>\n<!-- \/ Yoast SEO plugin. -->","yoast_head_json":{"title":"Experi\u00eancia 360\u00ba \u2013 Agrishow 2025 &#187; Casale","robots":{"index":"index","follow":"follow","max-snippet":"max-snippet:-1","max-image-preview":"max-image-preview:large","max-video-preview":"max-video-preview:-1"},"canonical":"https:\/\/casale.com.br\/es\/experiencia-360o-agrishow-2025\/","og_locale":"es_ES","og_type":"article","og_title":"Experi\u00eancia 360\u00ba \u2013 Agrishow 2025 &#187; Casale","og_url":"https:\/\/casale.com.br\/es\/experiencia-360o-agrishow-2025\/","og_site_name":"Casale","article_modified_time":"2025-06-16T14:43:35+00:00","twitter_card":"summary_large_image","schema":{"@context":"https:\/\/schema.org","@graph":[{"@type":"WebPage","@id":"https:\/\/casale.com.br\/experiencia-360o-agrishow-2025\/","url":"https:\/\/casale.com.br\/experiencia-360o-agrishow-2025\/","name":"Experi\u00eancia 360\u00ba \u2013 Agrishow 2025 &#187; Casale","isPartOf":{"@id":"https:\/\/casale.com.br\/#website"},"datePublished":"2025-06-16T14:40:29+00:00","dateModified":"2025-06-16T14:43:35+00:00","breadcrumb":{"@id":"https:\/\/casale.com.br\/experiencia-360o-agrishow-2025\/#breadcrumb"},"inLanguage":"es","potentialAction":[{"@type":"ReadAction","target":["https:\/\/casale.com.br\/experiencia-360o-agrishow-2025\/"]}]},{"@type":"BreadcrumbList","@id":"https:\/\/casale.com.br\/experiencia-360o-agrishow-2025\/#breadcrumb","itemListElement":[{"@type":"ListItem","position":1,"name":"In\u00edcio","item":"https:\/\/casale.com.br\/"},{"@type":"ListItem","position":2,"name":"Experi\u00eancia 360\u00ba \u2013 Agrishow 2025"}]},{"@type":"WebSite","@id":"https:\/\/casale.com.br\/#website","url":"https:\/\/casale.com.br\/","name":"Casale","description":"As melhores solu\u00e7\u00f5es para pecu\u00e1ria","potentialAction":[{"@type":"SearchAction","target":{"@type":"EntryPoint","urlTemplate":"https:\/\/casale.com.br\/?s={search_term_string}"},"query-input":{"@type":"PropertyValueSpecification","valueRequired":true,"valueName":"search_term_string"}}],"inLanguage":"es"}]}},"_links":{"self":[{"href":"https:\/\/casale.com.br\/es\/wp-json\/wp\/v2\/pages\/7764"}],"collection":[{"href":"https:\/\/casale.com.br\/es\/wp-json\/wp\/v2\/pages"}],"about":[{"href":"https:\/\/casale.com.br\/es\/wp-json\/wp\/v2\/types\/page"}],"author":[{"embeddable":true,"href":"https:\/\/casale.com.br\/es\/wp-json\/wp\/v2\/users\/5"}],"replies":[{"embeddable":true,"href":"https:\/\/casale.com.br\/es\/wp-json\/wp\/v2\/comments?post=7764"}],"version-history":[{"count":8,"href":"https:\/\/casale.com.br\/es\/wp-json\/wp\/v2\/pages\/7764\/revisions"}],"predecessor-version":[{"id":7773,"href":"https:\/\/casale.com.br\/es\/wp-json\/wp\/v2\/pages\/7764\/revisions\/7773"}],"wp:attachment":[{"href":"https:\/\/casale.com.br\/es\/wp-json\/wp\/v2\/media?parent=7764"}],"curies":[{"name":"wp","href":"https:\/\/api.w.org\/{rel}","templated":true}]}}