{"id":5889,"date":"2024-07-29T10:37:14","date_gmt":"2024-07-29T13:37:14","guid":{"rendered":"https:\/\/casale.com.br\/?page_id=5889"},"modified":"2024-10-08T15:41:26","modified_gmt":"2024-10-08T18:41:26","slug":"pecas-genuinas","status":"publish","type":"page","link":"https:\/\/casale.com.br\/es\/pecas-genuinas\/","title":{"rendered":"Repuestos Genuinos"},"content":{"rendered":"<div data-elementor-type=\"wp-page\" data-elementor-id=\"5889\" class=\"elementor elementor-5889\" data-elementor-post-type=\"page\">\n\t\t\t\t<div class=\"elementor-element elementor-element-6cba959 e-con-full e-flex e-con e-parent\" data-id=\"6cba959\" data-element_type=\"container\">\n\t\t\t\t<div class=\"elementor-element elementor-element-4b97016 elementor-widget elementor-widget-image\" data-id=\"4b97016\" data-element_type=\"widget\" data-widget_type=\"image.default\">\n\t\t\t\t<div class=\"elementor-widget-container\">\n\t\t\t<style>\/*! elementor - v3.23.0 - 05-08-2024 *\/\n.elementor-widget-image{text-align:center}.elementor-widget-image a{display:inline-block}.elementor-widget-image a img[src$=\".svg\"]{width:48px}.elementor-widget-image img{vertical-align:middle;display:inline-block}<\/style>\t\t\t\t\t\t\t\t\t\t<img fetchpriority=\"high\" decoding=\"async\" width=\"1280\" height=\"333\" src=\"https:\/\/casale.com.br\/wp-content\/uploads\/2024\/09\/BANNER-PECAS.jpg\" class=\"attachment-full size-full wp-image-6778\" alt=\"\" srcset=\"https:\/\/casale.com.br\/wp-content\/uploads\/2024\/09\/BANNER-PECAS.jpg 1280w, https:\/\/casale.com.br\/wp-content\/uploads\/2024\/09\/BANNER-PECAS-980x255.jpg 980w, https:\/\/casale.com.br\/wp-content\/uploads\/2024\/09\/BANNER-PECAS-480x125.jpg 480w\" sizes=\"(min-width: 0px) and (max-width: 480px) 480px, (min-width: 481px) and (max-width: 980px) 980px, (min-width: 981px) 1280px, 100vw\" \/>\t\t\t\t\t\t\t\t\t\t\t\t\t<\/div>\n\t\t\t\t<\/div>\n\t\t\t\t<\/div>\n\t\t<div class=\"elementor-element elementor-element-b0c9009 e-flex e-con-boxed e-con e-parent\" data-id=\"b0c9009\" data-element_type=\"container\" data-settings=\"{&quot;background_background&quot;:&quot;classic&quot;}\">\n\t\t\t\t\t<div class=\"e-con-inner\">\n\t\t<div class=\"elementor-element elementor-element-5874689 e-con-full e-flex e-con e-child\" data-id=\"5874689\" data-element_type=\"container\">\n\t\t\t\t<div class=\"elementor-element elementor-element-de41460 elementor-widget__width-initial elementor-widget elementor-widget-heading\" data-id=\"de41460\" data-element_type=\"widget\" data-widget_type=\"heading.default\">\n\t\t\t\t<div class=\"elementor-widget-container\">\n\t\t\t<style>\/*! elementor - v3.23.0 - 05-08-2024 *\/\n.elementor-heading-title{padding:0;margin:0;line-height:1}.elementor-widget-heading .elementor-heading-title[class*=elementor-size-]>a{color:inherit;font-size:inherit;line-height:inherit}.elementor-widget-heading .elementor-heading-title.elementor-size-small{font-size:15px}.elementor-widget-heading .elementor-heading-title.elementor-size-medium{font-size:19px}.elementor-widget-heading .elementor-heading-title.elementor-size-large{font-size:29px}.elementor-widget-heading .elementor-heading-title.elementor-size-xl{font-size:39px}.elementor-widget-heading .elementor-heading-title.elementor-size-xxl{font-size:59px}<\/style><h2 class=\"elementor-heading-title elementor-size-default\">Encuentra Repuestos Cerca de Ti<\/h2>\t\t<\/div>\n\t\t\t\t<\/div>\n\t\t\t\t<div class=\"elementor-element elementor-element-cedadf0 elementor-widget__width-initial elementor-widget elementor-widget-heading\" data-id=\"cedadf0\" data-element_type=\"widget\" data-widget_type=\"heading.default\">\n\t\t\t\t<div class=\"elementor-widget-container\">\n\t\t\t<h4 class=\"elementor-heading-title elementor-size-default\">Seleccione un estado en el mapa<\/h4>\t\t<\/div>\n\t\t\t\t<\/div>\n\t\t\t\t<div class=\"elementor-element elementor-element-7b51368 elementor-widget__width-initial elementor-widget elementor-widget-heading\" data-id=\"7b51368\" data-element_type=\"widget\" data-widget_type=\"heading.default\">\n\t\t\t\t<div class=\"elementor-widget-container\">\n\t\t\t<p class=\"elementor-heading-title elementor-size-default\">Seleccione su estado y ciudad para obtener informaci\u00f3n de contacto.<\/p>\t\t<\/div>\n\t\t\t\t<\/div>\n\t\t\t\t<div class=\"elementor-element elementor-element-e2849af elementor-widget__width-inherit elementor-widget elementor-widget-html\" data-id=\"e2849af\" data-element_type=\"widget\" data-widget_type=\"html.default\">\n\t\t\t\t<div class=\"elementor-widget-container\">\n\t\t\t<div class=\"\">\n  <div class=\"row mt-3 inverter-mapa\" style=\"display: flex; justify-content: center;\">\n\n    <div class=\"col-md-4 col-12\" style=\"text-align: center; display: grid; place-items: center;\">\n\n    <div class=\"col-md-8 col-12 classmapa\">\n      <div id=\"regions_div\"><\/div>\n    <\/div>\n\n      <select id=\"seletorCombo\" style=\"text-align: center; max-width: 80%; background-color: #fff; border-radius: 10px; \">\n        <option>Selecione um Estado no Mapa<\/option>\n      <\/select>\n\n      <h4 style=\"margin-top:40px; text-transform: none;\"><span id=\"estado\"><\/span>\n        <\/h4>\n    \n          <div id=\"dadosLojas\" style=\"text-transform:none !important;\">\n\n          <\/div>\n          <ul id=\"listaCidades\" class=\"list-group\" style=\"text-align: left;\">\n\n          <\/ul>\n    <\/div>\n  <\/div>\n<\/div>\n\t\t<\/div>\n\t\t\t\t<\/div>\n\t\t\t\t<\/div>\n\t\t\t\t\t<\/div>\n\t\t\t\t<\/div>\n\t\t<div class=\"elementor-element elementor-element-da4c64f e-flex e-con-boxed e-con e-parent\" data-id=\"da4c64f\" data-element_type=\"container\">\n\t\t\t\t\t<div class=\"e-con-inner\">\n\t\t<div class=\"elementor-element elementor-element-9cc5f14 e-con-full e-flex e-con e-child\" data-id=\"9cc5f14\" data-element_type=\"container\">\n\t\t\t\t<div class=\"elementor-element elementor-element-7b35eb6 elementor-widget elementor-widget-image\" data-id=\"7b35eb6\" data-element_type=\"widget\" data-widget_type=\"image.default\">\n\t\t\t\t<div class=\"elementor-widget-container\">\n\t\t\t\t\t\t\t\t\t\t\t\t\t<img decoding=\"async\" src=\"https:\/\/casale.com.br\/wp-content\/uploads\/elementor\/thumbs\/Pecas-Genuinas-Imagem-qtobo6uzinnbl8hdrnilkfiatbyf2ccjg4wcmb8lf4.jpg\" title=\"Pe\u00e7as Genu\u00ednas &#8211; Imagem\" alt=\"Pe\u00e7as Genu\u00ednas - Imagem\" loading=\"lazy\" \/>\t\t\t\t\t\t\t\t\t\t\t\t\t<\/div>\n\t\t\t\t<\/div>\n\t\t\t\t<\/div>\n\t\t<div class=\"elementor-element elementor-element-2443de3 e-con-full e-flex e-con e-child\" data-id=\"2443de3\" data-element_type=\"container\" data-settings=\"{&quot;background_background&quot;:&quot;classic&quot;}\">\n\t\t\t\t<div class=\"elementor-element elementor-element-70f79d7 elementor-widget__width-initial elementor-widget elementor-widget-heading\" data-id=\"70f79d7\" data-element_type=\"widget\" data-widget_type=\"heading.default\">\n\t\t\t\t<div class=\"elementor-widget-container\">\n\t\t\t<h2 class=\"elementor-heading-title elementor-size-default\">Repuestos Genuinos<\/h2>\t\t<\/div>\n\t\t\t\t<\/div>\n\t\t\t\t<div class=\"elementor-element elementor-element-49598c9 elementor-widget__width-initial elementor-widget elementor-widget-text-editor\" data-id=\"49598c9\" data-element_type=\"widget\" data-widget_type=\"text-editor.default\">\n\t\t\t\t<div class=\"elementor-widget-container\">\n\t\t\t<style>\/*! elementor - v3.23.0 - 05-08-2024 *\/\n.elementor-widget-text-editor.elementor-drop-cap-view-stacked .elementor-drop-cap{background-color:#69727d;color:#fff}.elementor-widget-text-editor.elementor-drop-cap-view-framed .elementor-drop-cap{color:#69727d;border:3px solid;background-color:transparent}.elementor-widget-text-editor:not(.elementor-drop-cap-view-default) .elementor-drop-cap{margin-top:8px}.elementor-widget-text-editor:not(.elementor-drop-cap-view-default) .elementor-drop-cap-letter{width:1em;height:1em}.elementor-widget-text-editor .elementor-drop-cap{float:left;text-align:center;line-height:1;font-size:50px}.elementor-widget-text-editor .elementor-drop-cap-letter{display:inline-block}<\/style>\t\t\t\t<p>En la ganader\u00eda, no solo la confiabilidad de la maquinaria es esencial para el \u00e9xito diario. El uso de repuestos de mala calidad compromete el funcionamiento y la durabilidad de los equipos, provocando fallas, tiempos de inactividad y altos costos de mantenimiento. Estas interrupciones afectan negativamente la productividad y la eficiencia, poniendo en riesgo los resultados del negocio.<\/p>\t\t\t\t\t\t<\/div>\n\t\t\t\t<\/div>\n\t\t\t\t<\/div>\n\t\t\t\t\t<\/div>\n\t\t\t\t<\/div>\n\t\t<div class=\"elementor-element elementor-element-4aa92a7 e-flex e-con-boxed e-con e-parent\" data-id=\"4aa92a7\" data-element_type=\"container\" data-settings=\"{&quot;background_background&quot;:&quot;classic&quot;}\">\n\t\t\t\t\t<div class=\"e-con-inner\">\n\t\t<div class=\"elementor-element elementor-element-b439a13 e-con-full e-flex e-con e-child\" data-id=\"b439a13\" data-element_type=\"container\" data-settings=\"{&quot;background_background&quot;:&quot;classic&quot;}\">\n\t\t\t\t<div class=\"elementor-element elementor-element-9020a23 elementor-widget__width-initial elementor-widget elementor-widget-heading\" data-id=\"9020a23\" data-element_type=\"widget\" data-widget_type=\"heading.default\">\n\t\t\t\t<div class=\"elementor-widget-container\">\n\t\t\t<h3 class=\"elementor-heading-title elementor-size-default\">Confiabilidad para la Ganader\u00eda<\/h3>\t\t<\/div>\n\t\t\t\t<\/div>\n\t\t\t\t<div class=\"elementor-element elementor-element-07f80a3 elementor-widget__width-initial elementor-widget elementor-widget-text-editor\" data-id=\"07f80a3\" data-element_type=\"widget\" data-widget_type=\"text-editor.default\">\n\t\t\t\t<div class=\"elementor-widget-container\">\n\t\t\t\t\t\t\t<p>Con los repuestos genuinos de Casale, tu equipo opera con su rendimiento y eficiencia originales. Dise\u00f1ados y probados con los m\u00e1s altos est\u00e1ndares de calidad, garantizan la confiabilidad que necesitas para mantener tu operaci\u00f3n ganadera funcionando sin problemas.<\/p>\t\t\t\t\t\t<\/div>\n\t\t\t\t<\/div>\n\t\t\t\t<\/div>\n\t\t<div class=\"elementor-element elementor-element-3ff4670 e-con-full e-flex e-con e-child\" data-id=\"3ff4670\" data-element_type=\"container\">\n\t\t\t\t<div class=\"elementor-element elementor-element-f2ee9a2 elementor-widget elementor-widget-image\" data-id=\"f2ee9a2\" data-element_type=\"widget\" data-widget_type=\"image.default\">\n\t\t\t\t<div class=\"elementor-widget-container\">\n\t\t\t\t\t\t\t\t\t\t\t\t\t<img decoding=\"async\" src=\"https:\/\/casale.com.br\/wp-content\/uploads\/elementor\/thumbs\/Confiabilidade-para-Pecuaria-qtjd0fdh2l1qswz7qzkjoyp80rashhoy5v1mcdofhs.jpg\" title=\"Confiabilidad para la Ganader\u00eda\" alt=\"Confiabilidade para Pecu\u00e1ria\" loading=\"lazy\" \/>\t\t\t\t\t\t\t\t\t\t\t\t\t<\/div>\n\t\t\t\t<\/div>\n\t\t\t\t<\/div>\n\t\t\t\t\t<\/div>\n\t\t\t\t<\/div>\n\t\t<div class=\"elementor-element elementor-element-520649e e-flex e-con-boxed e-con e-parent\" data-id=\"520649e\" data-element_type=\"container\">\n\t\t\t\t\t<div class=\"e-con-inner\">\n\t\t<div class=\"elementor-element elementor-element-2c4beec e-con-full e-flex e-con e-child\" data-id=\"2c4beec\" data-element_type=\"container\">\n\t\t\t\t<div class=\"elementor-element elementor-element-ddba030 elementor-widget elementor-widget-image\" data-id=\"ddba030\" data-element_type=\"widget\" data-widget_type=\"image.default\">\n\t\t\t\t<div class=\"elementor-widget-container\">\n\t\t\t\t\t\t\t\t\t\t\t\t\t<img decoding=\"async\" src=\"https:\/\/casale.com.br\/wp-content\/uploads\/elementor\/thumbs\/Centro-de-Distribuicao-qtjczup0w89fpht93qmr63x2ya4ps5eur0oxsaj3ao.jpg\" title=\"Centro de Distribuci\u00f3n\" alt=\"Centro de Distribui\u00e7\u00e3o\" loading=\"lazy\" \/>\t\t\t\t\t\t\t\t\t\t\t\t\t<\/div>\n\t\t\t\t<\/div>\n\t\t\t\t<\/div>\n\t\t<div class=\"elementor-element elementor-element-e73a9a8 e-con-full e-flex e-con e-child\" data-id=\"e73a9a8\" data-element_type=\"container\" data-settings=\"{&quot;background_background&quot;:&quot;classic&quot;}\">\n\t\t\t\t<div class=\"elementor-element elementor-element-6fe2100 elementor-widget__width-initial elementor-widget elementor-widget-heading\" data-id=\"6fe2100\" data-element_type=\"widget\" data-widget_type=\"heading.default\">\n\t\t\t\t<div class=\"elementor-widget-container\">\n\t\t\t<h2 class=\"elementor-heading-title elementor-size-default\">Centro de Distribuci\u00f3n <\/h2>\t\t<\/div>\n\t\t\t\t<\/div>\n\t\t\t\t<div class=\"elementor-element elementor-element-5ccdeba elementor-widget__width-initial elementor-widget elementor-widget-text-editor\" data-id=\"5ccdeba\" data-element_type=\"widget\" data-widget_type=\"text-editor.default\">\n\t\t\t\t<div class=\"elementor-widget-container\">\n\t\t\t\t\t\t\t<p>En la ganader\u00eda, el reemplazo r\u00e1pido de repuestos es esencial para minimizar el tiempo de inactividad de los equipos. Sin un sistema de distribuci\u00f3n eficiente, la entrega de repuestos puede retrasarse, comprometiendo la continuidad de las operaciones. La entrega retrasada puede resultar en p\u00e9rdida de tiempo, productividad y costos adicionales debido a tiempos de inactividad inesperados.<\/p>\t\t\t\t\t\t<\/div>\n\t\t\t\t<\/div>\n\t\t\t\t<\/div>\n\t\t\t\t\t<\/div>\n\t\t\t\t<\/div>\n\t\t<div class=\"elementor-element elementor-element-2f75317 e-flex e-con-boxed e-con e-parent\" data-id=\"2f75317\" data-element_type=\"container\" data-settings=\"{&quot;background_background&quot;:&quot;classic&quot;}\">\n\t\t\t\t\t<div class=\"e-con-inner\">\n\t\t<div class=\"elementor-element elementor-element-1991329 e-con-full e-flex e-con e-child\" data-id=\"1991329\" data-element_type=\"container\" data-settings=\"{&quot;background_background&quot;:&quot;classic&quot;}\">\n\t\t\t\t<div class=\"elementor-element elementor-element-cb61a6b elementor-widget__width-initial elementor-widget elementor-widget-heading\" data-id=\"cb61a6b\" data-element_type=\"widget\" data-widget_type=\"heading.default\">\n\t\t\t\t<div class=\"elementor-widget-container\">\n\t\t\t<h3 class=\"elementor-heading-title elementor-size-default\">Reemplazo \u00c1gil<\/h3>\t\t<\/div>\n\t\t\t\t<\/div>\n\t\t\t\t<div class=\"elementor-element elementor-element-076f5f7 elementor-widget__width-initial elementor-widget elementor-widget-text-editor\" data-id=\"076f5f7\" data-element_type=\"widget\" data-widget_type=\"text-editor.default\">\n\t\t\t\t<div class=\"elementor-widget-container\">\n\t\t\t\t\t\t\tEl Centro de Distribuci\u00f3n de Repuestos de Casale est\u00e1 ubicado estrat\u00e9gicamente y cuenta con un sistema log\u00edstico avanzado. Nuestra s\u00f3lida estructura y personal dedicado garantizan que las piezas lleguen a usted r\u00e1pidamente, satisfaciendo sus necesidades de reemplazo y manteniendo su operaci\u00f3n funcionando sin problemas.\t\t\t\t\t\t<\/div>\n\t\t\t\t<\/div>\n\t\t\t\t<\/div>\n\t\t<div class=\"elementor-element elementor-element-7111777 e-con-full e-flex e-con e-child\" data-id=\"7111777\" data-element_type=\"container\">\n\t\t\t\t<div class=\"elementor-element elementor-element-48b1007 elementor-widget elementor-widget-image\" data-id=\"48b1007\" data-element_type=\"widget\" data-widget_type=\"image.default\">\n\t\t\t\t<div class=\"elementor-widget-container\">\n\t\t\t\t\t\t\t\t\t\t\t\t\t<img decoding=\"async\" src=\"https:\/\/casale.com.br\/wp-content\/uploads\/elementor\/thumbs\/Agilidade-na-Reposicao-qtjczbw93jjp9akk5ii7s8nv2kpdi7c80fn86rayr4.jpg\" title=\"Reemplazo \u00c1gil\" alt=\"Agilidade na Reposi\u00e7\u00e3o\" loading=\"lazy\" \/>\t\t\t\t\t\t\t\t\t\t\t\t\t<\/div>\n\t\t\t\t<\/div>\n\t\t\t\t<\/div>\n\t\t\t\t\t<\/div>\n\t\t\t\t<\/div>\n\t\t\t\t<\/div>","protected":false},"excerpt":{"rendered":"<p>Encontre Pe\u00e7as Perto de Voc\u00ea Selecione um estado no mapa Selecione seu estado e munic\u00edpio para obter informa\u00e7\u00f5es de contato. Selecione um Estado no Mapa Pe\u00e7as Genu\u00ednas Na pecu\u00e1ria, n\u00e3o [&hellip;]<\/p>","protected":false},"author":5,"featured_media":0,"parent":0,"menu_order":0,"comment_status":"closed","ping_status":"closed","template":"elementor_header_footer","meta":{"_et_pb_use_builder":"off","_et_pb_old_content":"","_et_gb_content_width":"","_joinchat":[],"footnotes":""},"class_list":["post-5889","page","type-page","status-publish","hentry"],"yoast_head":"<!-- This site is optimized with the Yoast SEO plugin v23.4 - https:\/\/yoast.com\/wordpress\/plugins\/seo\/ -->\n<title>Pe\u00e7as Genu\u00ednas &#187; Casale<\/title>\n<meta name=\"robots\" content=\"index, follow, max-snippet:-1, max-image-preview:large, max-video-preview:-1\" \/>\n<link rel=\"canonical\" href=\"https:\/\/casale.com.br\/es\/pecas-genuinas\/\" \/>\n<meta property=\"og:locale\" content=\"es_ES\" \/>\n<meta property=\"og:type\" content=\"article\" \/>\n<meta property=\"og:title\" content=\"Pe\u00e7as Genu\u00ednas &#187; Casale\" \/>\n<meta property=\"og:description\" content=\"Encontre Pe\u00e7as Perto de Voc\u00ea Selecione um estado no mapa Selecione seu estado e munic\u00edpio para obter informa\u00e7\u00f5es de contato. Selecione um Estado no Mapa Pe\u00e7as Genu\u00ednas Na pecu\u00e1ria, n\u00e3o [&hellip;]\" \/>\n<meta property=\"og:url\" content=\"https:\/\/casale.com.br\/es\/pecas-genuinas\/\" \/>\n<meta property=\"og:site_name\" content=\"Casale\" \/>\n<meta property=\"article:modified_time\" content=\"2024-10-08T18:41:26+00:00\" \/>\n<meta property=\"og:image\" content=\"https:\/\/casale.com.br\/wp-content\/uploads\/2024\/09\/BANNER-PECAS.jpg\" \/>\n<meta name=\"twitter:card\" content=\"summary_large_image\" \/>\n<meta name=\"twitter:label1\" content=\"Tiempo de lectura\" \/>\n\t<meta name=\"twitter:data1\" content=\"3 minutos\" \/>\n<script type=\"application\/ld+json\" class=\"yoast-schema-graph\">{\"@context\":\"https:\/\/schema.org\",\"@graph\":[{\"@type\":\"WebPage\",\"@id\":\"https:\/\/casale.com.br\/pecas-genuinas\/\",\"url\":\"https:\/\/casale.com.br\/pecas-genuinas\/\",\"name\":\"Pe\u00e7as Genu\u00ednas &#187; Casale\",\"isPartOf\":{\"@id\":\"https:\/\/casale.com.br\/#website\"},\"primaryImageOfPage\":{\"@id\":\"https:\/\/casale.com.br\/pecas-genuinas\/#primaryimage\"},\"image\":{\"@id\":\"https:\/\/casale.com.br\/pecas-genuinas\/#primaryimage\"},\"thumbnailUrl\":\"https:\/\/casale.com.br\/wp-content\/uploads\/2024\/09\/BANNER-PECAS.jpg\",\"datePublished\":\"2024-07-29T13:37:14+00:00\",\"dateModified\":\"2024-10-08T18:41:26+00:00\",\"breadcrumb\":{\"@id\":\"https:\/\/casale.com.br\/pecas-genuinas\/#breadcrumb\"},\"inLanguage\":\"es\",\"potentialAction\":[{\"@type\":\"ReadAction\",\"target\":[\"https:\/\/casale.com.br\/pecas-genuinas\/\"]}]},{\"@type\":\"ImageObject\",\"inLanguage\":\"es\",\"@id\":\"https:\/\/casale.com.br\/pecas-genuinas\/#primaryimage\",\"url\":\"https:\/\/casale.com.br\/wp-content\/uploads\/2024\/09\/BANNER-PECAS.jpg\",\"contentUrl\":\"https:\/\/casale.com.br\/wp-content\/uploads\/2024\/09\/BANNER-PECAS.jpg\"},{\"@type\":\"BreadcrumbList\",\"@id\":\"https:\/\/casale.com.br\/pecas-genuinas\/#breadcrumb\",\"itemListElement\":[{\"@type\":\"ListItem\",\"position\":1,\"name\":\"In\u00edcio\",\"item\":\"https:\/\/casale.com.br\/\"},{\"@type\":\"ListItem\",\"position\":2,\"name\":\"Pe\u00e7as Genu\u00ednas\"}]},{\"@type\":\"WebSite\",\"@id\":\"https:\/\/casale.com.br\/#website\",\"url\":\"https:\/\/casale.com.br\/\",\"name\":\"Casale\",\"description\":\"As melhores solu\u00e7\u00f5es para pecu\u00e1ria\",\"potentialAction\":[{\"@type\":\"SearchAction\",\"target\":{\"@type\":\"EntryPoint\",\"urlTemplate\":\"https:\/\/casale.com.br\/?s={search_term_string}\"},\"query-input\":{\"@type\":\"PropertyValueSpecification\",\"valueRequired\":true,\"valueName\":\"search_term_string\"}}],\"inLanguage\":\"es\"}]}<\/script>\n<!-- \/ Yoast SEO plugin. -->","yoast_head_json":{"title":"Pe\u00e7as Genu\u00ednas &#187; Casale","robots":{"index":"index","follow":"follow","max-snippet":"max-snippet:-1","max-image-preview":"max-image-preview:large","max-video-preview":"max-video-preview:-1"},"canonical":"https:\/\/casale.com.br\/es\/pecas-genuinas\/","og_locale":"es_ES","og_type":"article","og_title":"Pe\u00e7as Genu\u00ednas &#187; Casale","og_description":"Encontre Pe\u00e7as Perto de Voc\u00ea Selecione um estado no mapa Selecione seu estado e munic\u00edpio para obter informa\u00e7\u00f5es de contato. Selecione um Estado no Mapa Pe\u00e7as Genu\u00ednas Na pecu\u00e1ria, n\u00e3o [&hellip;]","og_url":"https:\/\/casale.com.br\/es\/pecas-genuinas\/","og_site_name":"Casale","article_modified_time":"2024-10-08T18:41:26+00:00","og_image":[{"url":"https:\/\/casale.com.br\/wp-content\/uploads\/2024\/09\/BANNER-PECAS.jpg"}],"twitter_card":"summary_large_image","twitter_misc":{"Tiempo de lectura":"3 minutos"},"schema":{"@context":"https:\/\/schema.org","@graph":[{"@type":"WebPage","@id":"https:\/\/casale.com.br\/pecas-genuinas\/","url":"https:\/\/casale.com.br\/pecas-genuinas\/","name":"Pe\u00e7as Genu\u00ednas &#187; Casale","isPartOf":{"@id":"https:\/\/casale.com.br\/#website"},"primaryImageOfPage":{"@id":"https:\/\/casale.com.br\/pecas-genuinas\/#primaryimage"},"image":{"@id":"https:\/\/casale.com.br\/pecas-genuinas\/#primaryimage"},"thumbnailUrl":"https:\/\/casale.com.br\/wp-content\/uploads\/2024\/09\/BANNER-PECAS.jpg","datePublished":"2024-07-29T13:37:14+00:00","dateModified":"2024-10-08T18:41:26+00:00","breadcrumb":{"@id":"https:\/\/casale.com.br\/pecas-genuinas\/#breadcrumb"},"inLanguage":"es","potentialAction":[{"@type":"ReadAction","target":["https:\/\/casale.com.br\/pecas-genuinas\/"]}]},{"@type":"ImageObject","inLanguage":"es","@id":"https:\/\/casale.com.br\/pecas-genuinas\/#primaryimage","url":"https:\/\/casale.com.br\/wp-content\/uploads\/2024\/09\/BANNER-PECAS.jpg","contentUrl":"https:\/\/casale.com.br\/wp-content\/uploads\/2024\/09\/BANNER-PECAS.jpg"},{"@type":"BreadcrumbList","@id":"https:\/\/casale.com.br\/pecas-genuinas\/#breadcrumb","itemListElement":[{"@type":"ListItem","position":1,"name":"In\u00edcio","item":"https:\/\/casale.com.br\/"},{"@type":"ListItem","position":2,"name":"Pe\u00e7as Genu\u00ednas"}]},{"@type":"WebSite","@id":"https:\/\/casale.com.br\/#website","url":"https:\/\/casale.com.br\/","name":"Casale","description":"As melhores solu\u00e7\u00f5es para pecu\u00e1ria","potentialAction":[{"@type":"SearchAction","target":{"@type":"EntryPoint","urlTemplate":"https:\/\/casale.com.br\/?s={search_term_string}"},"query-input":{"@type":"PropertyValueSpecification","valueRequired":true,"valueName":"search_term_string"}}],"inLanguage":"es"}]}},"_links":{"self":[{"href":"https:\/\/casale.com.br\/es\/wp-json\/wp\/v2\/pages\/5889"}],"collection":[{"href":"https:\/\/casale.com.br\/es\/wp-json\/wp\/v2\/pages"}],"about":[{"href":"https:\/\/casale.com.br\/es\/wp-json\/wp\/v2\/types\/page"}],"author":[{"embeddable":true,"href":"https:\/\/casale.com.br\/es\/wp-json\/wp\/v2\/users\/5"}],"replies":[{"embeddable":true,"href":"https:\/\/casale.com.br\/es\/wp-json\/wp\/v2\/comments?post=5889"}],"version-history":[{"count":160,"href":"https:\/\/casale.com.br\/es\/wp-json\/wp\/v2\/pages\/5889\/revisions"}],"predecessor-version":[{"id":7247,"href":"https:\/\/casale.com.br\/es\/wp-json\/wp\/v2\/pages\/5889\/revisions\/7247"}],"wp:attachment":[{"href":"https:\/\/casale.com.br\/es\/wp-json\/wp\/v2\/media?parent=5889"}],"curies":[{"name":"wp","href":"https:\/\/api.w.org\/{rel}","templated":true}]}}