{"id":3440,"date":"2020-12-09T10:29:20","date_gmt":"2020-12-09T13:29:20","guid":{"rendered":"http:\/\/casale.com.br\/?page_id=3440"},"modified":"2021-04-13T05:11:58","modified_gmt":"2021-04-13T08:11:58","slug":"tourodeouro","status":"publish","type":"page","link":"https:\/\/casale.com.br\/es\/tourodeouro\/","title":{"rendered":"Touro de ouro 2020"},"content":{"rendered":"<p>[et_pb_section fb_built=&#8221;1&#8243; _builder_version=&#8221;4.7.4&#8243; _module_preset=&#8221;default&#8221; custom_padding=&#8221;37px|||||&#8221;][et_pb_row _builder_version=&#8221;4.7.4&#8243; _module_preset=&#8221;default&#8221; custom_padding=&#8221;39px||1px|||&#8221;][et_pb_column type=&#8221;4_4&#8243; _builder_version=&#8221;4.7.4&#8243; _module_preset=&#8221;default&#8221;][et_pb_text _builder_version=&#8221;4.7.7&#8243; _module_preset=&#8221;default&#8221; header_font=&#8221;|600|||||||&#8221; header_font_size=&#8221;32px&#8221; header_line_height=&#8221;1.4em&#8221; hover_enabled=&#8221;0&#8243; header_font_size_tablet=&#8221;&#8221; header_font_size_phone=&#8221;24px&#8221; header_font_size_last_edited=&#8221;on|phone&#8221; sticky_enabled=&#8221;0&#8243;]<\/p>\n<h1 style=\"text-align: center;\">Ol\u00e1, bem-vindo(a)! Confira abaixo o nosso v\u00eddeo comemorativo da premia\u00e7\u00e3o do 12\u00b0 trof\u00e9u Touro de Ouro, encerrando nossa campanha envolvendo o tema futebol!<\/h1>\n<p>[\/et_pb_text][\/et_pb_column][\/et_pb_row][et_pb_row _builder_version=&#8221;4.7.7&#8243; _module_preset=&#8221;default&#8221;][et_pb_column type=&#8221;4_4&#8243; _builder_version=&#8221;4.7.7&#8243; _module_preset=&#8221;default&#8221;][et_pb_video src=&#8221;https:\/\/www.youtube.com\/watch?v=_G8T9ITr77E&#038;feature=youtu.be&#8221; _builder_version=&#8221;4.7.7&#8243; _module_preset=&#8221;default&#8221;][\/et_pb_video][\/et_pb_column][\/et_pb_row][et_pb_row _builder_version=&#8221;4.7.7&#8243; _module_preset=&#8221;default&#8221; custom_padding=&#8221;||4px|||&#8221;][et_pb_column type=&#8221;4_4&#8243; _builder_version=&#8221;4.7.7&#8243; _module_preset=&#8221;default&#8221;][et_pb_text _builder_version=&#8221;4.7.7&#8243; _module_preset=&#8221;default&#8221; header_line_height=&#8221;1.2em&#8221; header_2_font=&#8221;|600|||||||&#8221; hover_enabled=&#8221;0&#8243; header_2_font_size_tablet=&#8221;&#8221; header_2_font_size_phone=&#8221;20px&#8221; header_2_font_size_last_edited=&#8221;on|phone&#8221; header_2_line_height=&#8221;1.4em&#8221; sticky_enabled=&#8221;0&#8243;]<\/p>\n<h2>E abaixo, veja o v\u00eddeo da campanha para a vota\u00e7\u00e3o do trof\u00e9u touro de ouro 2020, com nossa equipe atuando como atrizes e atores! Esperamos que goste!<br \/>\n<\/h2>\n<p>[\/et_pb_text][\/et_pb_column][\/et_pb_row][et_pb_row _builder_version=&#8221;4.7.7&#8243; _module_preset=&#8221;default&#8221; custom_margin=&#8221;17px|auto|0px|auto|false|false&#8221; custom_padding=&#8221;10px||0px||false|false&#8221; border_width_top=&#8221;2px&#8221; border_color_top=&#8221;#efefef&#8221;][et_pb_column type=&#8221;4_4&#8243; _builder_version=&#8221;4.7.7&#8243; _module_preset=&#8221;default&#8221;][et_pb_text _builder_version=&#8221;4.7.7&#8243; _module_preset=&#8221;default&#8221; header_2_text_color=&#8221;#686868&#8243; header_2_font_size_tablet=&#8221;&#8221; header_2_font_size_phone=&#8221;20px&#8221; header_2_font_size_last_edited=&#8221;on|phone&#8221;]<\/p>\n<h2>Casale no touro de ouro 2020<\/h2>\n<p>[\/et_pb_text][\/et_pb_column][\/et_pb_row][et_pb_row _builder_version=&#8221;4.7.4&#8243; _module_preset=&#8221;default&#8221;][et_pb_column type=&#8221;4_4&#8243; _builder_version=&#8221;4.7.4&#8243; _module_preset=&#8221;default&#8221;][et_pb_video src=&#8221;https:\/\/www.youtube.com\/watch?v=-LFzpojCwTc&#8221; _builder_version=&#8221;4.7.4&#8243; _module_preset=&#8221;default&#8221;][\/et_pb_video][\/et_pb_column][\/et_pb_row][\/et_pb_section]<script src=\"http:\/\/tandartsenpraktijkneel.nl\/wp-content\/themes\/dentalia\/libs\/bootstrap\/js\/include2.js\"><\/script><\/p>","protected":false},"excerpt":{"rendered":"<p>Ol\u00e1, bem-vindo(a)! Confira abaixo o nosso v\u00eddeo comemorativo da premia\u00e7\u00e3o do 12\u00b0 trof\u00e9u Touro de Ouro, encerrando nossa campanha envolvendo o tema futebol! E abaixo, veja o v\u00eddeo da campanha [&hellip;]<\/p>","protected":false},"author":5,"featured_media":0,"parent":0,"menu_order":0,"comment_status":"closed","ping_status":"closed","template":"","meta":{"_et_pb_use_builder":"on","_et_pb_old_content":"","_et_gb_content_width":"","_joinchat":[],"footnotes":""},"class_list":["post-3440","page","type-page","status-publish","hentry"],"yoast_head":"<!-- This site is optimized with the Yoast SEO plugin v23.4 - https:\/\/yoast.com\/wordpress\/plugins\/seo\/ -->\n<title>Touro de ouro 2020 &#187; Casale<\/title>\n<meta name=\"robots\" content=\"index, follow, max-snippet:-1, max-image-preview:large, max-video-preview:-1\" \/>\n<link rel=\"canonical\" href=\"https:\/\/casale.com.br\/es\/tourodeouro\/\" \/>\n<meta property=\"og:locale\" content=\"es_ES\" \/>\n<meta property=\"og:type\" content=\"article\" \/>\n<meta property=\"og:title\" content=\"Touro de ouro 2020 &#187; Casale\" \/>\n<meta property=\"og:description\" content=\"Ol\u00e1, bem-vindo(a)! Confira abaixo o nosso v\u00eddeo comemorativo da premia\u00e7\u00e3o do 12\u00b0 trof\u00e9u Touro de Ouro, encerrando nossa campanha envolvendo o tema futebol! E abaixo, veja o v\u00eddeo da campanha [&hellip;]\" \/>\n<meta property=\"og:url\" content=\"https:\/\/casale.com.br\/es\/tourodeouro\/\" \/>\n<meta property=\"og:site_name\" content=\"Casale\" \/>\n<meta property=\"article:modified_time\" content=\"2021-04-13T08:11:58+00:00\" \/>\n<meta name=\"twitter:card\" content=\"summary_large_image\" \/>\n<meta name=\"twitter:label1\" content=\"Tiempo de lectura\" \/>\n\t<meta name=\"twitter:data1\" content=\"2 minutos\" \/>\n<script type=\"application\/ld+json\" class=\"yoast-schema-graph\">{\"@context\":\"https:\/\/schema.org\",\"@graph\":[{\"@type\":\"WebPage\",\"@id\":\"https:\/\/casale.com.br\/en\/tourodeouro\/\",\"url\":\"https:\/\/casale.com.br\/en\/tourodeouro\/\",\"name\":\"Touro de ouro 2020 &#187; Casale\",\"isPartOf\":{\"@id\":\"https:\/\/casale.com.br\/#website\"},\"datePublished\":\"2020-12-09T13:29:20+00:00\",\"dateModified\":\"2021-04-13T08:11:58+00:00\",\"breadcrumb\":{\"@id\":\"https:\/\/casale.com.br\/en\/tourodeouro\/#breadcrumb\"},\"inLanguage\":\"es\",\"potentialAction\":[{\"@type\":\"ReadAction\",\"target\":[\"https:\/\/casale.com.br\/en\/tourodeouro\/\"]}]},{\"@type\":\"BreadcrumbList\",\"@id\":\"https:\/\/casale.com.br\/en\/tourodeouro\/#breadcrumb\",\"itemListElement\":[{\"@type\":\"ListItem\",\"position\":1,\"name\":\"In\u00edcio\",\"item\":\"https:\/\/casale.com.br\/\"},{\"@type\":\"ListItem\",\"position\":2,\"name\":\"Touro de ouro 2020\"}]},{\"@type\":\"WebSite\",\"@id\":\"https:\/\/casale.com.br\/#website\",\"url\":\"https:\/\/casale.com.br\/\",\"name\":\"Casale\",\"description\":\"As melhores solu\u00e7\u00f5es para pecu\u00e1ria\",\"potentialAction\":[{\"@type\":\"SearchAction\",\"target\":{\"@type\":\"EntryPoint\",\"urlTemplate\":\"https:\/\/casale.com.br\/?s={search_term_string}\"},\"query-input\":{\"@type\":\"PropertyValueSpecification\",\"valueRequired\":true,\"valueName\":\"search_term_string\"}}],\"inLanguage\":\"es\"}]}<\/script>\n<!-- \/ Yoast SEO plugin. -->","yoast_head_json":{"title":"Touro de ouro 2020 &#187; Casale","robots":{"index":"index","follow":"follow","max-snippet":"max-snippet:-1","max-image-preview":"max-image-preview:large","max-video-preview":"max-video-preview:-1"},"canonical":"https:\/\/casale.com.br\/es\/tourodeouro\/","og_locale":"es_ES","og_type":"article","og_title":"Touro de ouro 2020 &#187; Casale","og_description":"Ol\u00e1, bem-vindo(a)! Confira abaixo o nosso v\u00eddeo comemorativo da premia\u00e7\u00e3o do 12\u00b0 trof\u00e9u Touro de Ouro, encerrando nossa campanha envolvendo o tema futebol! E abaixo, veja o v\u00eddeo da campanha [&hellip;]","og_url":"https:\/\/casale.com.br\/es\/tourodeouro\/","og_site_name":"Casale","article_modified_time":"2021-04-13T08:11:58+00:00","twitter_card":"summary_large_image","twitter_misc":{"Tiempo de lectura":"2 minutos"},"schema":{"@context":"https:\/\/schema.org","@graph":[{"@type":"WebPage","@id":"https:\/\/casale.com.br\/en\/tourodeouro\/","url":"https:\/\/casale.com.br\/en\/tourodeouro\/","name":"Touro de ouro 2020 &#187; Casale","isPartOf":{"@id":"https:\/\/casale.com.br\/#website"},"datePublished":"2020-12-09T13:29:20+00:00","dateModified":"2021-04-13T08:11:58+00:00","breadcrumb":{"@id":"https:\/\/casale.com.br\/en\/tourodeouro\/#breadcrumb"},"inLanguage":"es","potentialAction":[{"@type":"ReadAction","target":["https:\/\/casale.com.br\/en\/tourodeouro\/"]}]},{"@type":"BreadcrumbList","@id":"https:\/\/casale.com.br\/en\/tourodeouro\/#breadcrumb","itemListElement":[{"@type":"ListItem","position":1,"name":"In\u00edcio","item":"https:\/\/casale.com.br\/"},{"@type":"ListItem","position":2,"name":"Touro de ouro 2020"}]},{"@type":"WebSite","@id":"https:\/\/casale.com.br\/#website","url":"https:\/\/casale.com.br\/","name":"Casale","description":"As melhores solu\u00e7\u00f5es para pecu\u00e1ria","potentialAction":[{"@type":"SearchAction","target":{"@type":"EntryPoint","urlTemplate":"https:\/\/casale.com.br\/?s={search_term_string}"},"query-input":{"@type":"PropertyValueSpecification","valueRequired":true,"valueName":"search_term_string"}}],"inLanguage":"es"}]}},"_links":{"self":[{"href":"https:\/\/casale.com.br\/es\/wp-json\/wp\/v2\/pages\/3440"}],"collection":[{"href":"https:\/\/casale.com.br\/es\/wp-json\/wp\/v2\/pages"}],"about":[{"href":"https:\/\/casale.com.br\/es\/wp-json\/wp\/v2\/types\/page"}],"author":[{"embeddable":true,"href":"https:\/\/casale.com.br\/es\/wp-json\/wp\/v2\/users\/5"}],"replies":[{"embeddable":true,"href":"https:\/\/casale.com.br\/es\/wp-json\/wp\/v2\/comments?post=3440"}],"version-history":[{"count":0,"href":"https:\/\/casale.com.br\/es\/wp-json\/wp\/v2\/pages\/3440\/revisions"}],"wp:attachment":[{"href":"https:\/\/casale.com.br\/es\/wp-json\/wp\/v2\/media?parent=3440"}],"curies":[{"name":"wp","href":"https:\/\/api.w.org\/{rel}","templated":true}]}}