{"id":3,"date":"2019-10-01T16:44:38","date_gmt":"2019-10-01T19:44:38","guid":{"rendered":"http:\/\/casale.com.br\/?page_id=3"},"modified":"2020-11-19T10:57:41","modified_gmt":"2020-11-19T13:57:41","slug":"politica-de-privacidade","status":"publish","type":"page","link":"https:\/\/casale.com.br\/es\/politica-de-privacidade\/","title":{"rendered":"Pol\u00edtica de privacidad"},"content":{"rendered":"<p>[et_pb_section fb_built=&#8221;1&#8243; _builder_version=&#8221;4.5.7&#8243; _module_preset=&#8221;default&#8221;][et_pb_row _builder_version=&#8221;4.5.7&#8243; _module_preset=&#8221;default&#8221; custom_padding=&#8221;||11px|||&#8221;][et_pb_column type=&#8221;4_4&#8243; _builder_version=&#8221;4.5.7&#8243; _module_preset=&#8221;default&#8221;][et_pb_text _builder_version=&#8221;4.5.7&#8243; _module_preset=&#8221;default&#8221; header_3_font=&#8221;|600|||||||&#8221; custom_margin=&#8221;||30px|||&#8221;]<\/p>\n<h3>Pol\u00edtica de privacidad<\/h3>\n<p>[\/et_pb_text][et_pb_text _builder_version=&#8221;4.5.7&#8243; _module_preset=&#8221;default&#8221;]<\/p>\n<p>En Casale Equipamentos, CNPJ: 59.600.643 \/ 0001-19, estamos comprometidos a proteger su privacidad. El prop\u00f3sito de este documento es aclarar qu\u00e9 informaci\u00f3n se recopila de los usuarios de nuestro sitio web http:\/\/casale.com.br\/ y c\u00f3mo se utilizan estos datos. Para ofrecer nuestros servicios, en Casale Equipamentos, a trav\u00e9s de nuestro sitio web, recopilamos diversos datos e informaci\u00f3n, con el objetivo, sobre todo, de brindarle una experiencia cada vez mejor. Reconocemos que su privacidad es muy importante, por lo que tomamos todas las medidas posibles para protegerla. Para que le resulte m\u00e1s f\u00e1cil de entender, hemos dividido esta Pol\u00edtica de la siguiente manera:<\/p>\n<p>[\/et_pb_text][\/et_pb_column][\/et_pb_row][et_pb_row _builder_version=&#8221;4.5.7&#8243; _module_preset=&#8221;default&#8221; custom_margin=&#8221;-3px|auto||auto||&#8221; custom_padding=&#8221;16px|||||&#8221;][et_pb_column type=&#8221;4_4&#8243; _builder_version=&#8221;4.5.7&#8243; _module_preset=&#8221;default&#8221;][et_pb_text _builder_version=&#8221;4.5.7&#8243; _module_preset=&#8221;default&#8221; custom_margin=&#8221;||8px|||&#8221;]<\/p>\n<ul>\n<li>\n<h5>Acerca de la recopilaci\u00f3n de datos;<\/h5>\n<\/li>\n<li>\n<h5>Sobre el uso de sus datos personales;<\/h5>\n<\/li>\n<li>\n<h5>Acerca del acceso a sus datos personales;<\/h5>\n<\/li>\n<li>\n<h5>Acerca del intercambio de datos;<\/h5>\n<\/li>\n<li>\n<h5>Acerca de cancelar la suscripci\u00f3n y cambiar \/ eliminar informaci\u00f3n personal;<\/h5>\n<\/li>\n<li>\n<h5>Cambios en la Pol\u00edtica de privacidad;<\/h5>\n<\/li>\n<li>\n<h5>Ley aplicable.<\/h5>\n<\/li>\n<\/ul>\n<p>[\/et_pb_text][et_pb_text _builder_version=&#8221;4.5.7&#8243; _module_preset=&#8221;default&#8221;]<\/p>\n<p>Cualquier duda sobre nuestra pol\u00edtica de privacidad, por favor cont\u00e1ctenos y se lo aclararemos todo. Env\u00ede un correo electr\u00f3nico a: casale@casale.com.br. Estamos ubicados en Rod. Washington Lu\u00eds, km 237, S\u00e3o Carlos - SP \/ BR - S\u00e3o Carlos, S\u00e3o Paulo, Brasil, CEP: 13560-970.<\/p>\n<p>[\/et_pb_text][et_pb_accordion _builder_version=&#8221;4.5.7&#8243; _module_preset=&#8221;default&#8221; hover_enabled=&#8221;0&#8243;][et_pb_accordion_item title=&#8221;Sobre a coleta de dados: Explanaremos como podemos coletar os seus dados.&#8221; open=&#8221;on&#8221; _builder_version=&#8221;4.5.7&#8243; _module_preset=&#8221;default&#8221; toggle_level=&#8221;h5&#8243; toggle_font=&#8221;|600|||||||&#8221; toggle_font_size=&#8221;18px&#8221; toggle_line_height=&#8221;1.1em&#8221;]<\/p>\n<h5>Informaci\u00f3n proporcionada por usted<\/h5>\n<p>Recopilamos informaci\u00f3n de identificaci\u00f3n personal, como nombre, correo electr\u00f3nico, empresa, sitio web de la empresa y tel\u00e9fono celular, al completar los formularios para descargar nuestro contenido gratuito. Eventualmente, la solicitud de alguna informaci\u00f3n se puede realizar a trav\u00e9s del contacto directo de Casale Equipamentos con los usuarios a trav\u00e9s de correo electr\u00f3nico o tel\u00e9fono.<\/p>\n<h5>Informaci\u00f3n de navegaci\u00f3n del sitio<\/h5>\n<p>Cuando visita nuestro sitio, se inserta una \"cookie\" en su navegador utilizando el software Google Analytics para identificar cu\u00e1ntas veces regresa a nuestra direcci\u00f3n de correo electr\u00f3nico. Se recopila informaci\u00f3n como direcci\u00f3n IP, ubicaci\u00f3n geogr\u00e1fica, fuente de referencia, tipo de navegador, duraci\u00f3n de la visita y p\u00e1ginas visitadas.<\/p>\n<h5>Historial de contacto<\/h5>\n<p>Almacenamos informaci\u00f3n sobre todos los contactos ya realizados con nuestros usuarios, como el contenido descargado de nuestras p\u00e1ginas y las interacciones a trav\u00e9s del correo electr\u00f3nico.<\/p>\n<h5>Datos generados al utilizar nuestros servicios<\/h5>\n<p>Se voc\u00ea utilizar de algum de nossos servi\u00e7os ou compra de produtos, coletaremos ainda outras informa\u00e7\u00f5es. Nesse caso, coletaremos dados de contato, como seu nome, e-mail e telefone, dados locacionais e dados de perfil profissional, que inclui cargo, empresa, n\u00famero de funcion\u00e1rios e contato.[\/et_pb_accordion_item][et_pb_accordion_item title=&#8221;Sobre o uso de seus dados pessoais&#8221; _builder_version=&#8221;4.5.7&#8243; _module_preset=&#8221;default&#8221; toggle_level=&#8221;h5&#8243; toggle_font=&#8221;|600|||||||&#8221; toggle_font_size=&#8221;18px&#8221; toggle_line_height=&#8221;1.1em&#8221; open=&#8221;off&#8221;]<\/p>\n<p>Todos os dados que coletamos s\u00e3o usados para a presta\u00e7\u00e3o de nossos servi\u00e7os, mas vale ressaltar que prezamos muito pela sua privacidade. Por isso, todos os dados e informa\u00e7\u00f5es sobre voc\u00ea s\u00e3o tratadas como confidenciais; e somente os usaremos para os fins aqui descritos e autorizados por voc\u00ea, principalmente para que possa utilizar nossos servi\u00e7os de forma plena, visando sempre melhorar a sua experi\u00eancia como usu\u00e1rio. Dessa maneira, poderemos personalizar o servi\u00e7o para adequ\u00e1-lo cada vez mais aos seus gostos e interesses. Ademais, seus dados tamb\u00e9m podem ser usados para criarmos novos servi\u00e7os, produtos e funcionalidades. Para prestar nossos servi\u00e7os, cruzaremos os dados que coletarmos com outros que tivermos sobre o mesmo titular em nossas bases de dados, inclusive os dados que voc\u00ea cadastrar em nossas plataformas. Em especial, usaremos os dados para monitorar as a\u00e7\u00f5es das p\u00e1ginas que voc\u00ea cadastrar para criar perfis com base nos dados de seu comportamento e, assim, verificaremos quais s\u00e3o seus interesses para classificar, qualificar e criar listas din\u00e2micas para execu\u00e7\u00e3o de a\u00e7\u00f5es de marketing direcionadas, que s\u00e3o realizadas automaticamente. Eventualmente, poderemos usar dados para finalidades n\u00e3o previstas nesta pol\u00edtica de privacidade, mas estes estar\u00e3o dentro das suas leg\u00edtimas expectativas. O eventual uso dos seus dados para finalidades que n\u00e3o cumpram com essa prerrogativa ser\u00e1 feito mediante sua autoriza\u00e7\u00e3o pr\u00e9via. Al\u00e9m do acima, usaremos seus dados para as seguintes finalidades:<\/p>\n<ul style=\"margin-top: 10px;\" class=\"ul_privacidade\">\n<li>Seu e-mail \u00e9 usado para a opera\u00e7\u00e3o de envio do material ou informa\u00e7\u00e3o por voc\u00ea requisitada no preenchimento do formul\u00e1rio. Tamb\u00e9m pode ser usado para envio de Newsletters. O e-mail ser\u00e1 usado ainda para comunicar o lan\u00e7amento de novos produtos, campanhas promocionais da Casale Equipamentos. No entanto, o usu\u00e1rio pode cancelar a assinatura a qualquer momento;<\/li>\n<li>Os dados de download poder\u00e3o ser divulgados como pesquisas e estat\u00edsticas, n\u00e3o sendo reveladas abertamente nenhuma informa\u00e7\u00e3o pessoal, a menos que autorizada explicitamente;<\/li>\n<li>Funcion\u00e1rios da Casale Equipamentos poder\u00e3o eventualmente entrar em contato via e-mail ou telefone para fazer pesquisas ou apresentar produtos e servi\u00e7os;<\/li>\n<li>Enviar a voc\u00ea mensagens a respeito de suporte ou servi\u00e7o, como alertas, notifica\u00e7\u00f5es e atualiza\u00e7\u00f5es;<\/li>\n<li>Comunicar-nos com voc\u00ea sobre produtos, servi\u00e7os, promo\u00e7\u00f5es, not\u00edcias, atualiza\u00e7\u00f5es, eventos e outros assuntos que possa lhe interessar;<\/li>\n<li>Realizar publicidade direcionada conforme seus gostos, interesses e outras informa\u00e7\u00f5es coletadas;<\/li>\n<li>Personalizar o servi\u00e7o para este adequar cada vez mais aos seus gostos e interesses;<\/li>\n<li>Para qualquer fim que voc\u00ea autorizar no momento da coleta de dados;<\/li>\n<li>Cumprir obriga\u00e7\u00f5es legais.<\/li>\n<\/ul>\n<p>Reservamo-nos no direito de monitorar toda a plataforma, principalmente para assegurar que as regras descritas em nosso Termo de Uso est\u00e3o sendo observadas, ou ainda se n\u00e3o h\u00e1 viola\u00e7\u00e3o ou abuso das leis aplic\u00e1veis. Portanto, nos reservamos no direito de excluir determinado usu\u00e1rio, independentemente do tipo que for, caso a presente Pol\u00edtica n\u00e3o seja respeitada.<\/p>\n<p>[\/et_pb_accordion_item][et_pb_accordion_item title=&#8221;Sobre o acesso aos seus dados pessoais&#8221; _builder_version=&#8221;4.5.7&#8243; _module_preset=&#8221;default&#8221; toggle_level=&#8221;h5&#8243; toggle_font=&#8221;|600|||||||&#8221; toggle_font_size=&#8221;18px&#8221; toggle_line_height=&#8221;1.1em&#8221; open=&#8221;off&#8221;]<\/p>\n<p>Solo los empleados de Casale Equipamentos podr\u00e1n ver su informaci\u00f3n personal, y entre estos, solo las personas con las debidas autorizaciones. Eventualmente, si la inserci\u00f3n de su informaci\u00f3n ocurre en acciones creadas en alianzas, los socios identificados expl\u00edcitamente tambi\u00e9n tendr\u00e1n acceso a la informaci\u00f3n. No se pueden divulgar p\u00fablicamente datos personales. Todos sus datos son confidenciales y cualquier uso de estos se har\u00e1 de acuerdo con esta Pol\u00edtica. Aplicaremos todos los esfuerzos razonables del mercado para garantizar la seguridad de nuestros sistemas y sus datos. Nuestros servidores est\u00e1n ubicados en diferentes ubicaciones alrededor del mundo para garantizar su estabilidad y seguridad, y solo se puede acceder a ellos a trav\u00e9s de canales de comunicaci\u00f3n previamente autorizados. Toda su informaci\u00f3n estar\u00e1, siempre que sea posible, encriptada, en caso de que no impida su uso por parte de Casale Equipamentos. En cualquier momento, puede solicitar una copia de sus datos almacenados en nuestros sistemas. Conservaremos los datos e informaci\u00f3n solo hasta el momento que sea necesario o relevante para los fines descritos en esta Pol\u00edtica, o en el caso de per\u00edodos predeterminados por ley o hasta que sea necesario para mantener los intereses leg\u00edtimos de Casale Equipamentos.<\/p>\n<p>[\/et_pb_accordion_item][et_pb_accordion_item title=&#8221;Sobre o compartilhamento de dados&#8221; _builder_version=&#8221;4.5.7&#8243; _module_preset=&#8221;default&#8221; toggle_level=&#8221;h5&#8243; toggle_font=&#8221;|600|||||||&#8221; toggle_font_size=&#8221;18px&#8221; toggle_line_height=&#8221;1.1em&#8221; open=&#8221;off&#8221;]<\/p>\n<p>Al hacer clic en los botones de compartir contenido en las redes sociales disponibles en nuestras p\u00e1ginas, el usuario estar\u00e1 publicando el contenido a trav\u00e9s de su perfil en la red seleccionada. No tenemos acceso al nombre de usuario y contrase\u00f1a de los usuarios en estas redes, ni publicaremos contenido en nombre del usuario sin que el usuario realice esta acci\u00f3n. En consecuencia, nos reservamos el derecho de compartir su informaci\u00f3n, incluida la ubicaci\u00f3n, el registro y los datos de inter\u00e9s, con nuestros socios, anunciantes y proveedores de servicios, siempre que sea posible, de forma an\u00f3nima, a fin de preservar su privacidad. Por la presente autoriza expresamente dichas acciones. No somos responsables de los actos, anuncios y contenidos generados por nuestros socios comerciales y redes publicitarias, y esta Pol\u00edtica no les aplica, ya que Casale Equipamentos no los controla. Todos los datos, informaci\u00f3n y contenido sobre usted pueden considerarse activos en el caso de negociaciones en las que participe Casale Equipamentos. Por tanto, nos reservamos el derecho de incluir sus datos entre los activos de la empresa si se van a vender, adquirir o fusionar con otro. A trav\u00e9s de esta Pol\u00edtica, acepta y conoce esta posibilidad. Nos reservamos el derecho de proporcionar sus datos e informaci\u00f3n sobre usted, incluidas sus interacciones, si as\u00ed se requiere legalmente, lo cual es necesario para que la empresa cumpla con las leyes nacionales o si usted lo autoriza expresamente.<\/p>\n<p>[\/et_pb_accordion_item][et_pb_accordion_item title=&#8221;Sobre o cancelamento da assinatura e altera\u00e7\u00e3o\/exclus\u00e3o de informa\u00e7\u00f5es pessoais&#8221; _builder_version=&#8221;4.5.7&#8243; _module_preset=&#8221;default&#8221; toggle_level=&#8221;h5&#8243; toggle_font=&#8221;|600|||||||&#8221; toggle_font_size=&#8221;18px&#8221; toggle_line_height=&#8221;1.1em&#8221; open=&#8221;off&#8221;]<\/p>\n<p>Puede optar por no recibir m\u00e1s correos electr\u00f3nicos de Casale Equipamentos. En cada correo electr\u00f3nico que enviamos, siempre hay un enlace para cancelar la suscripci\u00f3n disponible en los resultados. Cuando haga clic en este enlace, se cancelar\u00e1 autom\u00e1ticamente su suscripci\u00f3n a la lista. Es importante mencionar que, al volver a llenar cualquier formulario, se caracterizar\u00e1 la reinserci\u00f3n de su correo electr\u00f3nico a la lista. Por lo tanto, la solicitud de cancelaci\u00f3n debe realizarse nuevamente si es de su inter\u00e9s. Todos los datos recogidos ser\u00e1n eliminados de nuestros servidores cuando lo solicites o cuando ya no sea necesario o relevante para nosotros ofrecerte nuestros servicios, salvo que exista cualquier otro motivo para su mantenimiento, como por ejemplo alguna obligaci\u00f3n legal de conservaci\u00f3n de datos o la necesidad de su conservaci\u00f3n para proteger los derechos de Casale Equipamentos. Para cambiar su informaci\u00f3n personal o eliminarla de nuestra base de datos, env\u00ede un correo electr\u00f3nico a Casale casale@casale.com.br<\/p>\n<p>[\/et_pb_accordion_item][et_pb_accordion_item title=&#8221;Mudan\u00e7as na Pol\u00edtica de Privacidade&#8221; _builder_version=&#8221;4.5.7&#8243; _module_preset=&#8221;default&#8221; toggle_level=&#8221;h5&#8243; toggle_font=&#8221;|600|||||||&#8221; toggle_font_size=&#8221;18px&#8221; toggle_line_height=&#8221;1.1em&#8221; open=&#8221;off&#8221;]<\/p>\n<p>Esta Pol\u00edtica de privacidad puede sufrir actualizaciones. Por ello, te recomendamos que visites esta p\u00e1gina peri\u00f3dicamente para que est\u00e9s al tanto de los cambios. Si se realizan cambios relevantes que den lugar a nuevas autorizaciones suyas, publicaremos una nueva pol\u00edtica de privacidad. Antes de utilizar la informaci\u00f3n para fines distintos a los definidos en esta Pol\u00edtica de privacidad, le solicitaremos su autorizaci\u00f3n.<\/p>\n<p>[\/et_pb_accordion_item][et_pb_accordion_item title=&#8221;Lei Aplic\u00e1vel&#8221; _builder_version=&#8221;4.5.7&#8243; _module_preset=&#8221;default&#8221; toggle_level=&#8221;h5&#8243; toggle_font=&#8221;|600|||||||&#8221; toggle_font_size=&#8221;18px&#8221; toggle_line_height=&#8221;1.1em&#8221; open=&#8221;off&#8221;]<\/p>\n<p>Este documento se rige y debe interpretarse de acuerdo con las leyes de la Rep\u00fablica Federativa de Brasil. El Juzgado de Distrito de S\u00e3o Carlos, S\u00e3o Paulo, es elegido como \u00f3rgano competente para resolver las cuestiones que surjan de este documento con renuncia expresa a cualquier otro, por privilegiado que sea.<\/p>\n<p>[\/et_pb_accordion_item][et_pb_accordion_item title=&#8221;O que s\u00e3o cookies?&#8221; _builder_version=&#8221;4.5.7&#8243; _module_preset=&#8221;default&#8221; hover_enabled=&#8221;0&#8243; toggle_level=&#8221;h5&#8243; toggle_font=&#8221;|600|||||||&#8221; toggle_font_size=&#8221;18px&#8221; toggle_line_height=&#8221;1.1em&#8221; open=&#8221;off&#8221;]Um cookie \u00e9 um pequeno arquivo de texto que um site armazena em seu computador ou dispositivo m\u00f3vel quando voc\u00ea visita o site. Ele permite que o site lembre suas a\u00e7\u00f5es e prefer\u00eancias (como login, idioma, tamanho da fonte e outras prefer\u00eancias de exibi\u00e7\u00e3o) durante um per\u00edodo de tempo, para que n\u00e3o seja necess\u00e1rio continuar a inseri-las sempre que retornar ao site ou navegue de uma p\u00e1gina para outra. Como usamos cookies? Algumas de nossas p\u00e1ginas usam cookies para lembrar:<\/p>\n<ul class=\"ul_privacidade\" >\n<li>Sus preferencias de visualizaci\u00f3n, como la configuraci\u00f3n del color de contraste o el tama\u00f1o de fuente;<\/li>\n<li>Sus preferencias de visualizaci\u00f3n, como la configuraci\u00f3n del color de contraste o el tama\u00f1o de fuente;<\/li>\n<li>Si est\u00e1 de acuerdo (o no) con nuestro uso de cookies en este sitio web;<\/li>\n<li>Adem\u00e1s, algunos videos incrustados en nuestras p\u00e1ginas utilizan una cookie para recopilar estad\u00edsticas de forma an\u00f3nima sobre c\u00f3mo lleg\u00f3 y qu\u00e9 videos visit\u00f3.<\/li>\n<\/ul>\n<p>Os cookies tamb\u00e9m s\u00e3o armazenados pela Europa Analytics, o servi\u00e7o corporativo que mede a efic\u00e1cia e efici\u00eancia dos sites da Comiss\u00e3o Europ\u00e9ia na EUROPA.[\/et_pb_accordion_item][et_pb_accordion_item title=&#8221;Utilizamos outros cookies?&#8221; _builder_version=&#8221;4.5.7&#8243; _module_preset=&#8221;default&#8221; hover_enabled=&#8221;0&#8243; toggle_level=&#8221;h5&#8243; toggle_font=&#8221;|600|||||||&#8221; toggle_font_size=&#8221;18px&#8221; toggle_line_height=&#8221;1.1em&#8221; open=&#8221;off&#8221;]<\/p>\n<p>Algunas de nuestras p\u00e1ginas o subsitios pueden utilizar cookies adicionales o diferentes a las descritas anteriormente. Si es as\u00ed, sus detalles se proporcionar\u00e1n en su p\u00e1gina de advertencia de cookies espec\u00edfica. Su acuerdo le puede solicitar que almacene estas cookies.<\/p>\n<p>[\/et_pb_accordion_item][\/et_pb_accordion][\/et_pb_column][\/et_pb_row][\/et_pb_section]<\/p>","protected":false},"excerpt":{"rendered":"<p>Pol\u00edtica de privacidadeN\u00f3s, da Casale Equipamentos, CNPJ: 59.600.643\/0001-19, estamos comprometidos em resguardar sua privacidade. A proposta deste documento \u00e9 esclarecer quais informa\u00e7\u00f5es s\u00e3o coletadas dos usu\u00e1rios de nosso site http:\/\/casale.com.br\/ [&hellip;]<\/p>","protected":false},"author":5,"featured_media":0,"parent":0,"menu_order":0,"comment_status":"closed","ping_status":"open","template":"","meta":{"_et_pb_use_builder":"on","_et_pb_old_content":"","_et_gb_content_width":"","_joinchat":[],"footnotes":""},"class_list":["post-3","page","type-page","status-publish","hentry"],"yoast_head":"<!-- This site is optimized with the Yoast SEO plugin v23.4 - https:\/\/yoast.com\/wordpress\/plugins\/seo\/ -->\n<title>Pol\u00edtica de privacidade &#187; Casale<\/title>\n<meta name=\"robots\" content=\"index, follow, max-snippet:-1, max-image-preview:large, max-video-preview:-1\" \/>\n<link rel=\"canonical\" href=\"https:\/\/casale.com.br\/es\/politica-de-privacidade\/\" \/>\n<meta property=\"og:locale\" content=\"es_ES\" \/>\n<meta property=\"og:type\" content=\"article\" \/>\n<meta property=\"og:title\" content=\"Pol\u00edtica de privacidade &#187; Casale\" \/>\n<meta property=\"og:description\" content=\"Pol\u00edtica de privacidadeN\u00f3s, da Casale Equipamentos, CNPJ: 59.600.643\/0001-19, estamos comprometidos em resguardar sua privacidade. A proposta deste documento \u00e9 esclarecer quais informa\u00e7\u00f5es s\u00e3o coletadas dos usu\u00e1rios de nosso site http:\/\/casale.com.br\/ [&hellip;]\" \/>\n<meta property=\"og:url\" content=\"https:\/\/casale.com.br\/es\/politica-de-privacidade\/\" \/>\n<meta property=\"og:site_name\" content=\"Casale\" \/>\n<meta property=\"article:modified_time\" content=\"2020-11-19T13:57:41+00:00\" \/>\n<meta name=\"twitter:card\" content=\"summary_large_image\" \/>\n<meta name=\"twitter:label1\" content=\"Tiempo de lectura\" \/>\n\t<meta name=\"twitter:data1\" content=\"12 minutos\" \/>\n<script type=\"application\/ld+json\" class=\"yoast-schema-graph\">{\"@context\":\"https:\/\/schema.org\",\"@graph\":[{\"@type\":\"WebPage\",\"@id\":\"https:\/\/casale.com.br\/politica-de-privacidade\/\",\"url\":\"https:\/\/casale.com.br\/politica-de-privacidade\/\",\"name\":\"Pol\u00edtica de privacidade &#187; Casale\",\"isPartOf\":{\"@id\":\"https:\/\/casale.com.br\/#website\"},\"datePublished\":\"2019-10-01T19:44:38+00:00\",\"dateModified\":\"2020-11-19T13:57:41+00:00\",\"breadcrumb\":{\"@id\":\"https:\/\/casale.com.br\/politica-de-privacidade\/#breadcrumb\"},\"inLanguage\":\"es\",\"potentialAction\":[{\"@type\":\"ReadAction\",\"target\":[\"https:\/\/casale.com.br\/politica-de-privacidade\/\"]}]},{\"@type\":\"BreadcrumbList\",\"@id\":\"https:\/\/casale.com.br\/politica-de-privacidade\/#breadcrumb\",\"itemListElement\":[{\"@type\":\"ListItem\",\"position\":1,\"name\":\"In\u00edcio\",\"item\":\"https:\/\/casale.com.br\/\"},{\"@type\":\"ListItem\",\"position\":2,\"name\":\"Pol\u00edtica de privacidade\"}]},{\"@type\":\"WebSite\",\"@id\":\"https:\/\/casale.com.br\/#website\",\"url\":\"https:\/\/casale.com.br\/\",\"name\":\"Casale\",\"description\":\"As melhores solu\u00e7\u00f5es para pecu\u00e1ria\",\"potentialAction\":[{\"@type\":\"SearchAction\",\"target\":{\"@type\":\"EntryPoint\",\"urlTemplate\":\"https:\/\/casale.com.br\/?s={search_term_string}\"},\"query-input\":{\"@type\":\"PropertyValueSpecification\",\"valueRequired\":true,\"valueName\":\"search_term_string\"}}],\"inLanguage\":\"es\"}]}<\/script>\n<!-- \/ Yoast SEO plugin. -->","yoast_head_json":{"title":"Pol\u00edtica de privacidade &#187; Casale","robots":{"index":"index","follow":"follow","max-snippet":"max-snippet:-1","max-image-preview":"max-image-preview:large","max-video-preview":"max-video-preview:-1"},"canonical":"https:\/\/casale.com.br\/es\/politica-de-privacidade\/","og_locale":"es_ES","og_type":"article","og_title":"Pol\u00edtica de privacidade &#187; Casale","og_description":"Pol\u00edtica de privacidadeN\u00f3s, da Casale Equipamentos, CNPJ: 59.600.643\/0001-19, estamos comprometidos em resguardar sua privacidade. A proposta deste documento \u00e9 esclarecer quais informa\u00e7\u00f5es s\u00e3o coletadas dos usu\u00e1rios de nosso site http:\/\/casale.com.br\/ [&hellip;]","og_url":"https:\/\/casale.com.br\/es\/politica-de-privacidade\/","og_site_name":"Casale","article_modified_time":"2020-11-19T13:57:41+00:00","twitter_card":"summary_large_image","twitter_misc":{"Tiempo de lectura":"12 minutos"},"schema":{"@context":"https:\/\/schema.org","@graph":[{"@type":"WebPage","@id":"https:\/\/casale.com.br\/politica-de-privacidade\/","url":"https:\/\/casale.com.br\/politica-de-privacidade\/","name":"Pol\u00edtica de privacidade &#187; Casale","isPartOf":{"@id":"https:\/\/casale.com.br\/#website"},"datePublished":"2019-10-01T19:44:38+00:00","dateModified":"2020-11-19T13:57:41+00:00","breadcrumb":{"@id":"https:\/\/casale.com.br\/politica-de-privacidade\/#breadcrumb"},"inLanguage":"es","potentialAction":[{"@type":"ReadAction","target":["https:\/\/casale.com.br\/politica-de-privacidade\/"]}]},{"@type":"BreadcrumbList","@id":"https:\/\/casale.com.br\/politica-de-privacidade\/#breadcrumb","itemListElement":[{"@type":"ListItem","position":1,"name":"In\u00edcio","item":"https:\/\/casale.com.br\/"},{"@type":"ListItem","position":2,"name":"Pol\u00edtica de privacidade"}]},{"@type":"WebSite","@id":"https:\/\/casale.com.br\/#website","url":"https:\/\/casale.com.br\/","name":"Casale","description":"As melhores solu\u00e7\u00f5es para pecu\u00e1ria","potentialAction":[{"@type":"SearchAction","target":{"@type":"EntryPoint","urlTemplate":"https:\/\/casale.com.br\/?s={search_term_string}"},"query-input":{"@type":"PropertyValueSpecification","valueRequired":true,"valueName":"search_term_string"}}],"inLanguage":"es"}]}},"_links":{"self":[{"href":"https:\/\/casale.com.br\/es\/wp-json\/wp\/v2\/pages\/3"}],"collection":[{"href":"https:\/\/casale.com.br\/es\/wp-json\/wp\/v2\/pages"}],"about":[{"href":"https:\/\/casale.com.br\/es\/wp-json\/wp\/v2\/types\/page"}],"author":[{"embeddable":true,"href":"https:\/\/casale.com.br\/es\/wp-json\/wp\/v2\/users\/5"}],"replies":[{"embeddable":true,"href":"https:\/\/casale.com.br\/es\/wp-json\/wp\/v2\/comments?post=3"}],"version-history":[{"count":0,"href":"https:\/\/casale.com.br\/es\/wp-json\/wp\/v2\/pages\/3\/revisions"}],"wp:attachment":[{"href":"https:\/\/casale.com.br\/es\/wp-json\/wp\/v2\/media?parent=3"}],"curies":[{"name":"wp","href":"https:\/\/api.w.org\/{rel}","templated":true}]}}