{"id":2241,"date":"2020-06-08T11:19:28","date_gmt":"2020-06-08T14:19:28","guid":{"rendered":"http:\/\/casale.com.br\/?page_id=2241"},"modified":"2023-09-28T12:30:39","modified_gmt":"2023-09-28T15:30:39","slug":"ouvidoria","status":"publish","type":"page","link":"https:\/\/casale.com.br\/es\/ouvidoria\/","title":{"rendered":"Ouvidoria"},"content":{"rendered":"<p>[et_pb_section fb_built=&#8221;1&#8243; _builder_version=&#8221;4.16&#8243; custom_padding=&#8221;15px||0px|||&#8221; global_colors_info=&#8221;{}&#8221;][et_pb_row _builder_version=&#8221;4.16&#8243; global_colors_info=&#8221;{}&#8221;][et_pb_column type=&#8221;4_4&#8243; admin_label=&#8221;Coluna&#8221; _builder_version=&#8221;4.16&#8243; custom_padding=&#8221;|||&#8221; global_colors_info=&#8221;{}&#8221; custom_padding__hover=&#8221;|||&#8221;][et_pb_text _builder_version=&#8221;4.17.4&#8243; header_font=&#8221;|600||on|||||&#8221; header_text_color=&#8221;#00813d&#8221; header_font_size=&#8221;26px&#8221; header_3_font=&#8221;|700|||||||&#8221; header_3_text_color=&#8221;#00813d&#8221; locked=&#8221;off&#8221; global_colors_info=&#8221;{}&#8221;]<\/p>\n<h1><span class=\"sublinhado\">Defensoria Casale<\/span><\/h1>\n<p>[\/et_pb_text][et_pb_text _builder_version=&#8221;4.17.4&#8243; _module_preset=&#8221;default&#8221; hover_enabled=&#8221;0&#8243; locked=&#8221;off&#8221; global_colors_info=&#8221;{}&#8221; sticky_enabled=&#8221;0&#8243;]<\/p>\n<p style=\"text-align: justify;\">Aqu\u00ed tienes un canal seguro para hablarnos de cualquier tema. \u00a1Estamos aqu\u00ed para escucharte!<\/p>\n<p>[\/et_pb_text][\/et_pb_column][\/et_pb_row][\/et_pb_section][et_pb_section fb_built=&#8221;1&#8243; _builder_version=&#8221;4.16&#8243; custom_padding=&#8221;0px|||||&#8221; global_colors_info=&#8221;{}&#8221;][et_pb_row _builder_version=&#8221;4.16&#8243; custom_padding=&#8221;0px|||||&#8221; global_colors_info=&#8221;{}&#8221;][et_pb_column type=&#8221;4_4&#8243; _builder_version=&#8221;4.16&#8243; custom_padding=&#8221;|||&#8221; global_colors_info=&#8221;{}&#8221; custom_padding__hover=&#8221;|||&#8221;][et_pb_code admin_label=&#8221;C\u00f3digo&#8221; _builder_version=&#8221;4.22.1&#8243; hover_enabled=&#8221;0&#8243; global_colors_info=&#8221;{}&#8221; disabled_on=&#8221;on|on|on&#8221; disabled=&#8221;on&#8221; sticky_enabled=&#8221;0&#8243;]<!-- [et_pb_line_break_holder] --><!-- [et_pb_line_break_holder] --><\/p>\n<div id=\"form_ouvidoria\"><!-- [et_pb_line_break_holder] -->  <!-- [et_pb_line_break_holder] --><\/div>\n<p><!-- [et_pb_line_break_holder] --><script type=\"text\/javascript\"><!-- [et_pb_line_break_holder] -->\t\tlet url = window.location.href;<!-- [et_pb_line_break_holder] -->  \tlet ouvidoria = document.getElementById('form_ouvidoria');<!-- [et_pb_line_break_holder] -->\t\tif( url.match('\/en\/') ){<!-- [et_pb_line_break_holder] -->     \t ouvidoria.innerHTML = '<\/p>\n<div role=\"main\" id=\"contato-ouvidoria-en-66826e209f78e92dc044\"><\/div>\n<p>';<!-- [et_pb_line_break_holder] -->    }else if (url.match('\/es\/') ){<!-- [et_pb_line_break_holder] -->    \touvidoria.innerHTML = '<\/p>\n<div role=\"main\" id=\"contato-ouvidoria-es-aead09b5ce80d2eda48c\"><\/div>\n<p>';<!-- [et_pb_line_break_holder] -->    }else{<!-- [et_pb_line_break_holder] -->    \touvidoria.innerHTML = '<\/p>\n<div role=\"main\" id=\"contato-ouvidoria-41ed3601e9c2e3789137\"><\/div>\n<p>';<!-- [et_pb_line_break_holder] -->   }<!-- [et_pb_line_break_holder] --><\/script><!-- [et_pb_line_break_holder] --><!-- [et_pb_line_break_holder] --><!-- [et_pb_line_break_holder] --><!--Ouvidoria --><!-- [et_pb_line_break_holder] --><script type=\"text\/javascript\" src=\"https:\/\/d335luupugsy2.cloudfront.net\/js\/rdstation-forms\/stable\/rdstation-forms.min.js\"><\/script><!-- [et_pb_line_break_holder] --><script type=\"text\/javascript\"> new RDStationForms('contato-ouvidoria-41ed3601e9c2e3789137', 'UA-122815033-1').createForm();<\/script><!-- [et_pb_line_break_holder] --><!-- [et_pb_line_break_holder] --><!-- Ouvidoria EN--><!-- [et_pb_line_break_holder] --><script type=\"text\/javascript\" src=\"https:\/\/d335luupugsy2.cloudfront.net\/js\/rdstation-forms\/stable\/rdstation-forms.min.js\"><\/script><!-- [et_pb_line_break_holder] --><script type=\"text\/javascript\"> new RDStationForms('contato-ouvidoria-en-66826e209f78e92dc044', 'UA-122815033-1').createForm();<\/script><!-- [et_pb_line_break_holder] --><!-- [et_pb_line_break_holder] --><!-- Ouvidoria ES --><!-- [et_pb_line_break_holder] --><script type=\"text\/javascript\" src=\"https:\/\/d335luupugsy2.cloudfront.net\/js\/rdstation-forms\/stable\/rdstation-forms.min.js\"><\/script><!-- [et_pb_line_break_holder] --><script type=\"text\/javascript\"> new RDStationForms('contato-ouvidoria-es-aead09b5ce80d2eda48c', 'UA-122815033-1').createForm();<\/script><!-- [et_pb_line_break_holder] -->[\/et_pb_code][et_pb_text _builder_version=&#8221;4.22.1&#8243; _module_preset=&#8221;default&#8221; hover_enabled=&#8221;0&#8243; sticky_enabled=&#8221;0&#8243;]\n<div class=\"wpcf7 no-js\" id=\"wpcf7-f4979-o1\" lang=\"pt-BR\" dir=\"ltr\">\n<div class=\"screen-reader-response\"><p role=\"status\" aria-live=\"polite\" aria-atomic=\"true\"><\/p> <ul><\/ul><\/div>\n<form action=\"\/es\/wp-json\/wp\/v2\/pages\/2241#wpcf7-f4979-o1\" method=\"post\" class=\"wpcf7-form init\" aria-label=\"Formul\u00e1rios de contato\" novalidate=\"novalidate\" data-status=\"init\" data-trp-original-action=\"\/es\/wp-json\/wp\/v2\/pages\/2241#wpcf7-f4979-o1\">\n<div style=\"display: none;\">\n<input type=\"hidden\" name=\"_wpcf7\" value=\"4979\" \/>\n<input type=\"hidden\" name=\"_wpcf7_version\" value=\"5.9.8\" \/>\n<input type=\"hidden\" name=\"_wpcf7_locale\" value=\"pt_BR\" \/>\n<input type=\"hidden\" name=\"_wpcf7_unit_tag\" value=\"wpcf7-f4979-o1\" \/>\n<input type=\"hidden\" name=\"_wpcf7_container_post\" value=\"0\" \/>\n<input type=\"hidden\" name=\"_wpcf7_posted_data_hash\" value=\"\" \/>\n<input type=\"hidden\" name=\"_wpcf7_recaptcha_response\" value=\"\" \/>\n<\/div>\n<p><label> Nombre*<br \/>\n<span class=\"wpcf7-form-control-wrap\" data-name=\"nome\"><input size=\"40\" maxlength=\"400\" class=\"wpcf7-form-control wpcf7-text wpcf7-validates-as-required\" autocomplete=\"name\" aria-required=\"true\" aria-invalid=\"false\" value=\"\" type=\"text\" name=\"nome\" \/><\/span> <\/label>\n<\/p>\n<p><label> Email*<br \/>\n<span class=\"wpcf7-form-control-wrap\" data-name=\"email\"><input size=\"40\" maxlength=\"400\" class=\"wpcf7-form-control wpcf7-email wpcf7-validates-as-required wpcf7-text wpcf7-validates-as-email\" autocomplete=\"email\" aria-required=\"true\" aria-invalid=\"false\" value=\"\" type=\"email\" name=\"email\" \/><\/span> <\/label>\n<\/p>\n<p><label> WhatsApp\/Tel\u00e9fono*<br \/>\n<span class=\"wpcf7-form-control-wrap\" data-name=\"Telefone\"><input size=\"40\" maxlength=\"400\" class=\"wpcf7-form-control wpcf7-text wpcf7-validates-as-required\" id=\"telefone\" aria-required=\"true\" aria-invalid=\"false\" placeholder=\"+55\" value=\"\" type=\"text\" name=\"Telefone\" \/><\/span> <\/label>\n<\/p>\n<p><label> Pa\u00eds*<br \/>\n<span class=\"wpcf7-form-control-wrap\" data-name=\"pais\"><select class=\"wpcf7-form-control wpcf7-select wpcf7-validates-as-required\" id=\"pais\" aria-required=\"true\" aria-invalid=\"false\" name=\"pais\"><option value=\"Selecione o Pa\u00eds\">Selecione o Pa\u00eds<\/option><\/select><\/span> <\/label>\n<\/p>\n<p><label> Estado*<br \/>\n<span class=\"wpcf7-form-control-wrap\" data-name=\"Estado\"><select class=\"wpcf7-form-control wpcf7-select wpcf7-validates-as-required\" id=\"estado\" aria-required=\"true\" aria-invalid=\"false\" name=\"Estado\"><option value=\"Selecione o Estado\">Selecione o Estado<\/option><\/select><\/span> <\/label>\n<\/p>\n<p><label> Ciudad*<br \/>\n<span class=\"wpcf7-form-control-wrap\" data-name=\"Cidade\"><select class=\"wpcf7-form-control wpcf7-select wpcf7-validates-as-required\" id=\"cidade\" aria-required=\"true\" aria-invalid=\"false\" name=\"Cidade\"><option value=\"Selecione a Cidade\">Selecione a Cidade<\/option><\/select><\/span> <\/label>\n<\/p>\n<p><label> Possui m\u00e1quina Casale? Qual?<br \/>\n<span class=\"wpcf7-form-control-wrap\" data-name=\"maquinacasale\"><input size=\"40\" maxlength=\"400\" class=\"wpcf7-form-control wpcf7-text\" aria-invalid=\"false\" value=\"\" type=\"text\" name=\"maquinacasale\" \/><\/span> <\/label>\n<\/p>\n<p><label> Qual setor deseja falar?*<br \/>\n<span class=\"wpcf7-form-control-wrap\" data-name=\"Setor\"><select class=\"wpcf7-form-control wpcf7-select wpcf7-validates-as-required\" id=\"setor\" aria-required=\"true\" aria-invalid=\"false\" name=\"Setor\"><option value=\"Selecione\">Selecione<\/option><option value=\"Comercial\">Comercial<\/option><option value=\"P\u00f3s-venda\">P\u00f3s-venda<\/option><option value=\"Administrativo\/Financeiro\">Administrativo\/Financeiro<\/option><option value=\"Jur\u00eddico\">Jur\u00eddico<\/option><option value=\"Recursos Humanos\">Recursos Humanos<\/option><option value=\"Outros\">Outros<\/option><\/select><\/span> <\/label>\n<\/p>\n<p><label> Descri\u00e7\u00e3o*<br \/>\n<span class=\"wpcf7-form-control-wrap\" data-name=\"Descricao\"><textarea cols=\"40\" rows=\"10\" maxlength=\"2000\" class=\"wpcf7-form-control wpcf7-textarea wpcf7-validates-as-required descri_ouvidoria\" aria-required=\"true\" aria-invalid=\"false\" name=\"Descricao\"><\/textarea><\/span> <\/label>\n<\/p>\n<input class=\"wpcf7-form-control wpcf7-hidden\" id=\"idioma\" value=\"\" type=\"hidden\" name=\"Idioma\" \/>\n<p><span class=\"wpcf7-form-control-wrap\" data-name=\"acceptance-433\"><span class=\"wpcf7-form-control wpcf7-acceptance optional\"><span class=\"wpcf7-list-item\"><label><input type=\"checkbox\" name=\"acceptance-433\" value=\"1\" aria-invalid=\"false\" \/><span class=\"wpcf7-list-item-label\">Acepto las pol\u00edticas y acepto recibir contacto<\/span><\/label><\/span><\/span><\/span>\n<\/p>\n<div class=\"button-baixar\">\n\t<p><input class=\"wpcf7-form-control wpcf7-submit has-spinner\" type=\"submit\" value=\"ENVIAR\" \/>\n\t<\/p>\n<\/div><input type='hidden' class='wpcf7-pum' value='{\"closepopup\":false,\"closedelay\":0,\"openpopup\":false,\"openpopup_id\":0}' \/><div class=\"wpcf7-response-output\" aria-hidden=\"true\"><\/div>\n<input type=\"hidden\" name=\"trp-form-language\" value=\"es\"\/><\/form>\n<\/div>\n[\/et_pb_text][\/et_pb_column][\/et_pb_row][\/et_pb_section]<\/p>","protected":false},"excerpt":{"rendered":"<p>Ouvidoria CasaleAqui voc\u00ea tem um canal seguro para falar conosco, sobre qualquer assunto. Estamos aqui para te ouvir!\n<div class=\"wpcf7 no-js\" id=\"wpcf7-f4979-o2\" lang=\"pt-BR\" dir=\"ltr\">\n<div class=\"screen-reader-response\"><p role=\"status\" aria-live=\"polite\" aria-atomic=\"true\"><\/p> <ul><\/ul><\/div>\n<form action=\"\/es\/wp-json\/wp\/v2\/pages\/2241#wpcf7-f4979-o2\" method=\"post\" class=\"wpcf7-form init\" aria-label=\"Formul\u00e1rios de contato\" novalidate=\"novalidate\" data-status=\"init\" data-trp-original-action=\"\/es\/wp-json\/wp\/v2\/pages\/2241#wpcf7-f4979-o2\">\n<div style=\"display: none;\">\n<input type=\"hidden\" name=\"_wpcf7\" value=\"4979\" \/>\n<input type=\"hidden\" name=\"_wpcf7_version\" value=\"5.9.8\" \/>\n<input type=\"hidden\" name=\"_wpcf7_locale\" value=\"pt_BR\" \/>\n<input type=\"hidden\" name=\"_wpcf7_unit_tag\" value=\"wpcf7-f4979-o2\" \/>\n<input type=\"hidden\" name=\"_wpcf7_container_post\" value=\"0\" \/>\n<input type=\"hidden\" name=\"_wpcf7_posted_data_hash\" value=\"\" \/>\n<input type=\"hidden\" name=\"_wpcf7_recaptcha_response\" value=\"\" \/>\n<\/div>\n<p><label> Nombre*<br \/>\n<span class=\"wpcf7-form-control-wrap\" data-name=\"nome\"><input size=\"40\" maxlength=\"400\" class=\"wpcf7-form-control wpcf7-text wpcf7-validates-as-required\" autocomplete=\"name\" aria-required=\"true\" aria-invalid=\"false\" value=\"\" type=\"text\" name=\"nome\" \/><\/span> <\/label>\n<\/p>\n<p><label> Email*<br \/>\n<span class=\"wpcf7-form-control-wrap\" data-name=\"email\"><input size=\"40\" maxlength=\"400\" class=\"wpcf7-form-control wpcf7-email wpcf7-validates-as-required wpcf7-text wpcf7-validates-as-email\" autocomplete=\"email\" aria-required=\"true\" aria-invalid=\"false\" value=\"\" type=\"email\" name=\"email\" \/><\/span> <\/label>\n<\/p>\n<p><label> WhatsApp\/Tel\u00e9fono*<br \/>\n<span class=\"wpcf7-form-control-wrap\" data-name=\"Telefone\"><input size=\"40\" maxlength=\"400\" class=\"wpcf7-form-control wpcf7-text wpcf7-validates-as-required\" aria-required=\"true\" aria-invalid=\"false\" placeholder=\"+55\" value=\"\" type=\"text\" name=\"Telefone\" \/><\/span> <\/label>\n<\/p>\n<p><label> Pa\u00eds*<br \/>\n<span class=\"wpcf7-form-control-wrap\" data-name=\"pais\"><select class=\"wpcf7-form-control wpcf7-select wpcf7-validates-as-required\" aria-required=\"true\" aria-invalid=\"false\" name=\"pais\"><option value=\"Selecione o Pa\u00eds\">Selecione o Pa\u00eds<\/option><\/select><\/span> <\/label>\n<\/p>\n<p><label> Estado*<br \/>\n<span class=\"wpcf7-form-control-wrap\" data-name=\"Estado\"><select class=\"wpcf7-form-control wpcf7-select wpcf7-validates-as-required\" aria-required=\"true\" aria-invalid=\"false\" name=\"Estado\"><option value=\"Selecione o Estado\">Selecione o Estado<\/option><\/select><\/span> <\/label>\n<\/p>\n<p><label> Ciudad*<br \/>\n<span class=\"wpcf7-form-control-wrap\" data-name=\"Cidade\"><select class=\"wpcf7-form-control wpcf7-select wpcf7-validates-as-required\" aria-required=\"true\" aria-invalid=\"false\" name=\"Cidade\"><option value=\"Selecione a Cidade\">Selecione a Cidade<\/option><\/select><\/span> <\/label>\n<\/p>\n<p><label> Possui m\u00e1quina Casale? Qual?<br \/>\n<span class=\"wpcf7-form-control-wrap\" data-name=\"maquinacasale\"><input size=\"40\" maxlength=\"400\" class=\"wpcf7-form-control wpcf7-text\" aria-invalid=\"false\" value=\"\" type=\"text\" name=\"maquinacasale\" \/><\/span> <\/label>\n<\/p>\n<p><label> Qual setor deseja falar?*<br \/>\n<span class=\"wpcf7-form-control-wrap\" data-name=\"Setor\"><select class=\"wpcf7-form-control wpcf7-select wpcf7-validates-as-required\" aria-required=\"true\" aria-invalid=\"false\" name=\"Setor\"><option value=\"Selecione\">Selecione<\/option><option value=\"Comercial\">Comercial<\/option><option value=\"P\u00f3s-venda\">P\u00f3s-venda<\/option><option value=\"Administrativo\/Financeiro\">Administrativo\/Financeiro<\/option><option value=\"Jur\u00eddico\">Jur\u00eddico<\/option><option value=\"Recursos Humanos\">Recursos Humanos<\/option><option value=\"Outros\">Outros<\/option><\/select><\/span> <\/label>\n<\/p>\n<p><label> Descri\u00e7\u00e3o*<br \/>\n<span class=\"wpcf7-form-control-wrap\" data-name=\"Descricao\"><textarea cols=\"40\" rows=\"10\" maxlength=\"2000\" class=\"wpcf7-form-control wpcf7-textarea wpcf7-validates-as-required descri_ouvidoria\" aria-required=\"true\" aria-invalid=\"false\" name=\"Descricao\"><\/textarea><\/span> <\/label>\n<\/p>\n<input class=\"wpcf7-form-control wpcf7-hidden\" value=\"\" type=\"hidden\" name=\"Idioma\" \/>\n<p><span class=\"wpcf7-form-control-wrap\" data-name=\"acceptance-433\"><span class=\"wpcf7-form-control wpcf7-acceptance optional\"><span class=\"wpcf7-list-item\"><label><input type=\"checkbox\" name=\"acceptance-433\" value=\"1\" aria-invalid=\"false\" \/><span class=\"wpcf7-list-item-label\">Acepto las pol\u00edticas y acepto recibir contacto<\/span><\/label><\/span><\/span><\/span>\n<\/p>\n<div class=\"button-baixar\">\n\t<p><input class=\"wpcf7-form-control wpcf7-submit has-spinner\" type=\"submit\" value=\"ENVIAR\" \/>\n\t<\/p>\n<\/div><input type='hidden' class='wpcf7-pum' value='{\"closepopup\":false,\"closedelay\":0,\"openpopup\":false,\"openpopup_id\":0}' \/><div class=\"wpcf7-response-output\" aria-hidden=\"true\"><\/div>\n<input type=\"hidden\" name=\"trp-form-language\" value=\"es\"\/><\/form>\n<\/div>\n<\/p>","protected":false},"author":5,"featured_media":0,"parent":0,"menu_order":0,"comment_status":"closed","ping_status":"closed","template":"","meta":{"_et_pb_use_builder":"on","_et_pb_old_content":"","_et_gb_content_width":"","_joinchat":[],"footnotes":""},"class_list":["post-2241","page","type-page","status-publish","hentry"],"yoast_head":"<!-- This site is optimized with the Yoast SEO plugin v23.4 - https:\/\/yoast.com\/wordpress\/plugins\/seo\/ -->\n<title>Ouvidoria &#187; Casale<\/title>\n<meta name=\"description\" content=\"Entre em contato conosco para sugest\u00f5es, den\u00fancias, agradecimentos, reclama\u00e7\u00f5es, solicita\u00e7\u00f5es e d\u00favidas.\" \/>\n<meta name=\"robots\" content=\"index, follow, max-snippet:-1, max-image-preview:large, max-video-preview:-1\" \/>\n<link rel=\"canonical\" href=\"https:\/\/casale.com.br\/es\/ouvidoria\/\" \/>\n<meta property=\"og:locale\" content=\"es_ES\" \/>\n<meta property=\"og:type\" content=\"article\" \/>\n<meta property=\"og:title\" content=\"Ouvidoria &#187; Casale\" \/>\n<meta property=\"og:description\" content=\"Entre em contato conosco para sugest\u00f5es, den\u00fancias, agradecimentos, reclama\u00e7\u00f5es, solicita\u00e7\u00f5es e d\u00favidas.\" \/>\n<meta property=\"og:url\" content=\"https:\/\/casale.com.br\/es\/ouvidoria\/\" \/>\n<meta property=\"og:site_name\" content=\"Casale\" \/>\n<meta property=\"article:modified_time\" content=\"2023-09-28T15:30:39+00:00\" \/>\n<meta name=\"twitter:card\" content=\"summary_large_image\" \/>\n<meta name=\"twitter:label1\" content=\"Tiempo de lectura\" \/>\n\t<meta name=\"twitter:data1\" content=\"1 minuto\" \/>\n<script type=\"application\/ld+json\" class=\"yoast-schema-graph\">{\"@context\":\"https:\/\/schema.org\",\"@graph\":[{\"@type\":\"WebPage\",\"@id\":\"https:\/\/casale.com.br\/ouvidoria\/\",\"url\":\"https:\/\/casale.com.br\/ouvidoria\/\",\"name\":\"Ouvidoria &#187; Casale\",\"isPartOf\":{\"@id\":\"https:\/\/casale.com.br\/#website\"},\"datePublished\":\"2020-06-08T14:19:28+00:00\",\"dateModified\":\"2023-09-28T15:30:39+00:00\",\"description\":\"Entre em contato conosco para sugest\u00f5es, den\u00fancias, agradecimentos, reclama\u00e7\u00f5es, solicita\u00e7\u00f5es e d\u00favidas.\",\"breadcrumb\":{\"@id\":\"https:\/\/casale.com.br\/ouvidoria\/#breadcrumb\"},\"inLanguage\":\"es\",\"potentialAction\":[{\"@type\":\"ReadAction\",\"target\":[\"https:\/\/casale.com.br\/ouvidoria\/\"]}]},{\"@type\":\"BreadcrumbList\",\"@id\":\"https:\/\/casale.com.br\/ouvidoria\/#breadcrumb\",\"itemListElement\":[{\"@type\":\"ListItem\",\"position\":1,\"name\":\"In\u00edcio\",\"item\":\"https:\/\/casale.com.br\/\"},{\"@type\":\"ListItem\",\"position\":2,\"name\":\"Ouvidoria\"}]},{\"@type\":\"WebSite\",\"@id\":\"https:\/\/casale.com.br\/#website\",\"url\":\"https:\/\/casale.com.br\/\",\"name\":\"Casale\",\"description\":\"As melhores solu\u00e7\u00f5es para pecu\u00e1ria\",\"potentialAction\":[{\"@type\":\"SearchAction\",\"target\":{\"@type\":\"EntryPoint\",\"urlTemplate\":\"https:\/\/casale.com.br\/?s={search_term_string}\"},\"query-input\":{\"@type\":\"PropertyValueSpecification\",\"valueRequired\":true,\"valueName\":\"search_term_string\"}}],\"inLanguage\":\"es\"}]}<\/script>\n<!-- \/ Yoast SEO plugin. -->","yoast_head_json":{"title":"Ouvidoria &#187; Casale","description":"Entre em contato conosco para sugest\u00f5es, den\u00fancias, agradecimentos, reclama\u00e7\u00f5es, solicita\u00e7\u00f5es e d\u00favidas.","robots":{"index":"index","follow":"follow","max-snippet":"max-snippet:-1","max-image-preview":"max-image-preview:large","max-video-preview":"max-video-preview:-1"},"canonical":"https:\/\/casale.com.br\/es\/ouvidoria\/","og_locale":"es_ES","og_type":"article","og_title":"Ouvidoria &#187; Casale","og_description":"Entre em contato conosco para sugest\u00f5es, den\u00fancias, agradecimentos, reclama\u00e7\u00f5es, solicita\u00e7\u00f5es e d\u00favidas.","og_url":"https:\/\/casale.com.br\/es\/ouvidoria\/","og_site_name":"Casale","article_modified_time":"2023-09-28T15:30:39+00:00","twitter_card":"summary_large_image","twitter_misc":{"Tiempo de lectura":"1 minuto"},"schema":{"@context":"https:\/\/schema.org","@graph":[{"@type":"WebPage","@id":"https:\/\/casale.com.br\/ouvidoria\/","url":"https:\/\/casale.com.br\/ouvidoria\/","name":"Ouvidoria &#187; Casale","isPartOf":{"@id":"https:\/\/casale.com.br\/#website"},"datePublished":"2020-06-08T14:19:28+00:00","dateModified":"2023-09-28T15:30:39+00:00","description":"Entre em contato conosco para sugest\u00f5es, den\u00fancias, agradecimentos, reclama\u00e7\u00f5es, solicita\u00e7\u00f5es e d\u00favidas.","breadcrumb":{"@id":"https:\/\/casale.com.br\/ouvidoria\/#breadcrumb"},"inLanguage":"es","potentialAction":[{"@type":"ReadAction","target":["https:\/\/casale.com.br\/ouvidoria\/"]}]},{"@type":"BreadcrumbList","@id":"https:\/\/casale.com.br\/ouvidoria\/#breadcrumb","itemListElement":[{"@type":"ListItem","position":1,"name":"In\u00edcio","item":"https:\/\/casale.com.br\/"},{"@type":"ListItem","position":2,"name":"Ouvidoria"}]},{"@type":"WebSite","@id":"https:\/\/casale.com.br\/#website","url":"https:\/\/casale.com.br\/","name":"Casale","description":"As melhores solu\u00e7\u00f5es para pecu\u00e1ria","potentialAction":[{"@type":"SearchAction","target":{"@type":"EntryPoint","urlTemplate":"https:\/\/casale.com.br\/?s={search_term_string}"},"query-input":{"@type":"PropertyValueSpecification","valueRequired":true,"valueName":"search_term_string"}}],"inLanguage":"es"}]}},"_links":{"self":[{"href":"https:\/\/casale.com.br\/es\/wp-json\/wp\/v2\/pages\/2241"}],"collection":[{"href":"https:\/\/casale.com.br\/es\/wp-json\/wp\/v2\/pages"}],"about":[{"href":"https:\/\/casale.com.br\/es\/wp-json\/wp\/v2\/types\/page"}],"author":[{"embeddable":true,"href":"https:\/\/casale.com.br\/es\/wp-json\/wp\/v2\/users\/5"}],"replies":[{"embeddable":true,"href":"https:\/\/casale.com.br\/es\/wp-json\/wp\/v2\/comments?post=2241"}],"version-history":[{"count":2,"href":"https:\/\/casale.com.br\/es\/wp-json\/wp\/v2\/pages\/2241\/revisions"}],"predecessor-version":[{"id":4982,"href":"https:\/\/casale.com.br\/es\/wp-json\/wp\/v2\/pages\/2241\/revisions\/4982"}],"wp:attachment":[{"href":"https:\/\/casale.com.br\/es\/wp-json\/wp\/v2\/media?parent=2241"}],"curies":[{"name":"wp","href":"https:\/\/api.w.org\/{rel}","templated":true}]}}