{"id":15,"date":"2019-10-01T17:03:39","date_gmt":"2019-10-01T20:03:39","guid":{"rendered":"http:\/\/casale.com.br\/?page_id=15"},"modified":"2025-06-26T12:03:23","modified_gmt":"2025-06-26T15:03:23","slug":"fale-conosco","status":"publish","type":"page","link":"https:\/\/casale.com.br\/es\/fale-conosco\/","title":{"rendered":"Cont\u00e1ctenos"},"content":{"rendered":"<p>[et_pb_section fb_built=&#8221;1&#8243; _builder_version=&#8221;4.16&#8243; custom_padding=&#8221;15px||0px|||&#8221; global_colors_info=&#8221;{}&#8221;][et_pb_row _builder_version=&#8221;4.16&#8243; global_colors_info=&#8221;{}&#8221;][et_pb_column type=&#8221;4_4&#8243; _builder_version=&#8221;4.16&#8243; custom_padding=&#8221;|||&#8221; global_colors_info=&#8221;{}&#8221; custom_padding__hover=&#8221;|||&#8221;][et_pb_text _builder_version=&#8221;4.16&#8243; header_font=&#8221;||||||||&#8221; header_3_font=&#8221;|700|||||||&#8221; header_3_text_color=&#8221;#00813d&#8221; global_colors_info=&#8221;{}&#8221;]<\/p>\n<h3><span class=\"sublinhado\">HABLE CON NOSOTRO<\/span><\/h3>\n<p>[\/et_pb_text][\/et_pb_column][\/et_pb_row][et_pb_row _builder_version=&#8221;4.16&#8243; custom_padding=&#8221;11px||10px|||&#8221; global_colors_info=&#8221;{}&#8221;][et_pb_column type=&#8221;4_4&#8243; _builder_version=&#8221;4.16&#8243; custom_padding=&#8221;|||&#8221; global_colors_info=&#8221;{}&#8221; custom_padding__hover=&#8221;|||&#8221;][et_pb_text _builder_version=&#8221;4.27.0&#8243; text_font=&#8221;||||||||&#8221; text_font_size=&#8221;16px&#8221; hover_enabled=&#8221;0&#8243; global_colors_info=&#8221;{}&#8221; sticky_enabled=&#8221;0&#8243;]A Casale est\u00e1 \u00e0 disposi\u00e7\u00e3o para esclarecer suas d\u00favidas. Sempre que precisar, conte com a nossa equipe! Para solicita\u00e7\u00f5es de or\u00e7amento, clique no bot\u00e3o abaixo.<br \/>\n[\/et_pb_text][et_pb_button button_text=&#8221;Solicitar Or\u00e7amento&#8221; _builder_version=&#8221;4.27.0&#8243; _module_preset=&#8221;default&#8221; button_url=&#8221;\/vendas&#8221; hover_enabled=&#8221;0&#8243; sticky_enabled=&#8221;0&#8243; custom_button=&#8221;on&#8221; button_text_size=&#8221;18px&#8221; button_border_width=&#8221;2px&#8221; button_letter_spacing=&#8221;1px&#8221; custom_margin=&#8221;||||false|false&#8221; custom_padding=&#8221;3px||3px||true|false&#8221;][\/et_pb_button][\/et_pb_column][\/et_pb_row][\/et_pb_section][et_pb_section fb_built=&#8221;1&#8243; specialty=&#8221;on&#8221; _builder_version=&#8221;4.16&#8243; _module_preset=&#8221;default&#8221; custom_padding=&#8221;0px|||||&#8221; global_colors_info=&#8221;{}&#8221;][et_pb_column type=&#8221;1_2&#8243; _builder_version=&#8221;4.16&#8243; custom_padding=&#8221;|||&#8221; global_colors_info=&#8221;{}&#8221; custom_padding__hover=&#8221;|||&#8221;][et_pb_text _builder_version=&#8221;4.16&#8243; _module_preset=&#8221;default&#8221; header_3_font=&#8221;|600|||||||&#8221; header_3_text_color=&#8221;#00813d&#8221; header_4_font=&#8221;|700|||||||&#8221; header_4_text_color=&#8221;#00813d&#8221; global_colors_info=&#8221;{}&#8221;]<\/p>\n<h4><span class=\"sublinhado\">CONTACTO<\/span><\/h4>\n<p>[\/et_pb_text][et_pb_code _builder_version=&#8221;4.16&#8243; _module_preset=&#8221;default&#8221; global_colors_info=&#8221;{}&#8221;]<!-- [et_pb_line_break_holder] --><\/p>\n<div id=\"form_vendas\"><!-- [et_pb_line_break_holder] -->  <!-- [et_pb_line_break_holder] --><\/div>\n<p><!-- [et_pb_line_break_holder] --><script type=\"text\/javascript\"><!-- [et_pb_line_break_holder] -->\t\tlet url = window.location.href;<!-- [et_pb_line_break_holder] -->  \tlet vendas = document.getElementById('form_vendas');<!-- [et_pb_line_break_holder] -->\t\tif( url.match('\/en\/') ){<!-- [et_pb_line_break_holder] -->     \t vendas.innerHTML = '<\/p>\n<div role=\"main\" id=\"formulario-site-contato-en-ac1d90e7ddce90fce456\"><\/div>\n<p>';<!-- [et_pb_line_break_holder] -->    }else if (url.match('\/es\/') ){<!-- [et_pb_line_break_holder] -->    \tvendas.innerHTML = '<\/p>\n<div role=\"main\" id=\"formulario-site-contato-es-5504ee74bec31fb1ead6\"><\/div>\n<p>';<!-- [et_pb_line_break_holder] -->    }else{<!-- [et_pb_line_break_holder] -->    \tvendas.innerHTML = '<\/p>\n<div role=\"main\" id=\"formulario-site-1608ca9937e00568e5ad\"><\/div>\n<p>';<!-- [et_pb_line_break_holder] -->    }<!-- [et_pb_line_break_holder] --><\/script><!-- [et_pb_line_break_holder] --><!-- Contato --><!-- [et_pb_line_break_holder] --><script type=\"text\/javascript\" src=\"https:\/\/d335luupugsy2.cloudfront.net\/js\/rdstation-forms\/stable\/rdstation-forms.min.js\"><\/script><!-- [et_pb_line_break_holder] --><script type=\"text\/javascript\"> new RDStationForms('formulario-site-1608ca9937e00568e5ad', 'UA-122815033-1').createForm();<\/script><!-- [et_pb_line_break_holder] --><!-- [et_pb_line_break_holder] --><!-- Contato EN --><!-- [et_pb_line_break_holder] --><script type=\"text\/javascript\" src=\"https:\/\/d335luupugsy2.cloudfront.net\/js\/rdstation-forms\/stable\/rdstation-forms.min.js\"><\/script><!-- [et_pb_line_break_holder] --><script type=\"text\/javascript\"> new RDStationForms('formulario-site-contato-en-ac1d90e7ddce90fce456', 'UA-122815033-1').createForm();<\/script><!-- [et_pb_line_break_holder] --><!-- [et_pb_line_break_holder] --><!-- Contato ES --><!-- [et_pb_line_break_holder] --><script type=\"text\/javascript\" src=\"https:\/\/d335luupugsy2.cloudfront.net\/js\/rdstation-forms\/stable\/rdstation-forms.min.js\"><\/script><!-- [et_pb_line_break_holder] --><script type=\"text\/javascript\"> new RDStationForms('formulario-site-contato-es-5504ee74bec31fb1ead6', 'UA-122815033-1').createForm();<\/script>[\/et_pb_code][\/et_pb_column][et_pb_column type=&#8221;1_2&#8243; specialty_columns=&#8221;2&#8243; _builder_version=&#8221;4.16&#8243; custom_padding=&#8221;|||&#8221; global_colors_info=&#8221;{}&#8221; custom_padding__hover=&#8221;|||&#8221;][et_pb_row_inner _builder_version=&#8221;4.16&#8243; _module_preset=&#8221;default&#8221; global_colors_info=&#8221;{}&#8221;][et_pb_column_inner saved_specialty_column_type=&#8221;1_2&#8243; _builder_version=&#8221;4.16&#8243; _module_preset=&#8221;default&#8221; global_colors_info=&#8221;{}&#8221;][et_pb_text _builder_version=&#8221;4.16&#8243; _module_preset=&#8221;default&#8221; header_3_font=&#8221;|600|||||||&#8221; header_3_text_color=&#8221;#00813d&#8221; header_4_font=&#8221;|700||on|||||&#8221; header_4_text_color=&#8221;#00813d&#8221; custom_margin=&#8221;6px|||||&#8221; global_colors_info=&#8221;{}&#8221;]<\/p>\n<h4><span class=\"sublinhado\">UBICACI\u00d3N<\/span><\/h4>\n<p>[\/et_pb_text][et_pb_code _builder_version=&#8221;4.19.2&#8243; _module_preset=&#8221;default&#8221; link_option_url=&#8221;https:\/\/goo.gl\/maps\/4rXEJaqwgYAzP6fv9&#8243; link_option_url_new_window=&#8221;on&#8221; global_colors_info=&#8221;{}&#8221;]<iframe href=\"https:\/\/goo.gl\/maps\/4rXEJaqwgYAzP6fv9\" src=\"https:\/\/www.google.com\/maps\/embed?pb=!1m14!1m8!1m3!1d29597.36331872797!2d-47.901417!3d-21.985609!3m2!1i1024!2i768!4f13.1!3m3!1m2!1s0x0%3A0xa721eadc19fb79b5!2sCasale%20Equipamentos!5e0!3m2!1spt-BR!2sus!4v1597927333567!5m2!1spt-BR!2sus\" width=\"600\" height=\"450\" frameborder=\"0\" style=\"border:0;\" allowfullscreen=\"\" aria-hidden=\"false\" tabindex=\"0\"><\/iframe>[\/et_pb_code][\/et_pb_column_inner][\/et_pb_row_inner][et_pb_row_inner _builder_version=&#8221;4.16&#8243; _module_preset=&#8221;default&#8221; custom_padding=&#8221;6px||18px|||&#8221; border_width_bottom=&#8221;2px&#8221; border_color_bottom=&#8221;#cccccc&#8221; global_colors_info=&#8221;{}&#8221;][et_pb_column_inner saved_specialty_column_type=&#8221;1_2&#8243; _builder_version=&#8221;4.16&#8243; _module_preset=&#8221;default&#8221; global_colors_info=&#8221;{}&#8221;][et_pb_text _builder_version=&#8221;4.19.2&#8243; _module_preset=&#8221;default&#8221; text_font_size=&#8221;16px&#8221; link_option_url=&#8221;https:\/\/goo.gl\/maps\/4rXEJaqwgYAzP6fv9&#8243; link_option_url_new_window=&#8221;on&#8221; global_colors_info=&#8221;{}&#8221;]<\/p>\n<p><a href=\"https:\/\/goo.gl\/maps\/4rXEJaqwgYAzP6fv9\" target=\"_blank\" rel=\"noopener\"><strong>DIRECCI\u00d3N<\/strong>: Rodovia Washington Lu\u00eds, km 237, S\u00e3o Carlos &#8211; SP &#8211; Brasil<\/a><br \/><a href=\"https:\/\/goo.gl\/maps\/4rXEJaqwgYAzP6fv9\" target=\"_blank\" rel=\"noopener\">C. Postal 709 \/ CEP: 13560-970<\/a><\/p>\n<p>[\/et_pb_text][\/et_pb_column_inner][\/et_pb_row_inner][et_pb_row_inner column_structure=&#8221;1_2,1_2&#8243; _builder_version=&#8221;4.16&#8243; _module_preset=&#8221;default&#8221; border_width_bottom=&#8221;2px&#8221; border_color_bottom=&#8221;#cccccc&#8221; global_colors_info=&#8221;{}&#8221;][et_pb_column_inner type=&#8221;1_2&#8243; saved_specialty_column_type=&#8221;1_2&#8243; _builder_version=&#8221;4.16&#8243; _module_preset=&#8221;default&#8221; border_width_right=&#8221;2px&#8221; border_color_right=&#8221;#cccccc&#8221; global_colors_info=&#8221;{}&#8221;][et_pb_blurb title=&#8221;Telefone&#8221; url=&#8221;tel:551634115000&#8243; use_icon=&#8221;on&#8221; font_icon=&#8221;&#xe090;||divi||400&#8243; icon_placement=&#8221;left&#8221; _builder_version=&#8221;4.19.2&#8243; _module_preset=&#8221;default&#8221; header_font=&#8221;|700|||||||&#8221; header_text_color=&#8221;#686868&#8243; body_font_size=&#8221;15px&#8221; link_option_url=&#8221;tel:551634115000&#8243; global_colors_info=&#8221;{}&#8221;]<\/p>\n<p><a href=\"tel:551634115000\"><span>+55 (16) 3411-5000<\/span><\/a><\/p>\n<p>[\/et_pb_blurb][\/et_pb_column_inner][et_pb_column_inner type=&#8221;1_2&#8243; saved_specialty_column_type=&#8221;1_2&#8243; _builder_version=&#8221;4.16&#8243; _module_preset=&#8221;default&#8221; global_colors_info=&#8221;{}&#8221;][et_pb_blurb title=&#8221;Email&#8221; url=&#8221;mailto:casale@casale.com.br&#8221; use_icon=&#8221;on&#8221; font_icon=&#8221;&#xe010;||divi||400&#8243; icon_placement=&#8221;left&#8221; _builder_version=&#8221;4.19.2&#8243; _module_preset=&#8221;default&#8221; header_font=&#8221;|700|||||||&#8221; header_text_color=&#8221;#686868&#8243; body_font_size=&#8221;15px&#8221; link_option_url=&#8221;mailto:casale@casale.com.br&#8221; global_colors_info=&#8221;{}&#8221;]<\/p>\n<p><a href=\"mailto:casale@casale.com.br\">casale@casale.com.br<\/a><\/p>\n<p>[\/et_pb_blurb][\/et_pb_column_inner][\/et_pb_row_inner][et_pb_row_inner _builder_version=&#8221;4.16&#8243; _module_preset=&#8221;default&#8221; custom_padding=&#8221;21px|||||&#8221; global_colors_info=&#8221;{}&#8221;][et_pb_column_inner saved_specialty_column_type=&#8221;1_2&#8243; _builder_version=&#8221;4.16&#8243; _module_preset=&#8221;default&#8221; global_colors_info=&#8221;{}&#8221;][et_pb_text _builder_version=&#8221;4.24.0&#8243; _module_preset=&#8221;default&#8221; header_3_font=&#8221;|600|||||||&#8221; header_3_text_color=&#8221;#00813d&#8221; header_4_font=&#8221;|700||on|||||&#8221; header_4_text_color=&#8221;#00813d&#8221; custom_margin=&#8221;6px|||||&#8221; global_colors_info=&#8221;{}&#8221;]<\/p>\n<h4><span class=\"sublinhado\">Venda de pe\u00e7as e a<\/span><span class=\"sublinhado\">ssist\u00eancia t\u00e9cnica<\/span><\/h4>\n<p>[\/et_pb_text][et_pb_blurb title=&#8221;Telefone&#8221; url=&#8221;tel:5516981877883&#8243; use_icon=&#8221;on&#8221; font_icon=&#8221;&#xe090;||divi||400&#8243; icon_placement=&#8221;left&#8221; _builder_version=&#8221;4.24.0&#8243; _module_preset=&#8221;default&#8221; header_font=&#8221;|700|||||||&#8221; header_text_color=&#8221;#686868&#8243; body_font_size=&#8221;15px&#8221; link_option_url=&#8221;tel:5516981877883&#8243; global_colors_info=&#8221;{}&#8221;]<a href=\"tel:551634115000\"><span>(16) 3411-5000<\/span><\/a>[\/et_pb_blurb][et_pb_blurb title=&#8221;(MG, GO, MS, PI, RJ, RN, RO, ES, CE, DF, MA)&#8221; url=&#8221;tel:5516981877883&#8243; use_icon=&#8221;on&#8221; font_icon=&#8221;&#xe090;||divi||400&#8243; icon_placement=&#8221;left&#8221; disabled_on=&#8221;on|on|on&#8221; _builder_version=&#8221;4.24.0&#8243; _module_preset=&#8221;default&#8221; header_font=&#8221;|700|||||||&#8221; header_text_color=&#8221;#686868&#8243; body_font_size=&#8221;15px&#8221; link_option_url=&#8221;tel:5516981877883&#8243; disabled=&#8221;on&#8221; global_colors_info=&#8221;{}&#8221;]<\/p>\n<p><a href=\"tel:5516981877883\"><span>(16) 98187-7883<\/span><\/a><\/p>\n<p>[\/et_pb_blurb][et_pb_blurb title=&#8221; (SP, MT, PR, RS, PA, SC, TO, BA, SE, PE, PB)&#8221; url=&#8221;tel:5516981229937&#8243; url_new_window=&#8221;on&#8221; use_icon=&#8221;on&#8221; font_icon=&#8221;&#xe090;||divi||400&#8243; icon_placement=&#8221;left&#8221; disabled_on=&#8221;on|on|on&#8221; _builder_version=&#8221;4.24.0&#8243; _module_preset=&#8221;default&#8221; header_font=&#8221;|700|||||||&#8221; header_text_color=&#8221;#686868&#8243; body_font_size=&#8221;15px&#8221; link_option_url=&#8221;tel:5516981229937&#8243; link_option_url_new_window=&#8221;on&#8221; disabled=&#8221;on&#8221; global_colors_info=&#8221;{}&#8221;]<\/p>\n<p><a href=\"tel:5516981229937\"><span>(16) 98122-9937<\/span><\/a><\/p>\n<p>[\/et_pb_blurb][et_pb_text disabled_on=&#8221;on|on|on&#8221; _builder_version=&#8221;4.24.0&#8243; _module_preset=&#8221;default&#8221; header_3_font=&#8221;|600|||||||&#8221; header_3_text_color=&#8221;#00813d&#8221; header_4_font=&#8221;|700||on|||||&#8221; header_4_text_color=&#8221;#00813d&#8221; custom_margin=&#8221;6px|||||&#8221; disabled=&#8221;on&#8221; global_colors_info=&#8221;{}&#8221;]<\/p>\n<h4><span class=\"sublinhado\">ASISTENCIA T\u00c9CNICA Y GARANT\u00cdA<\/span><\/h4>\n<p>[\/et_pb_text][et_pb_blurb title=&#8221;(SP, PR, SC, RS, RR, AP, PA, TO, MA, PI, CE, RN, PB, PE, AL, SE, BA)&#8221; url=&#8221;tel:5516992451791&#8243; use_icon=&#8221;on&#8221; font_icon=&#8221;&#xe090;||divi||400&#8243; icon_placement=&#8221;left&#8221; disabled_on=&#8221;on|on|on&#8221; _builder_version=&#8221;4.24.0&#8243; _module_preset=&#8221;default&#8221; header_font=&#8221;|700|||||||&#8221; header_text_color=&#8221;#686868&#8243; body_font_size=&#8221;15px&#8221; link_option_url=&#8221;tel:5516992451791&#8243; disabled=&#8221;on&#8221; global_colors_info=&#8221;{}&#8221;]<\/p>\n<p><a href=\"tel:5516997732933\"><span>(16) 99773-2933<\/span><\/a><\/p>\n<p>[\/et_pb_blurb][et_pb_blurb title=&#8221;(RJ, ES, MG, GO, MS, MT, RO, AC, AM)&#8221; url=&#8221;tel:5516992451791&#8243; use_icon=&#8221;on&#8221; font_icon=&#8221;&#xe090;||divi||400&#8243; icon_placement=&#8221;left&#8221; disabled_on=&#8221;on|on|on&#8221; _builder_version=&#8221;4.24.0&#8243; _module_preset=&#8221;default&#8221; header_font=&#8221;|700|||||||&#8221; header_text_color=&#8221;#686868&#8243; body_font_size=&#8221;15px&#8221; link_option_url=&#8221;tel:5516992451791&#8243; disabled=&#8221;on&#8221; global_colors_info=&#8221;{}&#8221;]<\/p>\n<p><a href=\"tel:5516992451791\"><span>(16) 99245-1791<\/span><\/a><\/p>\n<p>[\/et_pb_blurb][\/et_pb_column_inner][\/et_pb_row_inner][\/et_pb_column][\/et_pb_section]<\/p>","protected":false},"excerpt":{"rendered":"<p>FALE CONOSCOA Casale est\u00e1 \u00e0 disposi\u00e7\u00e3o para esclarecer suas d\u00favidas. Sempre que precisar, conte com a nossa equipe! Para solicita\u00e7\u00f5es de or\u00e7amento, clique no bot\u00e3o abaixo. CONTATOLocaliza\u00e7\u00e3oEndere\u00e7o: Rodovia Washington Lu\u00eds, [&hellip;]<\/p>","protected":false},"author":5,"featured_media":0,"parent":0,"menu_order":0,"comment_status":"closed","ping_status":"closed","template":"","meta":{"_et_pb_use_builder":"on","_et_pb_old_content":"<!-- wp:divi\/placeholder \/-->","_et_gb_content_width":"","_joinchat":[],"footnotes":""},"class_list":["post-15","page","type-page","status-publish","hentry"],"yoast_head":"<!-- This site is optimized with the Yoast SEO plugin v23.4 - https:\/\/yoast.com\/wordpress\/plugins\/seo\/ -->\n<title>Fale Conosco &#187; Casale<\/title>\n<meta name=\"description\" content=\"A Casale est\u00e1 dispon\u00edvel para solucionar suas d\u00favidas e atender pedidos de or\u00e7amento. Sempre que precisar, entre em contato com a nossa equipe e resolveremos o mais r\u00e1pido poss\u00edvel.\" \/>\n<meta name=\"robots\" content=\"index, follow, max-snippet:-1, max-image-preview:large, max-video-preview:-1\" \/>\n<link rel=\"canonical\" href=\"https:\/\/casale.com.br\/es\/fale-conosco\/\" \/>\n<meta property=\"og:locale\" content=\"es_ES\" \/>\n<meta property=\"og:type\" content=\"article\" \/>\n<meta property=\"og:title\" content=\"Fale Conosco &#187; Casale\" \/>\n<meta property=\"og:description\" content=\"A Casale est\u00e1 dispon\u00edvel para solucionar suas d\u00favidas e atender pedidos de or\u00e7amento. Sempre que precisar, entre em contato com a nossa equipe e resolveremos o mais r\u00e1pido poss\u00edvel.\" \/>\n<meta property=\"og:url\" content=\"https:\/\/casale.com.br\/es\/fale-conosco\/\" \/>\n<meta property=\"og:site_name\" content=\"Casale\" \/>\n<meta property=\"article:modified_time\" content=\"2025-06-26T15:03:23+00:00\" \/>\n<meta name=\"twitter:card\" content=\"summary_large_image\" \/>\n<meta name=\"twitter:label1\" content=\"Tiempo de lectura\" \/>\n\t<meta name=\"twitter:data1\" content=\"5 minutos\" \/>\n<script type=\"application\/ld+json\" class=\"yoast-schema-graph\">{\"@context\":\"https:\/\/schema.org\",\"@graph\":[{\"@type\":\"WebPage\",\"@id\":\"https:\/\/casale.com.br\/fale-conosco\/\",\"url\":\"https:\/\/casale.com.br\/fale-conosco\/\",\"name\":\"Fale Conosco &#187; Casale\",\"isPartOf\":{\"@id\":\"https:\/\/casale.com.br\/#website\"},\"datePublished\":\"2019-10-01T20:03:39+00:00\",\"dateModified\":\"2025-06-26T15:03:23+00:00\",\"description\":\"A Casale est\u00e1 dispon\u00edvel para solucionar suas d\u00favidas e atender pedidos de or\u00e7amento. Sempre que precisar, entre em contato com a nossa equipe e resolveremos o mais r\u00e1pido poss\u00edvel.\",\"breadcrumb\":{\"@id\":\"https:\/\/casale.com.br\/fale-conosco\/#breadcrumb\"},\"inLanguage\":\"es\",\"potentialAction\":[{\"@type\":\"ReadAction\",\"target\":[\"https:\/\/casale.com.br\/fale-conosco\/\"]}]},{\"@type\":\"BreadcrumbList\",\"@id\":\"https:\/\/casale.com.br\/fale-conosco\/#breadcrumb\",\"itemListElement\":[{\"@type\":\"ListItem\",\"position\":1,\"name\":\"In\u00edcio\",\"item\":\"https:\/\/casale.com.br\/\"},{\"@type\":\"ListItem\",\"position\":2,\"name\":\"Fale Conosco\"}]},{\"@type\":\"WebSite\",\"@id\":\"https:\/\/casale.com.br\/#website\",\"url\":\"https:\/\/casale.com.br\/\",\"name\":\"Casale\",\"description\":\"As melhores solu\u00e7\u00f5es para pecu\u00e1ria\",\"potentialAction\":[{\"@type\":\"SearchAction\",\"target\":{\"@type\":\"EntryPoint\",\"urlTemplate\":\"https:\/\/casale.com.br\/?s={search_term_string}\"},\"query-input\":{\"@type\":\"PropertyValueSpecification\",\"valueRequired\":true,\"valueName\":\"search_term_string\"}}],\"inLanguage\":\"es\"}]}<\/script>\n<!-- \/ Yoast SEO plugin. -->","yoast_head_json":{"title":"Fale Conosco &#187; Casale","description":"A Casale est\u00e1 dispon\u00edvel para solucionar suas d\u00favidas e atender pedidos de or\u00e7amento. Sempre que precisar, entre em contato com a nossa equipe e resolveremos o mais r\u00e1pido poss\u00edvel.","robots":{"index":"index","follow":"follow","max-snippet":"max-snippet:-1","max-image-preview":"max-image-preview:large","max-video-preview":"max-video-preview:-1"},"canonical":"https:\/\/casale.com.br\/es\/fale-conosco\/","og_locale":"es_ES","og_type":"article","og_title":"Fale Conosco &#187; Casale","og_description":"A Casale est\u00e1 dispon\u00edvel para solucionar suas d\u00favidas e atender pedidos de or\u00e7amento. Sempre que precisar, entre em contato com a nossa equipe e resolveremos o mais r\u00e1pido poss\u00edvel.","og_url":"https:\/\/casale.com.br\/es\/fale-conosco\/","og_site_name":"Casale","article_modified_time":"2025-06-26T15:03:23+00:00","twitter_card":"summary_large_image","twitter_misc":{"Tiempo de lectura":"5 minutos"},"schema":{"@context":"https:\/\/schema.org","@graph":[{"@type":"WebPage","@id":"https:\/\/casale.com.br\/fale-conosco\/","url":"https:\/\/casale.com.br\/fale-conosco\/","name":"Fale Conosco &#187; Casale","isPartOf":{"@id":"https:\/\/casale.com.br\/#website"},"datePublished":"2019-10-01T20:03:39+00:00","dateModified":"2025-06-26T15:03:23+00:00","description":"A Casale est\u00e1 dispon\u00edvel para solucionar suas d\u00favidas e atender pedidos de or\u00e7amento. Sempre que precisar, entre em contato com a nossa equipe e resolveremos o mais r\u00e1pido poss\u00edvel.","breadcrumb":{"@id":"https:\/\/casale.com.br\/fale-conosco\/#breadcrumb"},"inLanguage":"es","potentialAction":[{"@type":"ReadAction","target":["https:\/\/casale.com.br\/fale-conosco\/"]}]},{"@type":"BreadcrumbList","@id":"https:\/\/casale.com.br\/fale-conosco\/#breadcrumb","itemListElement":[{"@type":"ListItem","position":1,"name":"In\u00edcio","item":"https:\/\/casale.com.br\/"},{"@type":"ListItem","position":2,"name":"Fale Conosco"}]},{"@type":"WebSite","@id":"https:\/\/casale.com.br\/#website","url":"https:\/\/casale.com.br\/","name":"Casale","description":"As melhores solu\u00e7\u00f5es para pecu\u00e1ria","potentialAction":[{"@type":"SearchAction","target":{"@type":"EntryPoint","urlTemplate":"https:\/\/casale.com.br\/?s={search_term_string}"},"query-input":{"@type":"PropertyValueSpecification","valueRequired":true,"valueName":"search_term_string"}}],"inLanguage":"es"}]}},"_links":{"self":[{"href":"https:\/\/casale.com.br\/es\/wp-json\/wp\/v2\/pages\/15"}],"collection":[{"href":"https:\/\/casale.com.br\/es\/wp-json\/wp\/v2\/pages"}],"about":[{"href":"https:\/\/casale.com.br\/es\/wp-json\/wp\/v2\/types\/page"}],"author":[{"embeddable":true,"href":"https:\/\/casale.com.br\/es\/wp-json\/wp\/v2\/users\/5"}],"replies":[{"embeddable":true,"href":"https:\/\/casale.com.br\/es\/wp-json\/wp\/v2\/comments?post=15"}],"version-history":[{"count":2,"href":"https:\/\/casale.com.br\/es\/wp-json\/wp\/v2\/pages\/15\/revisions"}],"predecessor-version":[{"id":7800,"href":"https:\/\/casale.com.br\/es\/wp-json\/wp\/v2\/pages\/15\/revisions\/7800"}],"wp:attachment":[{"href":"https:\/\/casale.com.br\/es\/wp-json\/wp\/v2\/media?parent=15"}],"curies":[{"name":"wp","href":"https:\/\/api.w.org\/{rel}","templated":true}]}}