{"id":7334,"date":"2024-10-31T15:46:27","date_gmt":"2024-10-31T18:46:27","guid":{"rendered":"https:\/\/casale.com.br\/?page_id=7334"},"modified":"2024-11-18T10:16:44","modified_gmt":"2024-11-18T13:16:44","slug":"feeder-200-sc","status":"publish","type":"page","link":"https:\/\/casale.com.br\/en\/feeder-200-sc\/","title":{"rendered":"Feeder 200 SC"},"content":{"rendered":"<p>[et_pb_section fb_built=&#8221;1&#8243; disabled_on=&#8221;off|off|on&#8221; admin_label=&#8221;Se\u00e7\u00e3o&#8221; _builder_version=&#8221;4.27.0&#8243; custom_padding=&#8221;0px||0px|||&#8221; locked=&#8221;off&#8221; global_colors_info=&#8221;{}&#8221;][et_pb_row column_structure=&#8221;1_3,1_3,1_3&#8243; use_custom_gutter=&#8221;on&#8221; gutter_width=&#8221;2&#8243; _builder_version=&#8221;4.16&#8243; custom_padding=&#8221;29px||9px||false|false&#8221; global_colors_info=&#8221;{}&#8221;][et_pb_column type=&#8221;1_3&#8243; _builder_version=&#8221;4.16&#8243; global_colors_info=&#8221;{}&#8221;][et_pb_text _builder_version=&#8221;4.27.0&#8243; header_font=&#8221;||||||||&#8221; header_2_font=&#8221;|600|||||||&#8221; header_2_text_color=&#8221;#00813d&#8221; header_2_font_size=&#8221;22px&#8221; header_3_font=&#8221;|800|||||||&#8221; header_3_text_color=&#8221;#00813d&#8221; global_colors_info=&#8221;{}&#8221;]<\/p>\n<h2><span class=\"sublinhado\"> FEEDER 200 SC<\/span><\/h2>\n<p>[\/et_pb_text][\/et_pb_column][et_pb_column type=&#8221;1_3&#8243; admin_label=&#8221;Coluna&#8221; _builder_version=&#8221;4.16&#8243; global_colors_info=&#8221;{}&#8221;][et_pb_button button_text=&#8221;BAIXAR CAT\u00c1LOGO E TABELA T\u00c9CNICA&#8221; button_alignment=&#8221;center&#8221; button_alignment_tablet=&#8221;left&#8221; button_alignment_phone=&#8221;&#8221; button_alignment_last_edited=&#8221;on|desktop&#8221; module_class=&#8221;popmake-4592&#8243; _builder_version=&#8221;4.27.0&#8243; custom_button=&#8221;on&#8221; button_text_size=&#8221;16px&#8221; custom_margin=&#8221;||||false|false&#8221; button_text_size_tablet=&#8221;16px&#8221; button_text_size_phone=&#8221;14px&#8221; button_text_size_last_edited=&#8221;on|desktop&#8221; global_colors_info=&#8221;{}&#8221;][\/et_pb_button][\/et_pb_column][et_pb_column type=&#8221;1_3&#8243; _builder_version=&#8221;4.16&#8243; global_colors_info=&#8221;{}&#8221;][et_pb_button button_text=&#8221;Solicitar or\u00e7amento \u00e0 f\u00e1brica&#8221; button_alignment=&#8221;center&#8221; button_alignment_tablet=&#8221;left&#8221; button_alignment_phone=&#8221;left&#8221; button_alignment_last_edited=&#8221;on|desktop&#8221; module_class=&#8221;popmake-4952&#8243; _builder_version=&#8221;4.27.0&#8243; custom_button=&#8221;on&#8221; button_text_size=&#8221;16px&#8221; button_font=&#8221;|||on|||||&#8221; button_text_size_tablet=&#8221;16px&#8221; button_text_size_phone=&#8221;12px&#8221; button_text_size_last_edited=&#8221;on|phone&#8221; global_colors_info=&#8221;{}&#8221;][\/et_pb_button][\/et_pb_column][\/et_pb_row][\/et_pb_section][et_pb_section fb_built=&#8221;1&#8243; disabled_on=&#8221;on|on|off&#8221; module_class=&#8221;catalogo_produto_fixo&#8221; _builder_version=&#8221;4.27.0&#8243; background_color=&#8221;#ffffff&#8221; custom_padding=&#8221;8px||8px||true|false&#8221; sticky_position_tablet=&#8221;&#8221; sticky_position_phone=&#8221;&#8221; sticky_position_last_edited=&#8221;on|phone&#8221; custom_css_main_element=&#8221;position:fixed;||left:0;||right:0;||top:80px; ||z-index:999;&#8221; global_colors_info=&#8221;{}&#8221;][et_pb_row column_structure=&#8221;1_3,1_3,1_3&#8243; use_custom_gutter=&#8221;on&#8221; gutter_width=&#8221;2&#8243; _builder_version=&#8221;4.16&#8243; custom_padding=&#8221;||||false|false&#8221; global_colors_info=&#8221;{}&#8221;][et_pb_column type=&#8221;1_3&#8243; _builder_version=&#8221;4.16&#8243; global_colors_info=&#8221;{}&#8221;][et_pb_text _builder_version=&#8221;4.27.0&#8243; header_font=&#8221;||||||||&#8221; header_2_font=&#8221;|600||on|||||&#8221; header_2_text_color=&#8221;#00813d&#8221; header_3_font=&#8221;|800|||||||&#8221; header_3_text_color=&#8221;#00813d&#8221; global_colors_info=&#8221;{}&#8221;]<\/p>\n<h2><span class=\"sublinhado\"> FEEDER 200 SC<\/span><\/h2>\n<p>[\/et_pb_text][\/et_pb_column][et_pb_column type=&#8221;1_3&#8243; _builder_version=&#8221;4.16&#8243; global_colors_info=&#8221;{}&#8221;][et_pb_button button_text=&#8221;BAIXAR CAT\u00c1LOGO E TABELA T\u00c9CNICA&#8221; button_alignment=&#8221;center&#8221; button_alignment_tablet=&#8221;left&#8221; button_alignment_phone=&#8221;&#8221; button_alignment_last_edited=&#8221;on|desktop&#8221; module_class=&#8221;popmake-4592&#8243; _builder_version=&#8221;4.27.0&#8243; custom_button=&#8221;on&#8221; button_text_size=&#8221;16px&#8221; custom_margin=&#8221;||||false|false&#8221; button_text_size_tablet=&#8221;16px&#8221; button_text_size_phone=&#8221;14px&#8221; button_text_size_last_edited=&#8221;on|desktop&#8221; global_colors_info=&#8221;{}&#8221;][\/et_pb_button][\/et_pb_column][et_pb_column type=&#8221;1_3&#8243; _builder_version=&#8221;4.16&#8243; global_colors_info=&#8221;{}&#8221;][et_pb_button button_text=&#8221;Solicitar or\u00e7amento \u00e0 f\u00e1brica&#8221; button_alignment=&#8221;center&#8221; button_alignment_tablet=&#8221;left&#8221; button_alignment_phone=&#8221;left&#8221; button_alignment_last_edited=&#8221;on|desktop&#8221; module_class=&#8221;popmake-4952&#8243; _builder_version=&#8221;4.27.0&#8243; custom_button=&#8221;on&#8221; button_text_size=&#8221;16px&#8221; button_font=&#8221;|||on|||||&#8221; button_text_size_tablet=&#8221;16px&#8221; button_text_size_phone=&#8221;12px&#8221; button_text_size_last_edited=&#8221;on|phone&#8221; global_colors_info=&#8221;{}&#8221;][\/et_pb_button][\/et_pb_column][\/et_pb_row][\/et_pb_section][et_pb_section fb_built=&#8221;1&#8243; custom_padding_last_edited=&#8221;on|phone&#8221; _builder_version=&#8221;4.27.0&#8243; custom_padding=&#8221;100px||5px||false|false&#8221; custom_padding_tablet=&#8221;100px||||false|false&#8221; custom_padding_phone=&#8221;100px||||false|false&#8221; global_colors_info=&#8221;{}&#8221;][et_pb_row _builder_version=&#8221;4.16&#8243; width=&#8221;65%&#8221; width_tablet=&#8221;80%&#8221; width_phone=&#8221;80%&#8221; width_last_edited=&#8221;on|phone&#8221; global_colors_info=&#8221;{}&#8221;][et_pb_column type=&#8221;4_4&#8243; _builder_version=&#8221;4.16&#8243; global_colors_info=&#8221;{}&#8221;][et_pb_gallery gallery_ids=&#8221;7351,7350,7352,7349&#8243; fullwidth=&#8221;on&#8221; _builder_version=&#8221;4.27.0&#8243; module_alignment=&#8221;center&#8221; border_radii=&#8221;on|10px|10px|10px|10px&#8221; global_colors_info=&#8221;{}&#8221;][\/et_pb_gallery][\/et_pb_column][\/et_pb_row][et_pb_row _builder_version=&#8221;4.16&#8243; global_colors_info=&#8221;{}&#8221;][et_pb_column type=&#8221;4_4&#8243; _builder_version=&#8221;4.16&#8243; global_colors_info=&#8221;{}&#8221;][et_pb_text _builder_version=&#8221;4.27.0&#8243; text_text_color=&#8221;#000000&#8243; global_colors_info=&#8221;{}&#8221;]O Feeder 200 SC \u00e9 a solu\u00e7\u00e3o ideal para a distribui\u00e7\u00e3o de suplementos minerais ou ra\u00e7\u00e3o concentrada para RIP, TIP ou suplementa\u00e7\u00e3o a pasto. Com sua lona de prote\u00e7\u00e3o, \u00e9 poss\u00edvel realizar a distribui\u00e7\u00e3o mesmo em per\u00edodos chuvosos, maximizando a rentabilidade da suplementa\u00e7\u00e3o em todas as esta\u00e7\u00f5es do ano.<\/p>\n<p>Constru\u00edda em a\u00e7o galvanizado a fogo, a ca\u00e7amba do Feeder 200 SC apresenta um fundo revestido em a\u00e7o inoxid\u00e1vel, oferecendo maior resist\u00eancia \u00e0 abras\u00e3o e garantindo durabilidade ao equipamento.<\/p>\n<p>Com uma capacidade de 20,5 m\u00b3, o Feeder 200 SC assegura uma distribui\u00e7\u00e3o uniforme e controlada, proporcionando efici\u00eancia e praticidade no manejo alimentar do seu rebanho.[\/et_pb_text][\/et_pb_column][\/et_pb_row][et_pb_row disabled_on=&#8221;on|on|on&#8221; _builder_version=&#8221;4.27.0&#8243; disabled=&#8221;on&#8221; global_colors_info=&#8221;{}&#8221;][et_pb_column type=&#8221;4_4&#8243; _builder_version=&#8221;4.16&#8243; global_colors_info=&#8221;{}&#8221;][et_pb_text _builder_version=&#8221;4.16&#8243; header_font=&#8221;||||||||&#8221; header_3_font=&#8221;|700|||||||&#8221; header_3_text_color=&#8221;#00813d&#8221; header_4_font=&#8221;|700|||||||&#8221; header_4_text_color=&#8221;#00813d&#8221; global_colors_info=&#8221;{}&#8221;]<\/p>\n<h4><span  class=\"sublinhado\">VIDEOS<\/span><\/h4>\n<p>[\/et_pb_text][\/et_pb_column][\/et_pb_row][et_pb_row column_structure=&#8221;1_3,1_3,1_3&#8243; disabled_on=&#8221;on|on|on&#8221; _builder_version=&#8221;4.27.0&#8243; disabled=&#8221;on&#8221; global_colors_info=&#8221;{}&#8221;][et_pb_column type=&#8221;1_3&#8243; _builder_version=&#8221;4.16&#8243; global_colors_info=&#8221;{}&#8221;][et_pb_code _builder_version=&#8221;4.27.0&#8243; _module_preset=&#8221;default&#8221; global_colors_info=&#8221;{}&#8221;]<iframe width=\"560\" height=\"315\" src=\"https:\/\/www.youtube.com\/embed\/PzthXVj2Qxg\" frameborder=\"0\" allow=\"accelerometer; autoplay; encrypted-media; gyroscope; picture-in-picture\" allowfullscreen><\/iframe>[\/et_pb_code][et_pb_text _builder_version=&#8221;4.27.0&#8243; global_colors_info=&#8221;{}&#8221;]<\/p>\n<h4 style=\"text-align: center;\">Lan\u00e7amento na Expodireto Cotrijal 2024<\/h4>\n<p>[\/et_pb_text][\/et_pb_column][et_pb_column type=&#8221;1_3&#8243; _builder_version=&#8221;4.16&#8243; global_colors_info=&#8221;{}&#8221;][et_pb_code _builder_version=&#8221;4.27.0&#8243; _module_preset=&#8221;default&#8221; global_colors_info=&#8221;{}&#8221;]<iframe width=\"560\" height=\"315\" src=\"https:\/\/www.youtube.com\/embed\/oajddVS1xc0\" frameborder=\"0\" allow=\"accelerometer; autoplay; encrypted-media; gyroscope; picture-in-picture\" allowfullscreen><\/iframe>[\/et_pb_code][et_pb_text _builder_version=&#8221;4.27.0&#8243; global_colors_info=&#8221;{}&#8221;]<\/p>\n<h4 style=\"text-align: center;\">Lan\u00e7amento Casale &#8211; Vertimix 35 Autocarreg\u00e1vel<\/h4>\n<p>[\/et_pb_text][\/et_pb_column][et_pb_column type=&#8221;1_3&#8243; _builder_version=&#8221;4.16&#8243; global_colors_info=&#8221;{}&#8221;][\/et_pb_column][\/et_pb_row][\/et_pb_section][et_pb_section fb_built=&#8221;1&#8243; _builder_version=&#8221;4.16&#8243; custom_padding=&#8221;0px||0px|||&#8221; global_colors_info=&#8221;{}&#8221;][et_pb_row _builder_version=&#8221;4.16&#8243; global_colors_info=&#8221;{}&#8221;][et_pb_column type=&#8221;4_4&#8243; _builder_version=&#8221;4.16&#8243; global_colors_info=&#8221;{}&#8221;][et_pb_text _builder_version=&#8221;4.16&#8243; header_font=&#8221;||||||||&#8221; header_3_font=&#8221;|700|||||||&#8221; header_3_text_color=&#8221;#00813d&#8221; header_4_font=&#8221;|700|||||||&#8221; header_4_text_color=&#8221;#00813d&#8221; global_colors_info=&#8221;{}&#8221;]<\/p>\n<h4><span  class=\"sublinhado\">Details<\/span><\/h4>\n<p>[\/et_pb_text][\/et_pb_column][\/et_pb_row][\/et_pb_section][et_pb_section fb_built=&#8221;1&#8243; _builder_version=&#8221;4.16&#8243; custom_padding=&#8221;0px||0px|||&#8221; global_colors_info=&#8221;{}&#8221;][et_pb_row column_structure=&#8221;1_3,1_3,1_3&#8243; _builder_version=&#8221;4.16&#8243; custom_padding=&#8221;||50px|||&#8221; global_colors_info=&#8221;{}&#8221;][et_pb_column type=&#8221;1_3&#8243; _builder_version=&#8221;4.16&#8243; global_colors_info=&#8221;{}&#8221;][et_pb_image src=&#8221;https:\/\/casale.com.br\/wp-content\/uploads\/2024\/10\/item-1cacamba-galvanizada-a-fogo.png&#8221; alt=&#8221;CFC Super Afiador exclusivo e autom\u00e1tico das facas&#8221; title_text=&#8221;item-1ca\u00e7amba-galvanizada-a-fogo&#8221; _builder_version=&#8221;4.27.0&#8243; border_radii=&#8221;on|6px|6px|6px|6px&#8221; box_shadow_style=&#8221;preset3&#8243; box_shadow_color=&#8221;rgba(0,0,0,0.2)&#8221; global_colors_info=&#8221;{}&#8221;][\/et_pb_image][et_pb_text _builder_version=&#8221;4.27.0&#8243; header_4_font=&#8221;|600|||||||&#8221; header_4_text_color=&#8221;#00813d&#8221; custom_margin=&#8221;||15px|||&#8221; global_colors_info=&#8221;{}&#8221;]<\/p>\n<h4><strong>1. <\/strong>Hot dipped galvanized steel bucket.<\/h4>\n<p>[\/et_pb_text][et_pb_text _builder_version=&#8221;4.27.0&#8243; global_colors_info=&#8221;{}&#8221;]<\/p>\n<p>A Casale\u2019s exclusive product! Greater durability.<\/p>\n<p>[\/et_pb_text][\/et_pb_column][et_pb_column type=&#8221;1_3&#8243; _builder_version=&#8221;4.16&#8243; global_colors_info=&#8221;{}&#8221;][et_pb_image src=&#8221;https:\/\/casale.com.br\/wp-content\/uploads\/2024\/11\/lona-para-cobertura-distribuidor-de-racao-casale.jpg&#8221; alt=&#8221;CFC Super Rotor recolhedor&#8221; title_text=&#8221;lona-para-cobertura-distribuidor-de-ra\u00e7\u00e3o-casale&#8221; _builder_version=&#8221;4.27.0&#8243; border_radii=&#8221;on|6px|6px|6px|6px&#8221; box_shadow_style=&#8221;preset3&#8243; box_shadow_color=&#8221;rgba(0,0,0,0.2)&#8221; global_colors_info=&#8221;{}&#8221;][\/et_pb_image][et_pb_text _builder_version=&#8221;4.27.0&#8243; header_4_font=&#8221;|600|||||||&#8221; header_4_text_color=&#8221;#00813d&#8221; global_colors_info=&#8221;{}&#8221;]<\/p>\n<h4><strong>2. <\/strong>Retractable tarpaulin for coverage<\/h4>\n<p>[\/et_pb_text][et_pb_text _builder_version=&#8221;4.27.0&#8243; global_colors_info=&#8221;{}&#8221;]<\/p>\n<p>More profitability in any period! Coverage for procedures in water periods.<\/p>\n<p>[\/et_pb_text][\/et_pb_column][et_pb_column type=&#8221;1_3&#8243; _builder_version=&#8221;4.16&#8243; global_colors_info=&#8221;{}&#8221;][et_pb_image src=&#8221;https:\/\/casale.com.br\/wp-content\/uploads\/2024\/10\/balancas-item-4.jpg&#8221; alt=&#8221;CFC Super Regulagem hidr\u00e1ulica de altura de corte&#8221; title_text=&#8221;balan\u00e7as-item-4&#8243; _builder_version=&#8221;4.27.0&#8243; border_radii=&#8221;on|6px|6px|6px|6px&#8221; box_shadow_style=&#8221;preset3&#8243; box_shadow_color=&#8221;rgba(0,0,0,0.2)&#8221; global_colors_info=&#8221;{}&#8221;][\/et_pb_image][et_pb_text _builder_version=&#8221;4.27.0&#8243; header_4_font=&#8221;|600|||||||&#8221; header_4_text_color=&#8221;#00813d&#8221; global_colors_info=&#8221;{}&#8221;]<\/p>\n<h4><strong>3.<\/strong> Electronic scale<\/h4>\n<p>[\/et_pb_text][et_pb_text _builder_version=&#8221;4.27.0&#8243; global_colors_info=&#8221;{}&#8221;]<\/p>\n<p>Control and precision! Assertiveness in distribution.<\/p>\n<p>[\/et_pb_text][\/et_pb_column][\/et_pb_row][et_pb_row column_structure=&#8221;1_3,1_3,1_3&#8243; _builder_version=&#8221;4.16&#8243; custom_padding=&#8221;||50px|||&#8221; global_colors_info=&#8221;{}&#8221;][et_pb_column type=&#8221;1_3&#8243; _builder_version=&#8221;4.16&#8243; global_colors_info=&#8221;{}&#8221;][et_pb_image src=&#8221;https:\/\/casale.com.br\/wp-content\/uploads\/2024\/11\/bica-de-descarga-montaa-sob-conjunto-telescopico-distribuidor-de-racao-casale.png&#8221; alt=&#8221;CFC Super Prolongador de bica de descarga&#8221; title_text=&#8221;bica-de-descarga-montaa-sob-conjunto-telescopico-distribuidor-de-ra\u00e7\u00e3o-casale&#8221; _builder_version=&#8221;4.27.0&#8243; border_radii=&#8221;on|6px|6px|6px|6px&#8221; box_shadow_style=&#8221;preset3&#8243; box_shadow_color=&#8221;rgba(0,0,0,0.2)&#8221; global_colors_info=&#8221;{}&#8221;][\/et_pb_image][et_pb_text _builder_version=&#8221;4.27.0&#8243; header_4_font=&#8221;|600|||||||&#8221; header_4_text_color=&#8221;#00813d&#8221; global_colors_info=&#8221;{}&#8221;]<\/p>\n<h4><strong>4.<\/strong> Sistema de Descarga<\/h4>\n<p>[\/et_pb_text][et_pb_text _builder_version=&#8221;4.27.0&#8243; global_colors_info=&#8221;{}&#8221;]<\/p>\n<p>O sistema \u00e9 equipado com roscas acionadas por um motor hidr\u00e1ulico, montadas em um conjunto telesc\u00f3pico que permite aproxima\u00e7\u00e3o e afastamento em rela\u00e7\u00e3o ao cocho, controlado por cilindros hidr\u00e1ulicos.<\/p>\n<p>[\/et_pb_text][\/et_pb_column][et_pb_column type=&#8221;1_3&#8243; _builder_version=&#8221;4.16&#8243; global_colors_info=&#8221;{}&#8221;][\/et_pb_column][et_pb_column type=&#8221;1_3&#8243; _builder_version=&#8221;4.16&#8243; global_colors_info=&#8221;{}&#8221;][et_pb_image src=&#8221;https:\/\/casale.com.br\/wp-content\/uploads\/2024\/10\/item2-rosca-transportadora.jpg&#8221; alt=&#8221;CFC Super Rotor repicador tipo disco&#8221; title_text=&#8221;item2-rosca transportadora&#8221; disabled_on=&#8221;on|on|on&#8221; _builder_version=&#8221;4.27.0&#8243; border_radii=&#8221;on|6px|6px|6px|6px&#8221; box_shadow_style=&#8221;preset3&#8243; box_shadow_color=&#8221;rgba(0,0,0,0.2)&#8221; disabled=&#8221;on&#8221; global_colors_info=&#8221;{}&#8221;][\/et_pb_image][et_pb_text disabled_on=&#8221;on|on|on&#8221; _builder_version=&#8221;4.27.0&#8243; header_4_font=&#8221;|600|||||||&#8221; header_4_text_color=&#8221;#00813d&#8221; custom_margin=&#8221;||15px|||&#8221; disabled=&#8221;on&#8221; global_colors_info=&#8221;{}&#8221;]<\/p>\n<h4><strong>2. <\/strong>Rosca transportadora acionada por redutor planet\u00e1rio<\/h4>\n<p>[\/et_pb_text][et_pb_text disabled_on=&#8221;on|on|on&#8221; _builder_version=&#8221;4.27.0&#8243; disabled=&#8221;on&#8221; global_colors_info=&#8221;{}&#8221;]<\/p>\n<p>Projetada especificamente para realizar a descarga garantindo uma distribui\u00e7\u00e3o eficiente da dieta.<\/p>\n<p>[\/et_pb_text][\/et_pb_column][\/et_pb_row][\/et_pb_section][et_pb_section fb_built=&#8221;1&#8243; module_id=&#8221;bndes&#8221; _builder_version=&#8221;4.27.0&#8243; background_color=&#8221;#add8c2&#8243; custom_padding=&#8221;6px||6px||true|&#8221; global_module=&#8221;6923&#8243; global_colors_info=&#8221;{}&#8221;][et_pb_row column_structure=&#8221;1_4,1_4,1_4,1_4&#8243; _builder_version=&#8221;4.16&#8243; custom_padding=&#8221;80px|||||&#8221; global_colors_info=&#8221;{}&#8221;][et_pb_column type=&#8221;1_4&#8243; _builder_version=&#8221;4.16&#8243; global_colors_info=&#8221;{}&#8221;][\/et_pb_column][et_pb_column type=&#8221;1_4&#8243; _builder_version=&#8221;4.16&#8243; global_colors_info=&#8221;{}&#8221;][et_pb_text _builder_version=&#8221;4.16&#8243; text_text_color=&#8221;#008949&#8243; text_font_size=&#8221;18px&#8221; text_line_height=&#8221;1.4em&#8221; text_orientation=&#8221;right&#8221; custom_margin=&#8221;48px|||||&#8221; global_colors_info=&#8221;{}&#8221;]<\/p>\n<p>FINANCING:<\/p>\n<p>[\/et_pb_text][\/et_pb_column][et_pb_column type=&#8221;1_4&#8243; _builder_version=&#8221;4.16&#8243; global_colors_info=&#8221;{}&#8221;][et_pb_image src=&#8221;http:\/\/casale.com.br\/wp-content\/uploads\/2019\/10\/bndes.png&#8221; alt=&#8221;logo bndes&#8221; title_text=&#8221;logo bndes&#8221; _builder_version=&#8221;4.16&#8243; global_colors_info=&#8221;{}&#8221;][\/et_pb_image][\/et_pb_column][et_pb_column type=&#8221;1_4&#8243; _builder_version=&#8221;4.16&#8243; global_colors_info=&#8221;{}&#8221;][et_pb_image src=&#8221;https:\/\/casale.com.br\/wp-content\/uploads\/2024\/09\/Selo-Mais-Alimentos.png&#8221; alt=&#8221;logo bndes&#8221; title_text=&#8221;Selo &#8211; Mais Alimentos&#8221; _builder_version=&#8221;4.27.0&#8243; global_colors_info=&#8221;{}&#8221;][\/et_pb_image][\/et_pb_column][\/et_pb_row][et_pb_row _builder_version=&#8221;4.16&#8243; global_colors_info=&#8221;{}&#8221;][et_pb_column type=&#8221;4_4&#8243; _builder_version=&#8221;4.16&#8243; global_colors_info=&#8221;{}&#8221;][et_pb_button button_text=&#8221;SOLICITE UMA SIMULA\u00c7\u00c3O&#8221; button_alignment=&#8221;center&#8221; module_class=&#8221;orcamento&#8221; _builder_version=&#8221;4.27.0&#8243; custom_button=&#8221;on&#8221; button_text_size=&#8221;16px&#8221; button_text_color=&#8221;#ffffff&#8221; button_bg_color=&#8221;#00813d&#8221; button_border_color=&#8221;rgba(0,0,0,0)&#8221; button_border_radius=&#8221;10px&#8221; button_font=&#8221;|600|||||||&#8221; custom_padding=&#8221;5px|35px|5px|35px|true|true&#8221; global_colors_info=&#8221;{}&#8221;][\/et_pb_button][\/et_pb_column][\/et_pb_row][\/et_pb_section]<\/p>","protected":false},"excerpt":{"rendered":"<p>FEEDER 200 SC FEEDER 200 SCO Feeder 200 SC \u00e9 a solu\u00e7\u00e3o ideal para a distribui\u00e7\u00e3o de suplementos minerais ou ra\u00e7\u00e3o concentrada para RIP, TIP ou suplementa\u00e7\u00e3o a pasto. Com [&hellip;]<\/p>","protected":false},"author":5,"featured_media":0,"parent":0,"menu_order":0,"comment_status":"closed","ping_status":"closed","template":"","meta":{"_et_pb_use_builder":"on","_et_pb_old_content":"","_et_gb_content_width":"","_joinchat":[],"footnotes":""},"class_list":["post-7334","page","type-page","status-publish","hentry"],"yoast_head":"<!-- This site is optimized with the Yoast SEO plugin v23.4 - https:\/\/yoast.com\/wordpress\/plugins\/seo\/ -->\n<title>Feeder 200 SC &#187; Casale<\/title>\n<meta name=\"description\" content=\"Misturador de Ra\u00e7\u00e3o Vertimix 35 AC\" \/>\n<meta name=\"robots\" content=\"index, follow, max-snippet:-1, max-image-preview:large, max-video-preview:-1\" \/>\n<link rel=\"canonical\" href=\"https:\/\/casale.com.br\/en\/feeder-200-sc\/\" \/>\n<meta property=\"og:locale\" content=\"en_US\" \/>\n<meta property=\"og:type\" content=\"article\" \/>\n<meta property=\"og:title\" content=\"Feeder 200 SC &#187; Casale\" \/>\n<meta property=\"og:description\" content=\"Misturador de Ra\u00e7\u00e3o Vertimix 35 AC\" \/>\n<meta property=\"og:url\" content=\"https:\/\/casale.com.br\/en\/feeder-200-sc\/\" \/>\n<meta property=\"og:site_name\" content=\"Casale\" \/>\n<meta property=\"article:modified_time\" content=\"2024-11-18T13:16:44+00:00\" \/>\n<meta name=\"twitter:card\" content=\"summary_large_image\" \/>\n<meta name=\"twitter:label1\" content=\"Est. reading time\" \/>\n\t<meta name=\"twitter:data1\" content=\"4 minutes\" \/>\n<script type=\"application\/ld+json\" class=\"yoast-schema-graph\">{\"@context\":\"https:\/\/schema.org\",\"@graph\":[{\"@type\":\"WebPage\",\"@id\":\"https:\/\/casale.com.br\/feeder-200-sc\/\",\"url\":\"https:\/\/casale.com.br\/feeder-200-sc\/\",\"name\":\"Feeder 200 SC &#187; Casale\",\"isPartOf\":{\"@id\":\"https:\/\/casale.com.br\/#website\"},\"datePublished\":\"2024-10-31T18:46:27+00:00\",\"dateModified\":\"2024-11-18T13:16:44+00:00\",\"description\":\"Misturador de Ra\u00e7\u00e3o Vertimix 35 AC\",\"breadcrumb\":{\"@id\":\"https:\/\/casale.com.br\/feeder-200-sc\/#breadcrumb\"},\"inLanguage\":\"en-US\",\"potentialAction\":[{\"@type\":\"ReadAction\",\"target\":[\"https:\/\/casale.com.br\/feeder-200-sc\/\"]}]},{\"@type\":\"BreadcrumbList\",\"@id\":\"https:\/\/casale.com.br\/feeder-200-sc\/#breadcrumb\",\"itemListElement\":[{\"@type\":\"ListItem\",\"position\":1,\"name\":\"In\u00edcio\",\"item\":\"https:\/\/casale.com.br\/\"},{\"@type\":\"ListItem\",\"position\":2,\"name\":\"Feeder 200 SC\"}]},{\"@type\":\"WebSite\",\"@id\":\"https:\/\/casale.com.br\/#website\",\"url\":\"https:\/\/casale.com.br\/\",\"name\":\"Casale\",\"description\":\"As melhores solu\u00e7\u00f5es para pecu\u00e1ria\",\"potentialAction\":[{\"@type\":\"SearchAction\",\"target\":{\"@type\":\"EntryPoint\",\"urlTemplate\":\"https:\/\/casale.com.br\/?s={search_term_string}\"},\"query-input\":{\"@type\":\"PropertyValueSpecification\",\"valueRequired\":true,\"valueName\":\"search_term_string\"}}],\"inLanguage\":\"en-US\"}]}<\/script>\n<!-- \/ Yoast SEO plugin. -->","yoast_head_json":{"title":"Feeder 200 SC &#187; Casale","description":"Misturador de Ra\u00e7\u00e3o Vertimix 35 AC","robots":{"index":"index","follow":"follow","max-snippet":"max-snippet:-1","max-image-preview":"max-image-preview:large","max-video-preview":"max-video-preview:-1"},"canonical":"https:\/\/casale.com.br\/en\/feeder-200-sc\/","og_locale":"en_US","og_type":"article","og_title":"Feeder 200 SC &#187; Casale","og_description":"Misturador de Ra\u00e7\u00e3o Vertimix 35 AC","og_url":"https:\/\/casale.com.br\/en\/feeder-200-sc\/","og_site_name":"Casale","article_modified_time":"2024-11-18T13:16:44+00:00","twitter_card":"summary_large_image","twitter_misc":{"Est. reading time":"4 minutes"},"schema":{"@context":"https:\/\/schema.org","@graph":[{"@type":"WebPage","@id":"https:\/\/casale.com.br\/feeder-200-sc\/","url":"https:\/\/casale.com.br\/feeder-200-sc\/","name":"Feeder 200 SC &#187; Casale","isPartOf":{"@id":"https:\/\/casale.com.br\/#website"},"datePublished":"2024-10-31T18:46:27+00:00","dateModified":"2024-11-18T13:16:44+00:00","description":"Misturador de Ra\u00e7\u00e3o Vertimix 35 AC","breadcrumb":{"@id":"https:\/\/casale.com.br\/feeder-200-sc\/#breadcrumb"},"inLanguage":"en-US","potentialAction":[{"@type":"ReadAction","target":["https:\/\/casale.com.br\/feeder-200-sc\/"]}]},{"@type":"BreadcrumbList","@id":"https:\/\/casale.com.br\/feeder-200-sc\/#breadcrumb","itemListElement":[{"@type":"ListItem","position":1,"name":"In\u00edcio","item":"https:\/\/casale.com.br\/"},{"@type":"ListItem","position":2,"name":"Feeder 200 SC"}]},{"@type":"WebSite","@id":"https:\/\/casale.com.br\/#website","url":"https:\/\/casale.com.br\/","name":"Casale","description":"As melhores solu\u00e7\u00f5es para pecu\u00e1ria","potentialAction":[{"@type":"SearchAction","target":{"@type":"EntryPoint","urlTemplate":"https:\/\/casale.com.br\/?s={search_term_string}"},"query-input":{"@type":"PropertyValueSpecification","valueRequired":true,"valueName":"search_term_string"}}],"inLanguage":"en-US"}]}},"_links":{"self":[{"href":"https:\/\/casale.com.br\/en\/wp-json\/wp\/v2\/pages\/7334"}],"collection":[{"href":"https:\/\/casale.com.br\/en\/wp-json\/wp\/v2\/pages"}],"about":[{"href":"https:\/\/casale.com.br\/en\/wp-json\/wp\/v2\/types\/page"}],"author":[{"embeddable":true,"href":"https:\/\/casale.com.br\/en\/wp-json\/wp\/v2\/users\/5"}],"replies":[{"embeddable":true,"href":"https:\/\/casale.com.br\/en\/wp-json\/wp\/v2\/comments?post=7334"}],"version-history":[{"count":15,"href":"https:\/\/casale.com.br\/en\/wp-json\/wp\/v2\/pages\/7334\/revisions"}],"predecessor-version":[{"id":7551,"href":"https:\/\/casale.com.br\/en\/wp-json\/wp\/v2\/pages\/7334\/revisions\/7551"}],"wp:attachment":[{"href":"https:\/\/casale.com.br\/en\/wp-json\/wp\/v2\/media?parent=7334"}],"curies":[{"name":"wp","href":"https:\/\/api.w.org\/{rel}","templated":true}]}}