{"id":6622,"date":"2024-08-30T15:14:30","date_gmt":"2024-08-30T18:14:30","guid":{"rendered":"https:\/\/casale.com.br\/?page_id=6622"},"modified":"2026-03-23T11:53:56","modified_gmt":"2026-03-23T14:53:56","slug":"assistencia-tecnica","status":"publish","type":"page","link":"https:\/\/casale.com.br\/en\/assistencia-tecnica\/","title":{"rendered":"Technical Assistance"},"content":{"rendered":"<div data-elementor-type=\"wp-page\" data-elementor-id=\"6622\" class=\"elementor elementor-6622\" data-elementor-post-type=\"page\">\n\t\t\t\t<div class=\"elementor-element elementor-element-6cba959 e-con-full e-flex e-con e-parent\" data-id=\"6cba959\" data-element_type=\"container\">\n\t\t\t\t<div class=\"elementor-element elementor-element-4b97016 elementor-widget elementor-widget-image\" data-id=\"4b97016\" data-element_type=\"widget\" data-widget_type=\"image.default\">\n\t\t\t\t<div class=\"elementor-widget-container\">\n\t\t\t<style>\/*! elementor - v3.23.0 - 05-08-2024 *\/\n.elementor-widget-image{text-align:center}.elementor-widget-image a{display:inline-block}.elementor-widget-image a img[src$=\".svg\"]{width:48px}.elementor-widget-image img{vertical-align:middle;display:inline-block}<\/style>\t\t\t\t\t\t\t\t\t\t<img fetchpriority=\"high\" decoding=\"async\" width=\"1280\" height=\"333\" src=\"https:\/\/casale.com.br\/wp-content\/uploads\/2024\/09\/BANNER-ASSISTENCIA-TECNICA.jpg\" class=\"attachment-full size-full wp-image-6774\" alt=\"\" srcset=\"https:\/\/casale.com.br\/wp-content\/uploads\/2024\/09\/BANNER-ASSISTENCIA-TECNICA.jpg 1280w, https:\/\/casale.com.br\/wp-content\/uploads\/2024\/09\/BANNER-ASSISTENCIA-TECNICA-980x255.jpg 980w, https:\/\/casale.com.br\/wp-content\/uploads\/2024\/09\/BANNER-ASSISTENCIA-TECNICA-480x125.jpg 480w\" sizes=\"(min-width: 0px) and (max-width: 480px) 480px, (min-width: 481px) and (max-width: 980px) 980px, (min-width: 981px) 1280px, 100vw\" \/>\t\t\t\t\t\t\t\t\t\t\t\t\t<\/div>\n\t\t\t\t<\/div>\n\t\t\t\t<\/div>\n\t\t<div class=\"elementor-element elementor-element-b0c9009 e-flex e-con-boxed e-con e-parent\" data-id=\"b0c9009\" data-element_type=\"container\" data-settings=\"{&quot;background_background&quot;:&quot;classic&quot;}\">\n\t\t\t\t\t<div class=\"e-con-inner\">\n\t\t<div class=\"elementor-element elementor-element-5874689 e-con-full e-flex e-con e-child\" data-id=\"5874689\" data-element_type=\"container\">\n\t\t\t\t<div class=\"elementor-element elementor-element-de41460 elementor-widget__width-initial elementor-widget elementor-widget-heading\" data-id=\"de41460\" data-element_type=\"widget\" data-widget_type=\"heading.default\">\n\t\t\t\t<div class=\"elementor-widget-container\">\n\t\t\t<style>\/*! elementor - v3.23.0 - 05-08-2024 *\/\n.elementor-heading-title{padding:0;margin:0;line-height:1}.elementor-widget-heading .elementor-heading-title[class*=elementor-size-]>a{color:inherit;font-size:inherit;line-height:inherit}.elementor-widget-heading .elementor-heading-title.elementor-size-small{font-size:15px}.elementor-widget-heading .elementor-heading-title.elementor-size-medium{font-size:19px}.elementor-widget-heading .elementor-heading-title.elementor-size-large{font-size:29px}.elementor-widget-heading .elementor-heading-title.elementor-size-xl{font-size:39px}.elementor-widget-heading .elementor-heading-title.elementor-size-xxl{font-size:59px}<\/style><h2 class=\"elementor-heading-title elementor-size-default\">Find Assistance Near You<\/h2>\t\t<\/div>\n\t\t\t\t<\/div>\n\t\t\t\t<div class=\"elementor-element elementor-element-e68f143 elementor-widget__width-initial elementor-widget elementor-widget-heading\" data-id=\"e68f143\" data-element_type=\"widget\" data-widget_type=\"heading.default\">\n\t\t\t\t<div class=\"elementor-widget-container\">\n\t\t\t<h4 class=\"elementor-heading-title elementor-size-default\">Select a state on the map<\/h4>\t\t<\/div>\n\t\t\t\t<\/div>\n\t\t\t\t<div class=\"elementor-element elementor-element-708d2a3 elementor-widget__width-initial elementor-widget elementor-widget-heading\" data-id=\"708d2a3\" data-element_type=\"widget\" data-widget_type=\"heading.default\">\n\t\t\t\t<div class=\"elementor-widget-container\">\n\t\t\t<p class=\"elementor-heading-title elementor-size-default\">Select your state and city to get contact information.<\/p>\t\t<\/div>\n\t\t\t\t<\/div>\n\t\t\t\t<div class=\"elementor-element elementor-element-e2849af elementor-widget elementor-widget-html\" data-id=\"e2849af\" data-element_type=\"widget\" data-widget_type=\"html.default\">\n\t\t\t\t<div class=\"elementor-widget-container\">\n\t\t\t<div class=\"containermapa\">\n  <div class=\"row mt-3 inverter-mapa\" style=\"display: flex; justify-content: center;\">\n\n    <div class=\"col-md-4 col-12\" style=\"text-align: center; display: grid; place-items: center;\">\n        \n    <div class=\"col-md-8 col-12 classmapa\">\n      <div id=\"regions_div\"><\/div>\n    <\/div>\n\n      <select id=\"seletorCombo\" style=\"text-align: center; max-width: 80%; background-color: #fff; border-radius: 10px; \">\n        <option>Selecione um Estado no Mapa<\/option>\n      <\/select>\n\n      <h4 style=\"margin-top:40px; text-transform: none;\"><span id=\"estado\"><\/span>\n        <\/h4>\n        \n          <div id=\"dadosLojas\" style=\"text-transform:none !important;\">\n\n          <\/div>\n          <ul id=\"listaCidades\" class=\"list-group\" style=\"text-align: left;\">\n\n          <\/ul>\n    <\/div>\n  <\/div>\n<\/div>\t\t<\/div>\n\t\t\t\t<\/div>\n\t\t\t\t<\/div>\n\t\t\t\t\t<\/div>\n\t\t\t\t<\/div>\n\t\t<div class=\"elementor-element elementor-element-da4c64f e-flex e-con-boxed e-con e-parent\" data-id=\"da4c64f\" data-element_type=\"container\">\n\t\t\t\t\t<div class=\"e-con-inner\">\n\t\t<div class=\"elementor-element elementor-element-9cc5f14 e-con-full e-flex e-con e-child\" data-id=\"9cc5f14\" data-element_type=\"container\">\n\t\t\t\t<div class=\"elementor-element elementor-element-7b35eb6 elementor-widget elementor-widget-image\" data-id=\"7b35eb6\" data-element_type=\"widget\" data-widget_type=\"image.default\">\n\t\t\t\t<div class=\"elementor-widget-container\">\n\t\t\t\t\t\t\t\t\t\t\t\t\t<img decoding=\"async\" src=\"https:\/\/casale.com.br\/wp-content\/uploads\/elementor\/thumbs\/Conheca-nossa-expertise-qtdxgm2hkq2nlkp8bhmouxpnaznald4am0nbyloink.jpg\" title=\"Conhe\u00e7a nossa expertise\" alt=\"Conhe\u00e7a nossa expertise\" loading=\"lazy\" \/>\t\t\t\t\t\t\t\t\t\t\t\t\t<\/div>\n\t\t\t\t<\/div>\n\t\t\t\t<\/div>\n\t\t<div class=\"elementor-element elementor-element-2443de3 e-con-full e-flex e-con e-child\" data-id=\"2443de3\" data-element_type=\"container\" data-settings=\"{&quot;background_background&quot;:&quot;classic&quot;}\">\n\t\t\t\t<div class=\"elementor-element elementor-element-70f79d7 elementor-widget__width-initial elementor-widget elementor-widget-heading\" data-id=\"70f79d7\" data-element_type=\"widget\" data-widget_type=\"heading.default\">\n\t\t\t\t<div class=\"elementor-widget-container\">\n\t\t\t<h2 class=\"elementor-heading-title elementor-size-default\">Get to know our expertise<\/h2>\t\t<\/div>\n\t\t\t\t<\/div>\n\t\t\t\t<div class=\"elementor-element elementor-element-49598c9 elementor-widget__width-initial elementor-widget elementor-widget-text-editor\" data-id=\"49598c9\" data-element_type=\"widget\" data-widget_type=\"text-editor.default\">\n\t\t\t\t<div class=\"elementor-widget-container\">\n\t\t\t<style>\/*! elementor - v3.23.0 - 05-08-2024 *\/\n.elementor-widget-text-editor.elementor-drop-cap-view-stacked .elementor-drop-cap{background-color:#69727d;color:#fff}.elementor-widget-text-editor.elementor-drop-cap-view-framed .elementor-drop-cap{color:#69727d;border:3px solid;background-color:transparent}.elementor-widget-text-editor:not(.elementor-drop-cap-view-default) .elementor-drop-cap{margin-top:8px}.elementor-widget-text-editor:not(.elementor-drop-cap-view-default) .elementor-drop-cap-letter{width:1em;height:1em}.elementor-widget-text-editor .elementor-drop-cap{float:left;text-align:center;line-height:1;font-size:50px}.elementor-widget-text-editor .elementor-drop-cap-letter{display:inline-block}<\/style>\t\t\t\t<p>Have you ever wondered how to ensure that your equipment is always operating at its best? In a world where efficiency and performance are essential, having specialized technical assistance is key to keeping your investment protected and running smoothly. At Casale Equipamentos, we offer a technical assistance service that combines experience, knowledge and commitment to meet all your needs.<\/p>\t\t\t\t\t\t<\/div>\n\t\t\t\t<\/div>\n\t\t\t\t<\/div>\n\t\t\t\t\t<\/div>\n\t\t\t\t<\/div>\n\t\t<div class=\"elementor-element elementor-element-4aa92a7 e-flex e-con-boxed e-con e-parent\" data-id=\"4aa92a7\" data-element_type=\"container\" data-settings=\"{&quot;background_background&quot;:&quot;classic&quot;}\">\n\t\t\t\t\t<div class=\"e-con-inner\">\n\t\t<div class=\"elementor-element elementor-element-b439a13 e-con-full e-flex e-con e-child\" data-id=\"b439a13\" data-element_type=\"container\" data-settings=\"{&quot;background_background&quot;:&quot;classic&quot;}\">\n\t\t\t\t<div class=\"elementor-element elementor-element-9020a23 elementor-widget__width-initial elementor-widget elementor-widget-heading\" data-id=\"9020a23\" data-element_type=\"widget\" data-widget_type=\"heading.default\">\n\t\t\t\t<div class=\"elementor-widget-container\">\n\t\t\t<h3 class=\"elementor-heading-title elementor-size-default\">Identify the challenges<\/h3>\t\t<\/div>\n\t\t\t\t<\/div>\n\t\t\t\t<div class=\"elementor-element elementor-element-07f80a3 elementor-widget__width-initial elementor-widget elementor-widget-text-editor\" data-id=\"07f80a3\" data-element_type=\"widget\" data-widget_type=\"text-editor.default\">\n\t\t\t\t<div class=\"elementor-widget-container\">\n\t\t\t\t\t\t\tEven with the best planning, it is common to face technical problems that can disrupt your operations. Faulty equipment, unexpected downtime or the need for maintenance can cause damage and inconvenience. Without reliable technical assistance, these problems can worsen, leading to additional costs and lost productivity.\t\t\t\t\t\t<\/div>\n\t\t\t\t<\/div>\n\t\t\t\t<\/div>\n\t\t<div class=\"elementor-element elementor-element-3ff4670 e-con-full e-flex e-con e-child\" data-id=\"3ff4670\" data-element_type=\"container\">\n\t\t\t\t<div class=\"elementor-element elementor-element-f2ee9a2 elementor-widget elementor-widget-image\" data-id=\"f2ee9a2\" data-element_type=\"widget\" data-widget_type=\"image.default\">\n\t\t\t\t<div class=\"elementor-widget-container\">\n\t\t\t\t\t\t\t\t\t\t\t\t\t<img decoding=\"async\" src=\"https:\/\/casale.com.br\/wp-content\/uploads\/elementor\/thumbs\/Revisoes-e-Garantia-qt1mqd94ubtg8jw2h3g0vwajz986mte3z135e9h4ds.jpg\" title=\"Reviews and Warranty\" alt=\"Revis\u00f5es e Garantia\" loading=\"lazy\" \/>\t\t\t\t\t\t\t\t\t\t\t\t\t<\/div>\n\t\t\t\t<\/div>\n\t\t\t\t<\/div>\n\t\t\t\t\t<\/div>\n\t\t\t\t<\/div>\n\t\t<div class=\"elementor-element elementor-element-520649e e-flex e-con-boxed e-con e-parent\" data-id=\"520649e\" data-element_type=\"container\">\n\t\t\t\t\t<div class=\"e-con-inner\">\n\t\t<div class=\"elementor-element elementor-element-2c4beec e-con-full e-flex e-con e-child\" data-id=\"2c4beec\" data-element_type=\"container\">\n\t\t\t\t<div class=\"elementor-element elementor-element-ddba030 elementor-widget elementor-widget-image\" data-id=\"ddba030\" data-element_type=\"widget\" data-widget_type=\"image.default\">\n\t\t\t\t<div class=\"elementor-widget-container\">\n\t\t\t\t\t\t\t\t\t\t\t\t\t<img decoding=\"async\" src=\"https:\/\/casale.com.br\/wp-content\/uploads\/elementor\/thumbs\/Entenda-as-consequencias-qtdxgwepnwgt5aa7n43l4d3pu88by19cbfto8n96r4.jpg\" title=\"Entenda as consequencias\" alt=\"Entenda as consequencias\" loading=\"lazy\" \/>\t\t\t\t\t\t\t\t\t\t\t\t\t<\/div>\n\t\t\t\t<\/div>\n\t\t\t\t<\/div>\n\t\t<div class=\"elementor-element elementor-element-e73a9a8 e-con-full e-flex e-con e-child\" data-id=\"e73a9a8\" data-element_type=\"container\" data-settings=\"{&quot;background_background&quot;:&quot;classic&quot;}\">\n\t\t\t\t<div class=\"elementor-element elementor-element-6fe2100 elementor-widget__width-initial elementor-widget elementor-widget-heading\" data-id=\"6fe2100\" data-element_type=\"widget\" data-widget_type=\"heading.default\">\n\t\t\t\t<div class=\"elementor-widget-container\">\n\t\t\t<h2 class=\"elementor-heading-title elementor-size-default\">Understand the consequences<\/h2>\t\t<\/div>\n\t\t\t\t<\/div>\n\t\t\t\t<div class=\"elementor-element elementor-element-5ccdeba elementor-widget__width-initial elementor-widget elementor-widget-text-editor\" data-id=\"5ccdeba\" data-element_type=\"widget\" data-widget_type=\"text-editor.default\">\n\t\t\t\t<div class=\"elementor-widget-container\">\n\t\t\t\t\t\t\t<p>Unresolved technical challenges can have significant impacts on your business. In addition to the high cost of emergency repairs, you could face:<\/p>\t\t\t\t\t\t<\/div>\n\t\t\t\t<\/div>\n\t\t\t\t<div class=\"elementor-element elementor-element-08567b9 elementor-mobile-align-left elementor-icon-list--layout-traditional elementor-list-item-link-full_width elementor-widget elementor-widget-icon-list\" data-id=\"08567b9\" data-element_type=\"widget\" data-widget_type=\"icon-list.default\">\n\t\t\t\t<div class=\"elementor-widget-container\">\n\t\t\t<link rel=\"stylesheet\" href=\"https:\/\/casale.com.br\/wp-content\/plugins\/elementor\/assets\/css\/widget-icon-list.min.css\">\t\t<ul class=\"elementor-icon-list-items\">\n\t\t\t\t\t\t\t<li class=\"elementor-icon-list-item\">\n\t\t\t\t\t\t\t\t\t\t\t<span class=\"elementor-icon-list-icon\">\n\t\t\t\t\t\t\t<svg aria-hidden=\"true\" class=\"e-font-icon-svg e-fas-circle\" viewbox=\"0 0 512 512\" xmlns=\"http:\/\/www.w3.org\/2000\/svg\"><path d=\"M256 8C119 8 8 119 8 256s111 248 248 248 248-111 248-248S393 8 256 8z\"><\/path><\/svg>\t\t\t\t\t\t<\/span>\n\t\t\t\t\t\t\t\t\t\t<span class=\"elementor-icon-list-text\">Reduced Productivity: Equipment downtime means less production and, consequently, less revenue.<\/span>\n\t\t\t\t\t\t\t\t\t<\/li>\n\t\t\t\t\t\t\t\t<li class=\"elementor-icon-list-item\">\n\t\t\t\t\t\t\t\t\t\t\t<span class=\"elementor-icon-list-icon\">\n\t\t\t\t\t\t\t<svg aria-hidden=\"true\" class=\"e-font-icon-svg e-fas-circle\" viewbox=\"0 0 512 512\" xmlns=\"http:\/\/www.w3.org\/2000\/svg\"><path d=\"M256 8C119 8 8 119 8 256s111 248 248 248 248-111 248-248S393 8 256 8z\"><\/path><\/svg>\t\t\t\t\t\t<\/span>\n\t\t\t\t\t\t\t\t\t\t<span class=\"elementor-icon-list-text\">Increased Costs: Emergency repairs and unforeseen replacements are generally more expensive than preventive maintenance.<\/span>\n\t\t\t\t\t\t\t\t\t<\/li>\n\t\t\t\t\t\t\t\t<li class=\"elementor-icon-list-item\">\n\t\t\t\t\t\t\t\t\t\t\t<span class=\"elementor-icon-list-icon\">\n\t\t\t\t\t\t\t<svg aria-hidden=\"true\" class=\"e-font-icon-svg e-fas-circle\" viewbox=\"0 0 512 512\" xmlns=\"http:\/\/www.w3.org\/2000\/svg\"><path d=\"M256 8C119 8 8 119 8 256s111 248 248 248 248-111 248-248S393 8 256 8z\"><\/path><\/svg>\t\t\t\t\t\t<\/span>\n\t\t\t\t\t\t\t\t\t\t<span class=\"elementor-icon-list-text\">Impact on Quality: Faulty equipment can compromise the quality of your products or services.<\/span>\n\t\t\t\t\t\t\t\t\t<\/li>\n\t\t\t\t\t\t<\/ul>\n\t\t\t\t<\/div>\n\t\t\t\t<\/div>\n\t\t\t\t<\/div>\n\t\t\t\t\t<\/div>\n\t\t\t\t<\/div>\n\t\t<div class=\"elementor-element elementor-element-2f75317 e-flex e-con-boxed e-con e-parent\" data-id=\"2f75317\" data-element_type=\"container\" data-settings=\"{&quot;background_background&quot;:&quot;classic&quot;}\">\n\t\t\t\t\t<div class=\"e-con-inner\">\n\t\t<div class=\"elementor-element elementor-element-1991329 e-con-full e-flex e-con e-child\" data-id=\"1991329\" data-element_type=\"container\" data-settings=\"{&quot;background_background&quot;:&quot;classic&quot;}\">\n\t\t\t\t<div class=\"elementor-element elementor-element-cb61a6b elementor-widget__width-initial elementor-widget elementor-widget-heading\" data-id=\"cb61a6b\" data-element_type=\"widget\" data-widget_type=\"heading.default\">\n\t\t\t\t<div class=\"elementor-widget-container\">\n\t\t\t<h3 class=\"elementor-heading-title elementor-size-default\">Discover Our Proposal<\/h3>\t\t<\/div>\n\t\t\t\t<\/div>\n\t\t\t\t<div class=\"elementor-element elementor-element-076f5f7 elementor-widget__width-initial elementor-widget elementor-widget-text-editor\" data-id=\"076f5f7\" data-element_type=\"widget\" data-widget_type=\"text-editor.default\">\n\t\t\t\t<div class=\"elementor-widget-container\">\n\t\t\t\t\t\t\t<p>We understand the importance of keeping your equipment in perfect working order. That's why we offer a technical assistance service that includes:<\/p>\t\t\t\t\t\t<\/div>\n\t\t\t\t<\/div>\n\t\t\t\t<div class=\"elementor-element elementor-element-c44c429 elementor-align-left elementor-mobile-align-left elementor-list-item-link-full_width elementor-widget elementor-widget-icon-list\" data-id=\"c44c429\" data-element_type=\"widget\" data-widget_type=\"icon-list.default\">\n\t\t\t\t<div class=\"elementor-widget-container\">\n\t\t\t\t\t<ul class=\"elementor-icon-list-items\">\n\t\t\t\t\t\t\t<li class=\"elementor-icon-list-item\">\n\t\t\t\t\t\t\t\t\t\t\t<span class=\"elementor-icon-list-icon\">\n\t\t\t\t\t\t\t<svg aria-hidden=\"true\" class=\"e-font-icon-svg e-fas-circle\" viewbox=\"0 0 512 512\" xmlns=\"http:\/\/www.w3.org\/2000\/svg\"><path d=\"M256 8C119 8 8 119 8 256s111 248 248 248 248-111 248-248S393 8 256 8z\"><\/path><\/svg>\t\t\t\t\t\t<\/span>\n\t\t\t\t\t\t\t\t\t\t<span class=\"elementor-icon-list-text\">Accurate and Fast Diagnosis: We identify problems quickly to minimize downtime.<\/span>\n\t\t\t\t\t\t\t\t\t<\/li>\n\t\t\t\t\t\t\t\t<li class=\"elementor-icon-list-item\">\n\t\t\t\t\t\t\t\t\t\t\t<span class=\"elementor-icon-list-icon\">\n\t\t\t\t\t\t\t<svg aria-hidden=\"true\" class=\"e-font-icon-svg e-fas-circle\" viewbox=\"0 0 512 512\" xmlns=\"http:\/\/www.w3.org\/2000\/svg\"><path d=\"M256 8C119 8 8 119 8 256s111 248 248 248 248-111 248-248S393 8 256 8z\"><\/path><\/svg>\t\t\t\t\t\t<\/span>\n\t\t\t\t\t\t\t\t\t\t<span class=\"elementor-icon-list-text\">Specialized Repair: Our team is made up of qualified technicians who are trained to deal with the full range of Casale equipment.<\/span>\n\t\t\t\t\t\t\t\t\t<\/li>\n\t\t\t\t\t\t\t\t<li class=\"elementor-icon-list-item\">\n\t\t\t\t\t\t\t\t\t\t\t<span class=\"elementor-icon-list-icon\">\n\t\t\t\t\t\t\t<svg aria-hidden=\"true\" class=\"e-font-icon-svg e-fas-circle\" viewbox=\"0 0 512 512\" xmlns=\"http:\/\/www.w3.org\/2000\/svg\"><path d=\"M256 8C119 8 8 119 8 256s111 248 248 248 248-111 248-248S393 8 256 8z\"><\/path><\/svg>\t\t\t\t\t\t<\/span>\n\t\t\t\t\t\t\t\t\t\t<span class=\"elementor-icon-list-text\">Preventive Maintenance: We carry out regular checks to anticipate and avoid future problems.<\/span>\n\t\t\t\t\t\t\t\t\t<\/li>\n\t\t\t\t\t\t<\/ul>\n\t\t\t\t<\/div>\n\t\t\t\t<\/div>\n\t\t\t\t<\/div>\n\t\t<div class=\"elementor-element elementor-element-7111777 e-con-full e-flex e-con e-child\" data-id=\"7111777\" data-element_type=\"container\">\n\t\t\t\t<div class=\"elementor-element elementor-element-48b1007 elementor-widget elementor-widget-image\" data-id=\"48b1007\" data-element_type=\"widget\" data-widget_type=\"image.default\">\n\t\t\t\t<div class=\"elementor-widget-container\">\n\t\t\t\t\t\t\t\t\t\t\t\t\t<img decoding=\"async\" src=\"https:\/\/casale.com.br\/wp-content\/uploads\/elementor\/thumbs\/Descubra-nossa-proposta-qtdxgrpipqadj8h1ek2g9waevavhvjqomsk8u9g5m8.jpg\" title=\"Descubra nossa proposta\" alt=\"Descubra nossa proposta\" loading=\"lazy\" \/>\t\t\t\t\t\t\t\t\t\t\t\t\t<\/div>\n\t\t\t\t<\/div>\n\t\t\t\t<\/div>\n\t\t\t\t\t<\/div>\n\t\t\t\t<\/div>\n\t\t\t\t<\/div>","protected":false},"excerpt":{"rendered":"<p>Encontre Assist\u00eancia Perto de Voc\u00ea Selecione um estado no mapa Selecione seu estado e munic\u00edpio para obter informa\u00e7\u00f5es de contato. Selecione um Estado no Mapa Conhe\u00e7a Nossa Expertise Voc\u00ea j\u00e1 [&hellip;]<\/p>","protected":false},"author":5,"featured_media":0,"parent":0,"menu_order":0,"comment_status":"closed","ping_status":"closed","template":"elementor_header_footer","meta":{"_et_pb_use_builder":"off","_et_pb_old_content":"","_et_gb_content_width":"","_joinchat":[],"footnotes":""},"class_list":["post-6622","page","type-page","status-publish","hentry"],"yoast_head":"<!-- This site is optimized with the Yoast SEO plugin v23.4 - https:\/\/yoast.com\/wordpress\/plugins\/seo\/ -->\n<title>Assist\u00eancia T\u00e9cnica &#187; Casale<\/title>\n<meta name=\"robots\" content=\"index, follow, max-snippet:-1, max-image-preview:large, max-video-preview:-1\" \/>\n<link rel=\"canonical\" href=\"https:\/\/casale.com.br\/en\/assistencia-tecnica\/\" \/>\n<meta property=\"og:locale\" content=\"en_US\" \/>\n<meta property=\"og:type\" content=\"article\" \/>\n<meta property=\"og:title\" content=\"Assist\u00eancia T\u00e9cnica &#187; Casale\" \/>\n<meta property=\"og:description\" content=\"Encontre Assist\u00eancia Perto de Voc\u00ea Selecione um estado no mapa Selecione seu estado e munic\u00edpio para obter informa\u00e7\u00f5es de contato. Selecione um Estado no Mapa Conhe\u00e7a Nossa Expertise Voc\u00ea j\u00e1 [&hellip;]\" \/>\n<meta property=\"og:url\" content=\"https:\/\/casale.com.br\/en\/assistencia-tecnica\/\" \/>\n<meta property=\"og:site_name\" content=\"Casale\" \/>\n<meta property=\"article:modified_time\" content=\"2026-03-23T14:53:56+00:00\" \/>\n<meta property=\"og:image\" content=\"https:\/\/casale.com.br\/wp-content\/uploads\/2024\/09\/BANNER-ASSISTENCIA-TECNICA.jpg\" \/>\n<meta name=\"twitter:card\" content=\"summary_large_image\" \/>\n<meta name=\"twitter:label1\" content=\"Est. reading time\" \/>\n\t<meta name=\"twitter:data1\" content=\"3 minutes\" \/>\n<script type=\"application\/ld+json\" class=\"yoast-schema-graph\">{\"@context\":\"https:\/\/schema.org\",\"@graph\":[{\"@type\":\"WebPage\",\"@id\":\"https:\/\/casale.com.br\/assistencia-tecnica\/\",\"url\":\"https:\/\/casale.com.br\/assistencia-tecnica\/\",\"name\":\"Assist\u00eancia T\u00e9cnica &#187; Casale\",\"isPartOf\":{\"@id\":\"https:\/\/casale.com.br\/#website\"},\"primaryImageOfPage\":{\"@id\":\"https:\/\/casale.com.br\/assistencia-tecnica\/#primaryimage\"},\"image\":{\"@id\":\"https:\/\/casale.com.br\/assistencia-tecnica\/#primaryimage\"},\"thumbnailUrl\":\"https:\/\/casale.com.br\/wp-content\/uploads\/2024\/09\/BANNER-ASSISTENCIA-TECNICA.jpg\",\"datePublished\":\"2024-08-30T18:14:30+00:00\",\"dateModified\":\"2026-03-23T14:53:56+00:00\",\"breadcrumb\":{\"@id\":\"https:\/\/casale.com.br\/assistencia-tecnica\/#breadcrumb\"},\"inLanguage\":\"en-US\",\"potentialAction\":[{\"@type\":\"ReadAction\",\"target\":[\"https:\/\/casale.com.br\/assistencia-tecnica\/\"]}]},{\"@type\":\"ImageObject\",\"inLanguage\":\"en-US\",\"@id\":\"https:\/\/casale.com.br\/assistencia-tecnica\/#primaryimage\",\"url\":\"https:\/\/casale.com.br\/wp-content\/uploads\/2024\/09\/BANNER-ASSISTENCIA-TECNICA.jpg\",\"contentUrl\":\"https:\/\/casale.com.br\/wp-content\/uploads\/2024\/09\/BANNER-ASSISTENCIA-TECNICA.jpg\"},{\"@type\":\"BreadcrumbList\",\"@id\":\"https:\/\/casale.com.br\/assistencia-tecnica\/#breadcrumb\",\"itemListElement\":[{\"@type\":\"ListItem\",\"position\":1,\"name\":\"In\u00edcio\",\"item\":\"https:\/\/casale.com.br\/\"},{\"@type\":\"ListItem\",\"position\":2,\"name\":\"Assist\u00eancia T\u00e9cnica\"}]},{\"@type\":\"WebSite\",\"@id\":\"https:\/\/casale.com.br\/#website\",\"url\":\"https:\/\/casale.com.br\/\",\"name\":\"Casale\",\"description\":\"As melhores solu\u00e7\u00f5es para pecu\u00e1ria\",\"potentialAction\":[{\"@type\":\"SearchAction\",\"target\":{\"@type\":\"EntryPoint\",\"urlTemplate\":\"https:\/\/casale.com.br\/?s={search_term_string}\"},\"query-input\":{\"@type\":\"PropertyValueSpecification\",\"valueRequired\":true,\"valueName\":\"search_term_string\"}}],\"inLanguage\":\"en-US\"}]}<\/script>\n<!-- \/ Yoast SEO plugin. -->","yoast_head_json":{"title":"Assist\u00eancia T\u00e9cnica &#187; Casale","robots":{"index":"index","follow":"follow","max-snippet":"max-snippet:-1","max-image-preview":"max-image-preview:large","max-video-preview":"max-video-preview:-1"},"canonical":"https:\/\/casale.com.br\/en\/assistencia-tecnica\/","og_locale":"en_US","og_type":"article","og_title":"Assist\u00eancia T\u00e9cnica &#187; Casale","og_description":"Encontre Assist\u00eancia Perto de Voc\u00ea Selecione um estado no mapa Selecione seu estado e munic\u00edpio para obter informa\u00e7\u00f5es de contato. Selecione um Estado no Mapa Conhe\u00e7a Nossa Expertise Voc\u00ea j\u00e1 [&hellip;]","og_url":"https:\/\/casale.com.br\/en\/assistencia-tecnica\/","og_site_name":"Casale","article_modified_time":"2026-03-23T14:53:56+00:00","og_image":[{"url":"https:\/\/casale.com.br\/wp-content\/uploads\/2024\/09\/BANNER-ASSISTENCIA-TECNICA.jpg"}],"twitter_card":"summary_large_image","twitter_misc":{"Est. reading time":"3 minutes"},"schema":{"@context":"https:\/\/schema.org","@graph":[{"@type":"WebPage","@id":"https:\/\/casale.com.br\/assistencia-tecnica\/","url":"https:\/\/casale.com.br\/assistencia-tecnica\/","name":"Assist\u00eancia T\u00e9cnica &#187; Casale","isPartOf":{"@id":"https:\/\/casale.com.br\/#website"},"primaryImageOfPage":{"@id":"https:\/\/casale.com.br\/assistencia-tecnica\/#primaryimage"},"image":{"@id":"https:\/\/casale.com.br\/assistencia-tecnica\/#primaryimage"},"thumbnailUrl":"https:\/\/casale.com.br\/wp-content\/uploads\/2024\/09\/BANNER-ASSISTENCIA-TECNICA.jpg","datePublished":"2024-08-30T18:14:30+00:00","dateModified":"2026-03-23T14:53:56+00:00","breadcrumb":{"@id":"https:\/\/casale.com.br\/assistencia-tecnica\/#breadcrumb"},"inLanguage":"en-US","potentialAction":[{"@type":"ReadAction","target":["https:\/\/casale.com.br\/assistencia-tecnica\/"]}]},{"@type":"ImageObject","inLanguage":"en-US","@id":"https:\/\/casale.com.br\/assistencia-tecnica\/#primaryimage","url":"https:\/\/casale.com.br\/wp-content\/uploads\/2024\/09\/BANNER-ASSISTENCIA-TECNICA.jpg","contentUrl":"https:\/\/casale.com.br\/wp-content\/uploads\/2024\/09\/BANNER-ASSISTENCIA-TECNICA.jpg"},{"@type":"BreadcrumbList","@id":"https:\/\/casale.com.br\/assistencia-tecnica\/#breadcrumb","itemListElement":[{"@type":"ListItem","position":1,"name":"In\u00edcio","item":"https:\/\/casale.com.br\/"},{"@type":"ListItem","position":2,"name":"Assist\u00eancia T\u00e9cnica"}]},{"@type":"WebSite","@id":"https:\/\/casale.com.br\/#website","url":"https:\/\/casale.com.br\/","name":"Casale","description":"As melhores solu\u00e7\u00f5es para pecu\u00e1ria","potentialAction":[{"@type":"SearchAction","target":{"@type":"EntryPoint","urlTemplate":"https:\/\/casale.com.br\/?s={search_term_string}"},"query-input":{"@type":"PropertyValueSpecification","valueRequired":true,"valueName":"search_term_string"}}],"inLanguage":"en-US"}]}},"_links":{"self":[{"href":"https:\/\/casale.com.br\/en\/wp-json\/wp\/v2\/pages\/6622"}],"collection":[{"href":"https:\/\/casale.com.br\/en\/wp-json\/wp\/v2\/pages"}],"about":[{"href":"https:\/\/casale.com.br\/en\/wp-json\/wp\/v2\/types\/page"}],"author":[{"embeddable":true,"href":"https:\/\/casale.com.br\/en\/wp-json\/wp\/v2\/users\/5"}],"replies":[{"embeddable":true,"href":"https:\/\/casale.com.br\/en\/wp-json\/wp\/v2\/comments?post=6622"}],"version-history":[{"count":93,"href":"https:\/\/casale.com.br\/en\/wp-json\/wp\/v2\/pages\/6622\/revisions"}],"predecessor-version":[{"id":8059,"href":"https:\/\/casale.com.br\/en\/wp-json\/wp\/v2\/pages\/6622\/revisions\/8059"}],"wp:attachment":[{"href":"https:\/\/casale.com.br\/en\/wp-json\/wp\/v2\/media?parent=6622"}],"curies":[{"name":"wp","href":"https:\/\/api.w.org\/{rel}","templated":true}]}}