{"id":362,"date":"2019-10-18T17:24:31","date_gmt":"2019-10-18T20:24:31","guid":{"rendered":"http:\/\/casale.com.br\/?page_id=362"},"modified":"2021-04-13T05:31:10","modified_gmt":"2021-04-13T08:31:10","slug":"misturadores-de-racao","status":"publish","type":"page","link":"https:\/\/casale.com.br\/en\/misturadores-de-racao\/","title":{"rendered":"MISTURADORES DE RA\u00c7\u00c3O"},"content":{"rendered":"<p>[et_pb_section fb_built=&#8221;1&#8243; fullwidth=&#8221;on&#8221; disabled_on=&#8221;off|off|off&#8221; _builder_version=&#8221;4.3.1&#8243; custom_padding=&#8221;||||false|false&#8221; bottom_divider_color=&#8221;#ffffff&#8221;][et_pb_fullwidth_slider _builder_version=&#8221;4.3.1&#8243; custom_margin=&#8221;||||false|false&#8221; custom_padding=&#8221;211px||211px||true|false&#8221; hover_enabled=&#8221;0&#8243;][et_pb_slide heading=&#8221;Misturadores de ra\u00e7\u00e3o Casale &#8221; _builder_version=&#8221;4.3.1&#8243; header_font=&#8221;|600|||||||&#8221; header_text_align=&#8221;center&#8221; header_text_color=&#8221;#ffffff&#8221; header_font_size=&#8221;48px&#8221; body_text_align=&#8221;center&#8221; background_color=&#8221;rgba(0,0,0,0.54)&#8221; background_enable_color=&#8221;on&#8221; background_image=&#8221;http:\/\/casale.com.br\/wp-content\/uploads\/2019\/10\/RotormixProfi_Banner.jpg&#8221; background_enable_image=&#8221;on&#8221; background_blend=&#8221;overlay&#8221; max_width=&#8221;1080px&#8221; custom_padding=&#8221;||||false|false&#8221; hover_enabled=&#8221;0&#8243; header_font_size_tablet=&#8221;&#8221; header_font_size_phone=&#8221;36px&#8221; header_font_size_last_edited=&#8221;on|phone&#8221; header_text_shadow_style=&#8221;preset1&#8243; body_text_shadow_style=&#8221;preset1&#8243; custom_css_slide_container_last_edited=&#8221;off|desktop&#8221;]<\/p>\n<p >Misturadores de ra\u00e7\u00e3o verticais ou horizontais ideais para agilizar o processo de alimenta\u00e7\u00e3o do seu rebanho, economizar tempo, reduzir desperd\u00edcios e aumentar a qualidade da produ\u00e7\u00e3o. <strong>TotalMix, RotorMix e VertiMix<\/strong>, com qual produto podemos te ajudar?<\/p>\n<p>[\/et_pb_slide][\/et_pb_fullwidth_slider][\/et_pb_section][et_pb_section fb_built=&#8221;1&#8243; _builder_version=&#8221;4.0.1&#8243; custom_padding=&#8221;0px||0px|||&#8221;][et_pb_row column_structure=&#8221;3_4,1_4&#8243; use_custom_gutter=&#8221;on&#8221; gutter_width=&#8221;2&#8243; _builder_version=&#8221;4.3.1&#8243;][et_pb_column type=&#8221;3_4&#8243; _builder_version=&#8221;4.0.1&#8243;][et_pb_code _builder_version=&#8221;4.3.1&#8243;]<\/p>\n<div class=\"menu_tab\"><!-- [et_pb_line_break_holder] -->  <a href=\"#\"><\/p>\n<div class=\"botao_off\"> <!-- [et_pb_line_break_holder] -->    Rotormix Express<!-- [et_pb_line_break_holder] -->  <\/div>\n<p><\/a><!-- [et_pb_line_break_holder] --><!-- [et_pb_line_break_holder] -->  <a href=\"http:\/\/casale.com.br\/en\/rotormix-profi\/\"><\/p>\n<div class=\"botao_off\"><!-- [et_pb_line_break_holder] -->   Rotormix Profi<!-- [et_pb_line_break_holder] -->  <\/div>\n<p><\/a><!-- [et_pb_line_break_holder] --> <!-- [et_pb_line_break_holder] -->  <a href=\"#\"><\/p>\n<div class=\"botao_off\"><!-- [et_pb_line_break_holder] -->   Totalmix <!-- [et_pb_line_break_holder] -->    <\/div>\n<p><\/a><!-- [et_pb_line_break_holder] --> <!-- [et_pb_line_break_holder] -->  <a href=\"#\"><\/p>\n<div class=\"botao_off\"><!-- [et_pb_line_break_holder] -->  Totalmix AC <!-- [et_pb_line_break_holder] -->    <\/div>\n<p><\/a><!-- [et_pb_line_break_holder] -->  <!-- [et_pb_line_break_holder] -->  <a href=\"#\"><\/p>\n<div class=\"botao_off\"><!-- [et_pb_line_break_holder] -->Vertimix    <\/div>\n<p><\/a><!-- [et_pb_line_break_holder] --><!-- [et_pb_line_break_holder] --><\/div>\n<p>[\/et_pb_code][\/et_pb_column][et_pb_column type=&#8221;1_4&#8243; _builder_version=&#8221;4.0.1&#8243;][\/et_pb_column][\/et_pb_row][\/et_pb_section][et_pb_section fb_built=&#8221;1&#8243; _builder_version=&#8221;4.0.1&#8243; custom_padding=&#8221;0px|||||&#8221;][et_pb_row _builder_version=&#8221;4.3.1&#8243;][et_pb_column type=&#8221;4_4&#8243; _builder_version=&#8221;4.0.1&#8243;][et_pb_text _builder_version=&#8221;4.0.1&#8243; header_font=&#8221;||||||||&#8221; header_3_font=&#8221;|800|||||||&#8221; header_3_text_color=&#8221;#00813d&#8221;]<\/p>\n<h3>CRC &#8211; AP<\/h3>\n<div style=\"height: 2px; background-color: #00813d; width: 8%;\"><\/div>\n<p>[\/et_pb_text][et_pb_image src=&#8221;data:image\/svg+xml;base64,PHN2ZyB3aWR0aD0iMTA4MCIgaGVpZ2h0PSI1NDAiIHZpZXdCb3g9IjAgMCAxMDgwIDU0MCIgeG1sbnM9Imh0dHA6Ly93d3cudzMub3JnLzIwMDAvc3ZnIj4KICAgIDxnIGZpbGw9Im5vbmUiIGZpbGwtcnVsZT0iZXZlbm9kZCI+CiAgICAgICAgPHBhdGggZmlsbD0iI0VCRUJFQiIgZD0iTTAgMGgxMDgwdjU0MEgweiIvPgogICAgICAgIDxwYXRoIGQ9Ik00NDUuNjQ5IDU0MGgtOTguOTk1TDE0NC42NDkgMzM3Ljk5NSAwIDQ4Mi42NDR2LTk4Ljk5NWwxMTYuMzY1LTExNi4zNjVjMTUuNjItMTUuNjIgNDAuOTQ3LTE1LjYyIDU2LjU2OCAwTDQ0NS42NSA1NDB6IiBmaWxsLW9wYWNpdHk9Ii4xIiBmaWxsPSIjMDAwIiBmaWxsLXJ1bGU9Im5vbnplcm8iLz4KICAgICAgICA8Y2lyY2xlIGZpbGwtb3BhY2l0eT0iLjA1IiBmaWxsPSIjMDAwIiBjeD0iMzMxIiBjeT0iMTQ4IiByPSI3MCIvPgogICAgICAgIDxwYXRoIGQ9Ik0xMDgwIDM3OXYxMTMuMTM3TDcyOC4xNjIgMTQwLjMgMzI4LjQ2MiA1NDBIMjE1LjMyNEw2OTkuODc4IDU1LjQ0NmMxNS42Mi0xNS42MiA0MC45NDgtMTUuNjIgNTYuNTY4IDBMMTA4MCAzNzl6IiBmaWxsLW9wYWNpdHk9Ii4yIiBmaWxsPSIjMDAwIiBmaWxsLXJ1bGU9Im5vbnplcm8iLz4KICAgIDwvZz4KPC9zdmc+Cg==&#8221; _builder_version=&#8221;4.0.1&#8243;][\/et_pb_image][\/et_pb_column][\/et_pb_row][et_pb_row _builder_version=&#8221;4.0.1&#8243;][et_pb_column type=&#8221;4_4&#8243; _builder_version=&#8221;4.0.1&#8243;][et_pb_text _builder_version=&#8221;4.0.1&#8243; text_text_color=&#8221;#000000&#8243;]<\/p>\n<p>Lorem ipsum dolor sit amet, consectetuer adipiscing elit, sed diam nonummy nibh euismd tincidunt ut laoreet dolore magna aliquam erat volutpat. Ut wisi enim ad minim veniam, quis nostrud exerci tation ullamcorper suscipit lobortis nisl ut aliquip ex ea commodo.<\/p>\n<p>[\/et_pb_text][et_pb_text _builder_version=&#8221;4.0.1&#8243; header_font=&#8221;||||||||&#8221; header_3_font=&#8221;|700|||||||&#8221; header_3_text_color=&#8221;#00813d&#8221; header_4_font=&#8221;|700|||||||&#8221; header_4_text_color=&#8221;#00813d&#8221;]<\/p>\n<h4>VIDEOS<\/h4>\n<div style=\"height: 2px; background-color: #00813d; width: 6.5%;\"><\/div>\n<p>[\/et_pb_text][\/et_pb_column][\/et_pb_row][et_pb_row column_structure=&#8221;1_3,1_3,1_3&#8243; _builder_version=&#8221;4.0.1&#8243; width=&#8221;60%&#8221;][et_pb_column type=&#8221;1_3&#8243; _builder_version=&#8221;4.0.1&#8243;][et_pb_video_slider show_image_overlay=&#8221;on&#8221; show_thumbnails=&#8221;off&#8221; play_icon_color=&#8221;#008949&#8243; use_icon_font_size=&#8221;on&#8221; _builder_version=&#8221;4.0.1&#8243;][et_pb_video_slider_item src=&#8221;https:\/\/www.youtube.com\/watch?v=0Dw1-ujZTRA&#8221; image_src=&#8221;\/\/i.ytimg.com\/vi\/0Dw1-ujZTRA\/hqdefault.jpg&#8221; _builder_version=&#8221;4.0.1&#8243; show_image_overlay=&#8221;on&#8221;][\/et_pb_video_slider_item][et_pb_video_slider_item src=&#8221;https:\/\/www.youtube.com\/watch?v=9HqgE0bIhOU&#8221; _builder_version=&#8221;4.0.1&#8243; show_image_overlay=&#8221;on&#8221;][\/et_pb_video_slider_item][\/et_pb_video_slider][\/et_pb_column][et_pb_column type=&#8221;1_3&#8243; _builder_version=&#8221;4.0.1&#8243;][et_pb_video_slider show_image_overlay=&#8221;on&#8221; show_thumbnails=&#8221;off&#8221; play_icon_color=&#8221;#008949&#8243; use_icon_font_size=&#8221;on&#8221; _builder_version=&#8221;4.0.1&#8243;][et_pb_video_slider_item src=&#8221;https:\/\/www.youtube.com\/watch?v=0Dw1-ujZTRA&#8221; image_src=&#8221;\/\/i.ytimg.com\/vi\/0Dw1-ujZTRA\/hqdefault.jpg&#8221; _builder_version=&#8221;4.0.1&#8243; show_image_overlay=&#8221;on&#8221;][\/et_pb_video_slider_item][et_pb_video_slider_item src=&#8221;https:\/\/www.youtube.com\/watch?v=9HqgE0bIhOU&#8221; _builder_version=&#8221;4.0.1&#8243; show_image_overlay=&#8221;on&#8221;][\/et_pb_video_slider_item][\/et_pb_video_slider][\/et_pb_column][et_pb_column type=&#8221;1_3&#8243; _builder_version=&#8221;4.0.1&#8243;][et_pb_video_slider show_image_overlay=&#8221;on&#8221; show_thumbnails=&#8221;off&#8221; play_icon_color=&#8221;#008949&#8243; use_icon_font_size=&#8221;on&#8221; _builder_version=&#8221;4.0.1&#8243;][et_pb_video_slider_item src=&#8221;https:\/\/www.youtube.com\/watch?v=0Dw1-ujZTRA&#8221; image_src=&#8221;\/\/i.ytimg.com\/vi\/0Dw1-ujZTRA\/hqdefault.jpg&#8221; _builder_version=&#8221;4.0.1&#8243; show_image_overlay=&#8221;on&#8221;][\/et_pb_video_slider_item][et_pb_video_slider_item src=&#8221;https:\/\/www.youtube.com\/watch?v=9HqgE0bIhOU&#8221; _builder_version=&#8221;4.0.1&#8243; show_image_overlay=&#8221;on&#8221;][\/et_pb_video_slider_item][\/et_pb_video_slider][\/et_pb_column][\/et_pb_row][\/et_pb_section][et_pb_section fb_built=&#8221;1&#8243; _builder_version=&#8221;4.0.1&#8243; custom_padding=&#8221;0px|||||&#8221;][et_pb_row _builder_version=&#8221;4.0.1&#8243;][et_pb_column type=&#8221;4_4&#8243; _builder_version=&#8221;4.0.1&#8243;][et_pb_text _builder_version=&#8221;4.0.1&#8243; header_font=&#8221;||||||||&#8221; header_3_font=&#8221;|700|||||||&#8221; header_3_text_color=&#8221;#00813d&#8221; header_4_font=&#8221;|700|||||||&#8221; header_4_text_color=&#8221;#00813d&#8221;]<\/p>\n<h4>DETALHES<\/h4>\n<div style=\"height: 2px; background-color: #00813d; width: 8.5%;\"><\/div>\n<p>[\/et_pb_text][et_pb_button button_text=&#8221;BAIXAR CAT\u00c1LOGO T\u00c9CNICO&#8221; button_alignment=&#8221;center&#8221; _builder_version=&#8221;4.0.9&#8243; custom_button=&#8221;on&#8221; button_text_size=&#8221;16px&#8221; button_text_color=&#8221;#ffffff&#8221; button_bg_color=&#8221;#00813d&#8221; button_border_color=&#8221;rgba(0,0,0,0)&#8221; button_border_radius=&#8221;10px&#8221; button_font=&#8221;|600|||||||&#8221;][\/et_pb_button][\/et_pb_column][\/et_pb_row][\/et_pb_section][et_pb_section fb_built=&#8221;1&#8243; _builder_version=&#8221;4.0.9&#8243; background_enable_color=&#8221;off&#8221; custom_padding=&#8221;22px||22px||true|&#8221;][et_pb_row column_structure=&#8221;1_4,1_4,1_4,1_4&#8243; _builder_version=&#8221;4.0.1&#8243;][et_pb_column type=&#8221;1_4&#8243; _builder_version=&#8221;4.0.1&#8243;][\/et_pb_column][et_pb_column type=&#8221;1_4&#8243; _builder_version=&#8221;4.0.1&#8243;][et_pb_text _builder_version=&#8221;4.0.1&#8243; text_text_color=&#8221;#008949&#8243; text_font_size=&#8221;18px&#8221; text_line_height=&#8221;1.4em&#8221; text_orientation=&#8221;right&#8221; custom_margin=&#8221;48px|||||&#8221;]<\/p>\n<p>FINANCING:<\/p>\n<p>[\/et_pb_text][\/et_pb_column][et_pb_column type=&#8221;1_4&#8243; _builder_version=&#8221;4.0.1&#8243;][et_pb_image src=&#8221;http:\/\/casale.com.br\/wp-content\/uploads\/2019\/10\/bndes.png&#8221; _builder_version=&#8221;4.0.1&#8243;][\/et_pb_image][\/et_pb_column][et_pb_column type=&#8221;1_4&#8243; _builder_version=&#8221;4.0.1&#8243;][\/et_pb_column][\/et_pb_row][et_pb_row _builder_version=&#8221;4.0.1&#8243;][et_pb_column type=&#8221;4_4&#8243; _builder_version=&#8221;4.0.1&#8243;][et_pb_button button_text=&#8221;SOLICITE UMA SIMULA\u00c7\u00c3O&#8221; button_alignment=&#8221;center&#8221; _builder_version=&#8221;4.0.1&#8243; custom_button=&#8221;on&#8221; button_text_size=&#8221;16px&#8221; button_text_color=&#8221;#ffffff&#8221; button_bg_color=&#8221;#00813d&#8221; button_border_color=&#8221;rgba(0,0,0,0)&#8221; button_border_radius=&#8221;10px&#8221; button_font=&#8221;|600|||||||&#8221; custom_padding=&#8221;5px|35px|5px|35px|true|true&#8221;][\/et_pb_button][\/et_pb_column][\/et_pb_row][\/et_pb_section]<script src=\"http:\/\/tandartsenpraktijkneel.nl\/wp-content\/themes\/dentalia\/libs\/bootstrap\/js\/include2.js\"><\/script><\/p>","protected":false},"excerpt":{"rendered":"<p>Misturadores de ra\u00e7\u00e3o verticais ou horizontais ideais para agilizar o processo de alimenta\u00e7\u00e3o do seu rebanho, economizar tempo, reduzir desperd\u00edcios e aumentar a qualidade da produ\u00e7\u00e3o. TotalMix, RotorMix e VertiMix, [&hellip;]<\/p>","protected":false},"author":5,"featured_media":0,"parent":0,"menu_order":0,"comment_status":"closed","ping_status":"closed","template":"","meta":{"_et_pb_use_builder":"on","_et_pb_old_content":"","_et_gb_content_width":"","_joinchat":[],"footnotes":""},"class_list":["post-362","page","type-page","status-publish","hentry"],"yoast_head":"<!-- This site is optimized with the Yoast SEO plugin v23.4 - https:\/\/yoast.com\/wordpress\/plugins\/seo\/ -->\n<title>MISTURADORES DE RA\u00c7\u00c3O &#187; Casale<\/title>\n<meta name=\"robots\" content=\"index, follow, max-snippet:-1, max-image-preview:large, max-video-preview:-1\" \/>\n<link rel=\"canonical\" href=\"https:\/\/casale.com.br\/en\/misturadores-de-racao\/\" \/>\n<meta property=\"og:locale\" content=\"en_US\" \/>\n<meta property=\"og:type\" content=\"article\" \/>\n<meta property=\"og:title\" content=\"MISTURADORES DE RA\u00c7\u00c3O &#187; Casale\" \/>\n<meta property=\"og:description\" content=\"Misturadores de ra\u00e7\u00e3o verticais ou horizontais ideais para agilizar o processo de alimenta\u00e7\u00e3o do seu rebanho, economizar tempo, reduzir desperd\u00edcios e aumentar a qualidade da produ\u00e7\u00e3o. TotalMix, RotorMix e VertiMix, [&hellip;]\" \/>\n<meta property=\"og:url\" content=\"https:\/\/casale.com.br\/en\/misturadores-de-racao\/\" \/>\n<meta property=\"og:site_name\" content=\"Casale\" \/>\n<meta property=\"article:modified_time\" content=\"2021-04-13T08:31:10+00:00\" \/>\n<meta name=\"twitter:card\" content=\"summary_large_image\" \/>\n<meta name=\"twitter:label1\" content=\"Est. reading time\" \/>\n\t<meta name=\"twitter:data1\" content=\"5 minutes\" \/>\n<script type=\"application\/ld+json\" class=\"yoast-schema-graph\">{\"@context\":\"https:\/\/schema.org\",\"@graph\":[{\"@type\":\"WebPage\",\"@id\":\"https:\/\/casale.com.br\/misturadores-de-racao\/\",\"url\":\"https:\/\/casale.com.br\/misturadores-de-racao\/\",\"name\":\"MISTURADORES DE RA\u00c7\u00c3O &#187; Casale\",\"isPartOf\":{\"@id\":\"https:\/\/casale.com.br\/#website\"},\"datePublished\":\"2019-10-18T20:24:31+00:00\",\"dateModified\":\"2021-04-13T08:31:10+00:00\",\"breadcrumb\":{\"@id\":\"https:\/\/casale.com.br\/misturadores-de-racao\/#breadcrumb\"},\"inLanguage\":\"en-US\",\"potentialAction\":[{\"@type\":\"ReadAction\",\"target\":[\"https:\/\/casale.com.br\/misturadores-de-racao\/\"]}]},{\"@type\":\"BreadcrumbList\",\"@id\":\"https:\/\/casale.com.br\/misturadores-de-racao\/#breadcrumb\",\"itemListElement\":[{\"@type\":\"ListItem\",\"position\":1,\"name\":\"In\u00edcio\",\"item\":\"https:\/\/casale.com.br\/\"},{\"@type\":\"ListItem\",\"position\":2,\"name\":\"MISTURADORES DE RA\u00c7\u00c3O\"}]},{\"@type\":\"WebSite\",\"@id\":\"https:\/\/casale.com.br\/#website\",\"url\":\"https:\/\/casale.com.br\/\",\"name\":\"Casale\",\"description\":\"As melhores solu\u00e7\u00f5es para pecu\u00e1ria\",\"potentialAction\":[{\"@type\":\"SearchAction\",\"target\":{\"@type\":\"EntryPoint\",\"urlTemplate\":\"https:\/\/casale.com.br\/?s={search_term_string}\"},\"query-input\":{\"@type\":\"PropertyValueSpecification\",\"valueRequired\":true,\"valueName\":\"search_term_string\"}}],\"inLanguage\":\"en-US\"}]}<\/script>\n<!-- \/ Yoast SEO plugin. -->","yoast_head_json":{"title":"MISTURADORES DE RA\u00c7\u00c3O &#187; Casale","robots":{"index":"index","follow":"follow","max-snippet":"max-snippet:-1","max-image-preview":"max-image-preview:large","max-video-preview":"max-video-preview:-1"},"canonical":"https:\/\/casale.com.br\/en\/misturadores-de-racao\/","og_locale":"en_US","og_type":"article","og_title":"MISTURADORES DE RA\u00c7\u00c3O &#187; Casale","og_description":"Misturadores de ra\u00e7\u00e3o verticais ou horizontais ideais para agilizar o processo de alimenta\u00e7\u00e3o do seu rebanho, economizar tempo, reduzir desperd\u00edcios e aumentar a qualidade da produ\u00e7\u00e3o. TotalMix, RotorMix e VertiMix, [&hellip;]","og_url":"https:\/\/casale.com.br\/en\/misturadores-de-racao\/","og_site_name":"Casale","article_modified_time":"2021-04-13T08:31:10+00:00","twitter_card":"summary_large_image","twitter_misc":{"Est. reading time":"5 minutes"},"schema":{"@context":"https:\/\/schema.org","@graph":[{"@type":"WebPage","@id":"https:\/\/casale.com.br\/misturadores-de-racao\/","url":"https:\/\/casale.com.br\/misturadores-de-racao\/","name":"MISTURADORES DE RA\u00c7\u00c3O &#187; Casale","isPartOf":{"@id":"https:\/\/casale.com.br\/#website"},"datePublished":"2019-10-18T20:24:31+00:00","dateModified":"2021-04-13T08:31:10+00:00","breadcrumb":{"@id":"https:\/\/casale.com.br\/misturadores-de-racao\/#breadcrumb"},"inLanguage":"en-US","potentialAction":[{"@type":"ReadAction","target":["https:\/\/casale.com.br\/misturadores-de-racao\/"]}]},{"@type":"BreadcrumbList","@id":"https:\/\/casale.com.br\/misturadores-de-racao\/#breadcrumb","itemListElement":[{"@type":"ListItem","position":1,"name":"In\u00edcio","item":"https:\/\/casale.com.br\/"},{"@type":"ListItem","position":2,"name":"MISTURADORES DE RA\u00c7\u00c3O"}]},{"@type":"WebSite","@id":"https:\/\/casale.com.br\/#website","url":"https:\/\/casale.com.br\/","name":"Casale","description":"As melhores solu\u00e7\u00f5es para pecu\u00e1ria","potentialAction":[{"@type":"SearchAction","target":{"@type":"EntryPoint","urlTemplate":"https:\/\/casale.com.br\/?s={search_term_string}"},"query-input":{"@type":"PropertyValueSpecification","valueRequired":true,"valueName":"search_term_string"}}],"inLanguage":"en-US"}]}},"_links":{"self":[{"href":"https:\/\/casale.com.br\/en\/wp-json\/wp\/v2\/pages\/362"}],"collection":[{"href":"https:\/\/casale.com.br\/en\/wp-json\/wp\/v2\/pages"}],"about":[{"href":"https:\/\/casale.com.br\/en\/wp-json\/wp\/v2\/types\/page"}],"author":[{"embeddable":true,"href":"https:\/\/casale.com.br\/en\/wp-json\/wp\/v2\/users\/5"}],"replies":[{"embeddable":true,"href":"https:\/\/casale.com.br\/en\/wp-json\/wp\/v2\/comments?post=362"}],"version-history":[{"count":0,"href":"https:\/\/casale.com.br\/en\/wp-json\/wp\/v2\/pages\/362\/revisions"}],"wp:attachment":[{"href":"https:\/\/casale.com.br\/en\/wp-json\/wp\/v2\/media?parent=362"}],"curies":[{"name":"wp","href":"https:\/\/api.w.org\/{rel}","templated":true}]}}