{"id":3,"date":"2019-10-01T16:44:38","date_gmt":"2019-10-01T19:44:38","guid":{"rendered":"http:\/\/casale.com.br\/?page_id=3"},"modified":"2020-11-19T10:57:41","modified_gmt":"2020-11-19T13:57:41","slug":"politica-de-privacidade","status":"publish","type":"page","link":"https:\/\/casale.com.br\/en\/politica-de-privacidade\/","title":{"rendered":"Privacy policy"},"content":{"rendered":"<p>[et_pb_section fb_built=&#8221;1&#8243; _builder_version=&#8221;4.5.7&#8243; _module_preset=&#8221;default&#8221;][et_pb_row _builder_version=&#8221;4.5.7&#8243; _module_preset=&#8221;default&#8221; custom_padding=&#8221;||11px|||&#8221;][et_pb_column type=&#8221;4_4&#8243; _builder_version=&#8221;4.5.7&#8243; _module_preset=&#8221;default&#8221;][et_pb_text _builder_version=&#8221;4.5.7&#8243; _module_preset=&#8221;default&#8221; header_3_font=&#8221;|600|||||||&#8221; custom_margin=&#8221;||30px|||&#8221;]<\/p>\n<h3>Privacy policy<\/h3>\n<p>[\/et_pb_text][et_pb_text _builder_version=&#8221;4.5.7&#8243; _module_preset=&#8221;default&#8221;]<\/p>\n<p>We at Casale Equipamentos, CNPJ: 59.600.643 \/ 0001-19, are committed to protecting your privacy. The purpose of this document is to clarify what information is collected from the users of our website http:\/\/casale.com.br\/ and how this data is used. To offer our services, we at Casale Equipamentos, through our website, collect various data and information, aiming, above all, to provide an increasingly better experience for you. We recognize that your privacy is very important, so we take all possible measures to protect it. To make it easier for you to understand, we have divided this Policy as follows:<\/p>\n<p>[\/et_pb_text][\/et_pb_column][\/et_pb_row][et_pb_row _builder_version=&#8221;4.5.7&#8243; _module_preset=&#8221;default&#8221; custom_margin=&#8221;-3px|auto||auto||&#8221; custom_padding=&#8221;16px|||||&#8221;][et_pb_column type=&#8221;4_4&#8243; _builder_version=&#8221;4.5.7&#8243; _module_preset=&#8221;default&#8221;][et_pb_text _builder_version=&#8221;4.5.7&#8243; _module_preset=&#8221;default&#8221; custom_margin=&#8221;||8px|||&#8221;]<\/p>\n<ul>\n<li>\n<h5>About data collection;<\/h5>\n<\/li>\n<li>\n<h5>About the use of your personal data;<\/h5>\n<\/li>\n<li>\n<h5>About access to your personal data;<\/h5>\n<\/li>\n<li>\n<h5>About data sharing;<\/h5>\n<\/li>\n<li>\n<h5>About canceling the subscription and changing \/ deleting personal information;<\/h5>\n<\/li>\n<li>\n<h5>Changes in the Privacy Policy;<\/h5>\n<\/li>\n<li>\n<h5>Applicable Law.<\/h5>\n<\/li>\n<\/ul>\n<p>[\/et_pb_text][et_pb_text _builder_version=&#8221;4.5.7&#8243; _module_preset=&#8221;default&#8221;]<\/p>\n<p>Any questions regarding our privacy policy, please contact us and we will clarify everything. Send an email to: casale@casale.com.br. We are located at Rod. Washington Lu\u00eds, km 237, S\u00e3o Carlos - SP \/ BR - S\u00e3o Carlos, S\u00e3o Paulo, Brazil, CEP: 13560-970.<\/p>\n<p>[\/et_pb_text][et_pb_accordion _builder_version=&#8221;4.5.7&#8243; _module_preset=&#8221;default&#8221; hover_enabled=&#8221;0&#8243;][et_pb_accordion_item title=&#8221;Sobre a coleta de dados: Explanaremos como podemos coletar os seus dados.&#8221; open=&#8221;on&#8221; _builder_version=&#8221;4.5.7&#8243; _module_preset=&#8221;default&#8221; toggle_level=&#8221;h5&#8243; toggle_font=&#8221;|600|||||||&#8221; toggle_font_size=&#8221;18px&#8221; toggle_line_height=&#8221;1.1em&#8221;]<\/p>\n<h5>Information provided by you<\/h5>\n<p>We collect personally identifiable information, such as name, e-mail, company, company website and cell phone, by completing the forms to download our free content. Eventually, the request for some information can be made through direct contact of Casale Equipamentos with users via email or phone.<\/p>\n<h5>Site navigation information<\/h5>\n<p>When you visit our site, a \u2018cookie\u2019 is inserted into your browser using the Google Analytics software to identify how many times you return to our email address. Information such as IP address, geographic location, source of reference, type of browser, duration of visit and pages visited are collected.<\/p>\n<h5>Contact history<\/h5>\n<p>We store information about all contacts already made with our users, such as content downloaded from our pages and interactions via e-mail.<\/p>\n<h5>Data generated when using our services<\/h5>\n<p>Se voc\u00ea utilizar de algum de nossos servi\u00e7os ou compra de produtos, coletaremos ainda outras informa\u00e7\u00f5es. Nesse caso, coletaremos dados de contato, como seu nome, e-mail e telefone, dados locacionais e dados de perfil profissional, que inclui cargo, empresa, n\u00famero de funcion\u00e1rios e contato.[\/et_pb_accordion_item][et_pb_accordion_item title=&#8221;Sobre o uso de seus dados pessoais&#8221; _builder_version=&#8221;4.5.7&#8243; _module_preset=&#8221;default&#8221; toggle_level=&#8221;h5&#8243; toggle_font=&#8221;|600|||||||&#8221; toggle_font_size=&#8221;18px&#8221; toggle_line_height=&#8221;1.1em&#8221; open=&#8221;off&#8221;]<\/p>\n<p>Todos os dados que coletamos s\u00e3o usados para a presta\u00e7\u00e3o de nossos servi\u00e7os, mas vale ressaltar que prezamos muito pela sua privacidade. Por isso, todos os dados e informa\u00e7\u00f5es sobre voc\u00ea s\u00e3o tratadas como confidenciais; e somente os usaremos para os fins aqui descritos e autorizados por voc\u00ea, principalmente para que possa utilizar nossos servi\u00e7os de forma plena, visando sempre melhorar a sua experi\u00eancia como usu\u00e1rio. Dessa maneira, poderemos personalizar o servi\u00e7o para adequ\u00e1-lo cada vez mais aos seus gostos e interesses. Ademais, seus dados tamb\u00e9m podem ser usados para criarmos novos servi\u00e7os, produtos e funcionalidades. Para prestar nossos servi\u00e7os, cruzaremos os dados que coletarmos com outros que tivermos sobre o mesmo titular em nossas bases de dados, inclusive os dados que voc\u00ea cadastrar em nossas plataformas. Em especial, usaremos os dados para monitorar as a\u00e7\u00f5es das p\u00e1ginas que voc\u00ea cadastrar para criar perfis com base nos dados de seu comportamento e, assim, verificaremos quais s\u00e3o seus interesses para classificar, qualificar e criar listas din\u00e2micas para execu\u00e7\u00e3o de a\u00e7\u00f5es de marketing direcionadas, que s\u00e3o realizadas automaticamente. Eventualmente, poderemos usar dados para finalidades n\u00e3o previstas nesta pol\u00edtica de privacidade, mas estes estar\u00e3o dentro das suas leg\u00edtimas expectativas. O eventual uso dos seus dados para finalidades que n\u00e3o cumpram com essa prerrogativa ser\u00e1 feito mediante sua autoriza\u00e7\u00e3o pr\u00e9via. Al\u00e9m do acima, usaremos seus dados para as seguintes finalidades:<\/p>\n<ul style=\"margin-top: 10px;\" class=\"ul_privacidade\">\n<li>Seu e-mail \u00e9 usado para a opera\u00e7\u00e3o de envio do material ou informa\u00e7\u00e3o por voc\u00ea requisitada no preenchimento do formul\u00e1rio. Tamb\u00e9m pode ser usado para envio de Newsletters. O e-mail ser\u00e1 usado ainda para comunicar o lan\u00e7amento de novos produtos, campanhas promocionais da Casale Equipamentos. No entanto, o usu\u00e1rio pode cancelar a assinatura a qualquer momento;<\/li>\n<li>Os dados de download poder\u00e3o ser divulgados como pesquisas e estat\u00edsticas, n\u00e3o sendo reveladas abertamente nenhuma informa\u00e7\u00e3o pessoal, a menos que autorizada explicitamente;<\/li>\n<li>Funcion\u00e1rios da Casale Equipamentos poder\u00e3o eventualmente entrar em contato via e-mail ou telefone para fazer pesquisas ou apresentar produtos e servi\u00e7os;<\/li>\n<li>Enviar a voc\u00ea mensagens a respeito de suporte ou servi\u00e7o, como alertas, notifica\u00e7\u00f5es e atualiza\u00e7\u00f5es;<\/li>\n<li>Comunicar-nos com voc\u00ea sobre produtos, servi\u00e7os, promo\u00e7\u00f5es, not\u00edcias, atualiza\u00e7\u00f5es, eventos e outros assuntos que possa lhe interessar;<\/li>\n<li>Realizar publicidade direcionada conforme seus gostos, interesses e outras informa\u00e7\u00f5es coletadas;<\/li>\n<li>Personalizar o servi\u00e7o para este adequar cada vez mais aos seus gostos e interesses;<\/li>\n<li>Para qualquer fim que voc\u00ea autorizar no momento da coleta de dados;<\/li>\n<li>Cumprir obriga\u00e7\u00f5es legais.<\/li>\n<\/ul>\n<p>Reservamo-nos no direito de monitorar toda a plataforma, principalmente para assegurar que as regras descritas em nosso Termo de Uso est\u00e3o sendo observadas, ou ainda se n\u00e3o h\u00e1 viola\u00e7\u00e3o ou abuso das leis aplic\u00e1veis. Portanto, nos reservamos no direito de excluir determinado usu\u00e1rio, independentemente do tipo que for, caso a presente Pol\u00edtica n\u00e3o seja respeitada.<\/p>\n<p>[\/et_pb_accordion_item][et_pb_accordion_item title=&#8221;Sobre o acesso aos seus dados pessoais&#8221; _builder_version=&#8221;4.5.7&#8243; _module_preset=&#8221;default&#8221; toggle_level=&#8221;h5&#8243; toggle_font=&#8221;|600|||||||&#8221; toggle_font_size=&#8221;18px&#8221; toggle_line_height=&#8221;1.1em&#8221; open=&#8221;off&#8221;]<\/p>\n<p>By clicking on the content sharing buttons on the social networks available on our pages, the user will be publishing the content through his profile on the selected network. We do not have access to users' login and password on these networks, nor will we publish content on behalf of the user without the user performing this action. Accordingly, we reserve the right to share your information, including location, registration and interest data, with our partners, advertisers and service providers, whenever possible, anonymously, in order to preserve your privacy. You hereby expressly authorize such shares. We are not responsible for the acts, advertisements and content generated by our business partners and ad networks, and this Policy does not apply to them, as Casale Equipamentos does not control them. All data, information and content about you can be considered active in the case of negotiations in which Casale Equipamentos participates. Therefore, we reserve the right to include your data among the company's assets if it is to be sold, acquired or merged with another. Through this Policy, you agree and are aware of this possibility. We reserve the right to provide your data and information about you, including your interactions, if legally required to do so, which is necessary for the company to comply with national laws or if you expressly authorize it.<\/p>\n<p>[\/et_pb_accordion_item][et_pb_accordion_item title=&#8221;Sobre o compartilhamento de dados&#8221; _builder_version=&#8221;4.5.7&#8243; _module_preset=&#8221;default&#8221; toggle_level=&#8221;h5&#8243; toggle_font=&#8221;|600|||||||&#8221; toggle_font_size=&#8221;18px&#8221; toggle_line_height=&#8221;1.1em&#8221; open=&#8221;off&#8221;]<\/p>\n<p>By clicking on the content sharing buttons on the social networks available on our pages, the user will be publishing the content through his profile on the selected network. We do not have access to users' login and password on these networks, nor will we publish content on behalf of the user without the user performing this action. Accordingly, we reserve the right to share your information, including location, registration and interest data, with our partners, advertisers and service providers, whenever possible, anonymously, in order to preserve your privacy. You hereby expressly authorize such shares. We are not responsible for the acts, advertisements and content generated by our business partners and ad networks, and this Policy does not apply to them, as Casale Equipamentos does not control them. All data, information and content about you can be considered active in the case of negotiations in which Casale Equipamentos participates. Therefore, we reserve the right to include your data among the company's assets if it is to be sold, acquired or merged with another. Through this Policy, you agree and are aware of this possibility. We reserve the right to provide your data and information about you, including your interactions, if legally required to do so, which is necessary for the company to comply with national laws or if you expressly authorize it.<\/p>\n<p>[\/et_pb_accordion_item][et_pb_accordion_item title=&#8221;Sobre o cancelamento da assinatura e altera\u00e7\u00e3o\/exclus\u00e3o de informa\u00e7\u00f5es pessoais&#8221; _builder_version=&#8221;4.5.7&#8243; _module_preset=&#8221;default&#8221; toggle_level=&#8221;h5&#8243; toggle_font=&#8221;|600|||||||&#8221; toggle_font_size=&#8221;18px&#8221; toggle_line_height=&#8221;1.1em&#8221; open=&#8221;off&#8221;]<\/p>\n<p>You can choose not to receive any further email from Casale Equipamentos. In every email we send, there is always a link to unsubscribe available on the bottom lines. When you click on this link, you will be automatically unsubscribed from the list. It is important to mention that, when filling in any form again, the re-insertion of your e-mail to the list will be characterized. Therefore, the cancellation request must be made again if it is in your interest. All data collected will be deleted from our servers when you request it or when it is no longer necessary or relevant for us to offer you our services, unless there is any other reason for its maintenance, such as any legal obligation to retain data or the need for their preservation to protect Casale Equipamentos' rights. To change your personal information or delete it from our database, just send an email to Casale casale@casale.com.br<\/p>\n<p>[\/et_pb_accordion_item][et_pb_accordion_item title=&#8221;Mudan\u00e7as na Pol\u00edtica de Privacidade&#8221; _builder_version=&#8221;4.5.7&#8243; _module_preset=&#8221;default&#8221; toggle_level=&#8221;h5&#8243; toggle_font=&#8221;|600|||||||&#8221; toggle_font_size=&#8221;18px&#8221; toggle_line_height=&#8221;1.1em&#8221; open=&#8221;off&#8221;]<\/p>\n<p>This Privacy Policy may undergo updates. Therefore, we recommend that you visit this page periodically so that you are aware of the changes. If any relevant changes are made that give rise to new authorizations from you, we will publish a new privacy policy. Before using information for purposes other than those defined in this Privacy Policy, we will ask for your authorization.<\/p>\n<p>[\/et_pb_accordion_item][et_pb_accordion_item title=&#8221;Lei Aplic\u00e1vel&#8221; _builder_version=&#8221;4.5.7&#8243; _module_preset=&#8221;default&#8221; toggle_level=&#8221;h5&#8243; toggle_font=&#8221;|600|||||||&#8221; toggle_font_size=&#8221;18px&#8221; toggle_line_height=&#8221;1.1em&#8221; open=&#8221;off&#8221;]<\/p>\n<p>This document is governed and must be interpreted in accordance with the laws of the Federative Republic of Brazil. The S\u00e3o Carlos District Court, S\u00e3o Paulo, is elected as the competent body to resolve any issues arising from this document with express waiver of any other, however privileged it may be.<\/p>\n<p>[\/et_pb_accordion_item][et_pb_accordion_item title=&#8221;O que s\u00e3o cookies?&#8221; _builder_version=&#8221;4.5.7&#8243; _module_preset=&#8221;default&#8221; hover_enabled=&#8221;0&#8243; toggle_level=&#8221;h5&#8243; toggle_font=&#8221;|600|||||||&#8221; toggle_font_size=&#8221;18px&#8221; toggle_line_height=&#8221;1.1em&#8221; open=&#8221;off&#8221;]Um cookie \u00e9 um pequeno arquivo de texto que um site armazena em seu computador ou dispositivo m\u00f3vel quando voc\u00ea visita o site. Ele permite que o site lembre suas a\u00e7\u00f5es e prefer\u00eancias (como login, idioma, tamanho da fonte e outras prefer\u00eancias de exibi\u00e7\u00e3o) durante um per\u00edodo de tempo, para que n\u00e3o seja necess\u00e1rio continuar a inseri-las sempre que retornar ao site ou navegue de uma p\u00e1gina para outra. Como usamos cookies? Algumas de nossas p\u00e1ginas usam cookies para lembrar:<\/p>\n<ul class=\"ul_privacidade\" >\n<li>Your display preferences, such as contrast color settings or font size;<\/li>\n<li>If you have already responded to a survey pop-up that asks you if the content was useful or not (then you will not be asked for it again);<\/li>\n<li>If you have agreed (or not) with our use of cookies on this website;<\/li>\n<li>In addition, some videos embedded on our pages use a cookie to anonymously gather statistics about how you arrived and which videos you visited.<\/li>\n<\/ul>\n<p>Os cookies tamb\u00e9m s\u00e3o armazenados pela Europa Analytics, o servi\u00e7o corporativo que mede a efic\u00e1cia e efici\u00eancia dos sites da Comiss\u00e3o Europ\u00e9ia na EUROPA.[\/et_pb_accordion_item][et_pb_accordion_item title=&#8221;Utilizamos outros cookies?&#8221; _builder_version=&#8221;4.5.7&#8243; _module_preset=&#8221;default&#8221; hover_enabled=&#8221;0&#8243; toggle_level=&#8221;h5&#8243; toggle_font=&#8221;|600|||||||&#8221; toggle_font_size=&#8221;18px&#8221; toggle_line_height=&#8221;1.1em&#8221; open=&#8221;off&#8221;]<\/p>\n<p>Some of our pages or subsites may use cookies that are additional to or different from those described above. If so, their details will be provided on their specific cookie warning page. You may be asked by your agreement to store these cookies.<\/p>\n<p>[\/et_pb_accordion_item][\/et_pb_accordion][\/et_pb_column][\/et_pb_row][\/et_pb_section]<\/p>","protected":false},"excerpt":{"rendered":"<p>Pol\u00edtica de privacidadeN\u00f3s, da Casale Equipamentos, CNPJ: 59.600.643\/0001-19, estamos comprometidos em resguardar sua privacidade. A proposta deste documento \u00e9 esclarecer quais informa\u00e7\u00f5es s\u00e3o coletadas dos usu\u00e1rios de nosso site http:\/\/casale.com.br\/ [&hellip;]<\/p>","protected":false},"author":5,"featured_media":0,"parent":0,"menu_order":0,"comment_status":"closed","ping_status":"open","template":"","meta":{"_et_pb_use_builder":"on","_et_pb_old_content":"","_et_gb_content_width":"","_joinchat":[],"footnotes":""},"class_list":["post-3","page","type-page","status-publish","hentry"],"yoast_head":"<!-- This site is optimized with the Yoast SEO plugin v23.4 - https:\/\/yoast.com\/wordpress\/plugins\/seo\/ -->\n<title>Pol\u00edtica de privacidade &#187; Casale<\/title>\n<meta name=\"robots\" content=\"index, follow, max-snippet:-1, max-image-preview:large, max-video-preview:-1\" \/>\n<link rel=\"canonical\" href=\"https:\/\/casale.com.br\/en\/politica-de-privacidade\/\" \/>\n<meta property=\"og:locale\" content=\"en_US\" \/>\n<meta property=\"og:type\" content=\"article\" \/>\n<meta property=\"og:title\" content=\"Pol\u00edtica de privacidade &#187; Casale\" \/>\n<meta property=\"og:description\" content=\"Pol\u00edtica de privacidadeN\u00f3s, da Casale Equipamentos, CNPJ: 59.600.643\/0001-19, estamos comprometidos em resguardar sua privacidade. A proposta deste documento \u00e9 esclarecer quais informa\u00e7\u00f5es s\u00e3o coletadas dos usu\u00e1rios de nosso site http:\/\/casale.com.br\/ [&hellip;]\" \/>\n<meta property=\"og:url\" content=\"https:\/\/casale.com.br\/en\/politica-de-privacidade\/\" \/>\n<meta property=\"og:site_name\" content=\"Casale\" \/>\n<meta property=\"article:modified_time\" content=\"2020-11-19T13:57:41+00:00\" \/>\n<meta name=\"twitter:card\" content=\"summary_large_image\" \/>\n<meta name=\"twitter:label1\" content=\"Est. reading time\" \/>\n\t<meta name=\"twitter:data1\" content=\"12 minutes\" \/>\n<script type=\"application\/ld+json\" class=\"yoast-schema-graph\">{\"@context\":\"https:\/\/schema.org\",\"@graph\":[{\"@type\":\"WebPage\",\"@id\":\"https:\/\/casale.com.br\/politica-de-privacidade\/\",\"url\":\"https:\/\/casale.com.br\/politica-de-privacidade\/\",\"name\":\"Pol\u00edtica de privacidade &#187; Casale\",\"isPartOf\":{\"@id\":\"https:\/\/casale.com.br\/#website\"},\"datePublished\":\"2019-10-01T19:44:38+00:00\",\"dateModified\":\"2020-11-19T13:57:41+00:00\",\"breadcrumb\":{\"@id\":\"https:\/\/casale.com.br\/politica-de-privacidade\/#breadcrumb\"},\"inLanguage\":\"en-US\",\"potentialAction\":[{\"@type\":\"ReadAction\",\"target\":[\"https:\/\/casale.com.br\/politica-de-privacidade\/\"]}]},{\"@type\":\"BreadcrumbList\",\"@id\":\"https:\/\/casale.com.br\/politica-de-privacidade\/#breadcrumb\",\"itemListElement\":[{\"@type\":\"ListItem\",\"position\":1,\"name\":\"In\u00edcio\",\"item\":\"https:\/\/casale.com.br\/\"},{\"@type\":\"ListItem\",\"position\":2,\"name\":\"Pol\u00edtica de privacidade\"}]},{\"@type\":\"WebSite\",\"@id\":\"https:\/\/casale.com.br\/#website\",\"url\":\"https:\/\/casale.com.br\/\",\"name\":\"Casale\",\"description\":\"As melhores solu\u00e7\u00f5es para pecu\u00e1ria\",\"potentialAction\":[{\"@type\":\"SearchAction\",\"target\":{\"@type\":\"EntryPoint\",\"urlTemplate\":\"https:\/\/casale.com.br\/?s={search_term_string}\"},\"query-input\":{\"@type\":\"PropertyValueSpecification\",\"valueRequired\":true,\"valueName\":\"search_term_string\"}}],\"inLanguage\":\"en-US\"}]}<\/script>\n<!-- \/ Yoast SEO plugin. -->","yoast_head_json":{"title":"Pol\u00edtica de privacidade &#187; Casale","robots":{"index":"index","follow":"follow","max-snippet":"max-snippet:-1","max-image-preview":"max-image-preview:large","max-video-preview":"max-video-preview:-1"},"canonical":"https:\/\/casale.com.br\/en\/politica-de-privacidade\/","og_locale":"en_US","og_type":"article","og_title":"Pol\u00edtica de privacidade &#187; Casale","og_description":"Pol\u00edtica de privacidadeN\u00f3s, da Casale Equipamentos, CNPJ: 59.600.643\/0001-19, estamos comprometidos em resguardar sua privacidade. A proposta deste documento \u00e9 esclarecer quais informa\u00e7\u00f5es s\u00e3o coletadas dos usu\u00e1rios de nosso site http:\/\/casale.com.br\/ [&hellip;]","og_url":"https:\/\/casale.com.br\/en\/politica-de-privacidade\/","og_site_name":"Casale","article_modified_time":"2020-11-19T13:57:41+00:00","twitter_card":"summary_large_image","twitter_misc":{"Est. reading time":"12 minutes"},"schema":{"@context":"https:\/\/schema.org","@graph":[{"@type":"WebPage","@id":"https:\/\/casale.com.br\/politica-de-privacidade\/","url":"https:\/\/casale.com.br\/politica-de-privacidade\/","name":"Pol\u00edtica de privacidade &#187; Casale","isPartOf":{"@id":"https:\/\/casale.com.br\/#website"},"datePublished":"2019-10-01T19:44:38+00:00","dateModified":"2020-11-19T13:57:41+00:00","breadcrumb":{"@id":"https:\/\/casale.com.br\/politica-de-privacidade\/#breadcrumb"},"inLanguage":"en-US","potentialAction":[{"@type":"ReadAction","target":["https:\/\/casale.com.br\/politica-de-privacidade\/"]}]},{"@type":"BreadcrumbList","@id":"https:\/\/casale.com.br\/politica-de-privacidade\/#breadcrumb","itemListElement":[{"@type":"ListItem","position":1,"name":"In\u00edcio","item":"https:\/\/casale.com.br\/"},{"@type":"ListItem","position":2,"name":"Pol\u00edtica de privacidade"}]},{"@type":"WebSite","@id":"https:\/\/casale.com.br\/#website","url":"https:\/\/casale.com.br\/","name":"Casale","description":"As melhores solu\u00e7\u00f5es para pecu\u00e1ria","potentialAction":[{"@type":"SearchAction","target":{"@type":"EntryPoint","urlTemplate":"https:\/\/casale.com.br\/?s={search_term_string}"},"query-input":{"@type":"PropertyValueSpecification","valueRequired":true,"valueName":"search_term_string"}}],"inLanguage":"en-US"}]}},"_links":{"self":[{"href":"https:\/\/casale.com.br\/en\/wp-json\/wp\/v2\/pages\/3"}],"collection":[{"href":"https:\/\/casale.com.br\/en\/wp-json\/wp\/v2\/pages"}],"about":[{"href":"https:\/\/casale.com.br\/en\/wp-json\/wp\/v2\/types\/page"}],"author":[{"embeddable":true,"href":"https:\/\/casale.com.br\/en\/wp-json\/wp\/v2\/users\/5"}],"replies":[{"embeddable":true,"href":"https:\/\/casale.com.br\/en\/wp-json\/wp\/v2\/comments?post=3"}],"version-history":[{"count":0,"href":"https:\/\/casale.com.br\/en\/wp-json\/wp\/v2\/pages\/3\/revisions"}],"wp:attachment":[{"href":"https:\/\/casale.com.br\/en\/wp-json\/wp\/v2\/media?parent=3"}],"curies":[{"name":"wp","href":"https:\/\/api.w.org\/{rel}","templated":true}]}}