{"id":13,"date":"2019-10-01T17:03:12","date_gmt":"2019-10-01T20:03:12","guid":{"rendered":"http:\/\/casale.com.br\/?page_id=13"},"modified":"2023-09-28T12:12:59","modified_gmt":"2023-09-28T15:12:59","slug":"vendas","status":"publish","type":"page","link":"https:\/\/casale.com.br\/en\/vendas\/","title":{"rendered":"Sales"},"content":{"rendered":"<p>[et_pb_section fb_built=&#8221;1&#8243; _builder_version=&#8221;4.16&#8243; background_color=&#8221;rgba(0,0,0,0.34)&#8221; background_image=&#8221;http:\/\/casale.com.br\/wp-content\/uploads\/2019\/10\/RotormixProfi_Banner.jpg&#8221; background_blend=&#8221;overlay&#8221; custom_css_main_element=&#8221;min-height:80vh;&#8221; global_colors_info=&#8221;{}&#8221;][et_pb_row _builder_version=&#8221;4.16&#8243; global_colors_info=&#8221;{}&#8221;][et_pb_column type=&#8221;4_4&#8243; _builder_version=&#8221;4.16&#8243; global_colors_info=&#8221;{}&#8221;][et_pb_text _builder_version=&#8221;4.16&#8243; header_font=&#8221;|600|||||||&#8221; header_text_align=&#8221;center&#8221; header_text_color=&#8221;#ffffff&#8221; custom_css_main_element=&#8221;font-size:xx-large;&#8221; global_colors_info=&#8221;{}&#8221;]<\/p>\n<h1>TALK TO OUR EXPORT DEPARMENT<\/h1>\n<p>[\/et_pb_text][et_pb_text _builder_version=&#8221;4.22.1&#8243; _module_preset=&#8221;default&#8221; background_color=&#8221;#FFFFFF&#8221; custom_padding=&#8221;20px|30px|20px|30px|false|false&#8221; border_radii=&#8221;on|10px|10px|10px|10px&#8221; hover_enabled=&#8221;0&#8243; sticky_enabled=&#8221;0&#8243;]\n<div class=\"wpcf7 no-js\" id=\"wpcf7-f4968-o1\" lang=\"pt-BR\" dir=\"ltr\">\n<div class=\"screen-reader-response\"><p role=\"status\" aria-live=\"polite\" aria-atomic=\"true\"><\/p> <ul><\/ul><\/div>\n<form action=\"\/en\/wp-json\/wp\/v2\/pages\/13#wpcf7-f4968-o1\" method=\"post\" class=\"wpcf7-form init\" aria-label=\"Formul\u00e1rios de contato\" novalidate=\"novalidate\" data-status=\"init\" data-trp-original-action=\"\/en\/wp-json\/wp\/v2\/pages\/13#wpcf7-f4968-o1\">\n<div style=\"display: none;\">\n<input type=\"hidden\" name=\"_wpcf7\" value=\"4968\" \/>\n<input type=\"hidden\" name=\"_wpcf7_version\" value=\"5.9.8\" \/>\n<input type=\"hidden\" name=\"_wpcf7_locale\" value=\"pt_BR\" \/>\n<input type=\"hidden\" name=\"_wpcf7_unit_tag\" value=\"wpcf7-f4968-o1\" \/>\n<input type=\"hidden\" name=\"_wpcf7_container_post\" value=\"0\" \/>\n<input type=\"hidden\" name=\"_wpcf7_posted_data_hash\" value=\"\" \/>\n<input type=\"hidden\" name=\"_wpcf7_recaptcha_response\" value=\"\" \/>\n<\/div>\n<p><label> Name*<br \/>\n<span class=\"wpcf7-form-control-wrap\" data-name=\"nome\"><input size=\"40\" maxlength=\"400\" class=\"wpcf7-form-control wpcf7-text wpcf7-validates-as-required\" autocomplete=\"name\" aria-required=\"true\" aria-invalid=\"false\" value=\"\" type=\"text\" name=\"nome\" \/><\/span> <\/label>\n<\/p>\n<p><label> I am one<br \/>\n<span class=\"wpcf7-form-control-wrap\" data-name=\"eu_sou\"><select class=\"wpcf7-form-control wpcf7-select wpcf7-validates-as-required\" id=\"eu_sou\" aria-required=\"true\" aria-invalid=\"false\" name=\"eu_sou\"><option value=\"Selecione\">Select<\/option><option value=\"Pecuarista \/ Agricultor\">Pecuarista \/ Agricultor<\/option><option value=\"Gestor(a) da Fazenda\">Gestor(a) da Fazenda<\/option><option value=\"Colaborador(a) da Fazenda\">Colaborador(a) da Fazenda<\/option><option value=\"Consultor(a)\">Consultor(a)<\/option><option value=\"Pesquisador(a)\">Pesquisador(a)<\/option><option value=\"Estudante\">Estudante<\/option><option value=\"Consultor(a) de Vendas\">Consultor(a) de Vendas<\/option><option value=\"Outros\">Outros<\/option><\/select><\/span> <\/label>\n<\/p>\n<p><label> Property Name*<br \/>\n<span class=\"wpcf7-form-control-wrap\" data-name=\"nome_empresa\"><input size=\"40\" maxlength=\"400\" class=\"wpcf7-form-control wpcf7-text wpcf7-validates-as-required\" id=\"nome_propriedade\" aria-required=\"true\" aria-invalid=\"false\" value=\"\" type=\"text\" name=\"nome_empresa\" \/><\/span> <\/label>\n<\/p>\n<p><label> Function*<br \/>\n<span class=\"wpcf7-form-control-wrap\" data-name=\"funcao\"><input size=\"40\" maxlength=\"400\" class=\"wpcf7-form-control wpcf7-text wpcf7-validates-as-required\" id=\"funcao\" aria-required=\"true\" aria-invalid=\"false\" value=\"\" type=\"text\" name=\"funcao\" \/><\/span> <\/label>\n<\/p>\n<p><label> Work with*<br \/>\n<span class=\"wpcf7-form-control-wrap\" data-name=\"Trabalho\"><select class=\"wpcf7-form-control wpcf7-select wpcf7-validates-as-required\" id=\"trabalho\" aria-required=\"true\" aria-invalid=\"false\" name=\"Trabalho\"><option value=\"Selecione\">Select<\/option><option value=\"Pecu\u00e1ria de Corte\">Pecu\u00e1ria de Corte<\/option><option value=\"Pecu\u00e1ria de Leite\">Pecu\u00e1ria de Leite<\/option><option value=\"Pecu\u00e1ria de Corte e Leite\">Pecu\u00e1ria de Corte e Leite<\/option><option value=\"Revenda\">Revenda<\/option><option value=\"Outros\">Outros<\/option><\/select><\/span> <\/label>\n<\/p>\n<p><label> Email*<br \/>\n<span class=\"wpcf7-form-control-wrap\" data-name=\"email\"><input size=\"40\" maxlength=\"400\" class=\"wpcf7-form-control wpcf7-email wpcf7-validates-as-required wpcf7-text wpcf7-validates-as-email\" autocomplete=\"email\" aria-required=\"true\" aria-invalid=\"false\" value=\"\" type=\"email\" name=\"email\" \/><\/span> <\/label>\n<\/p>\n<p><label> WhatsApp\/Phone*<br \/>\n<span class=\"wpcf7-form-control-wrap\" data-name=\"Telefone\"><input size=\"40\" maxlength=\"400\" class=\"wpcf7-form-control wpcf7-text wpcf7-validates-as-required\" id=\"telefone\" aria-required=\"true\" aria-invalid=\"false\" placeholder=\"+55\" value=\"\" type=\"text\" name=\"Telefone\" \/><\/span> <\/label>\n<\/p>\n<p><label> Country*<br \/>\n<span class=\"wpcf7-form-control-wrap\" data-name=\"pais\"><select class=\"wpcf7-form-control wpcf7-select wpcf7-validates-as-required\" id=\"pais\" aria-required=\"true\" aria-invalid=\"false\" name=\"pais\"><option value=\"Selecione o Pa\u00eds\">Selecione o Pa\u00eds<\/option><\/select><\/span> <\/label>\n<\/p>\n<p><label> State*<br \/>\n<span class=\"wpcf7-form-control-wrap\" data-name=\"Estado\"><select class=\"wpcf7-form-control wpcf7-select wpcf7-validates-as-required\" id=\"estado\" aria-required=\"true\" aria-invalid=\"false\" name=\"Estado\"><option value=\"Selecione o Estado\">Selecione o Estado<\/option><\/select><\/span> <\/label>\n<\/p>\n<p><label> City*<br \/>\n<span class=\"wpcf7-form-control-wrap\" data-name=\"Cidade\"><select class=\"wpcf7-form-control wpcf7-select wpcf7-validates-as-required\" id=\"cidade\" aria-required=\"true\" aria-invalid=\"false\" name=\"Cidade\"><option value=\"Selecione a Cidade\">Selecione a Cidade<\/option><\/select><\/span> <\/label>\n<\/p>\n<p><label> Selecione o Produto*<br \/>\n<span class=\"wpcf7-form-control-wrap\" data-name=\"Produto\"><select class=\"wpcf7-form-control wpcf7-select wpcf7-validates-as-required\" aria-required=\"true\" aria-invalid=\"false\" name=\"Produto\"><option value=\"Rotormix\">Rotormix<\/option><option value=\"Rotormix SC\">Rotormix SC<\/option><option value=\"RX TechBull\">RX TechBull<\/option><option value=\"TOTALMIX\">TOTALMIX<\/option><option value=\"TOTALMIX AUTOCARREGAVEL\">TOTALMIX AUTOCARREGAVEL<\/option><option value=\"TOTALMIX SC\">TOTALMIX SC<\/option><option value=\"Vertimix\">Vertimix<\/option><option value=\"Vertimix AC \u2013 Autocarregavel\">Vertimix AC \u2013 Autocarregavel<\/option><option value=\"VERTIMIX 35 AUTOCARREGAVEL\">VERTIMIX 35 AUTOCARREGAVEL<\/option><option value=\"VERTIMIX 280 \u2013 PRE-LANCAMENTO\">VERTIMIX 280 \u2013 PRE-LANCAMENTO<\/option><option value=\"Feeder\">Feeder<\/option><option value=\"Feeder SC\">Feeder SC<\/option><option value=\"Feeder 20 SC\">Feeder 20 SC<\/option><option value=\"FEEDER 200 SC\">FEEDER 200 SC<\/option><option value=\"LANCAMENTO \u2013 TRATO Facil\">LANCAMENTO \u2013 TRATO Facil<\/option><option value=\"LEC HYDRO\">LEC HYDRO<\/option><option value=\"LEC 1620 HYDRO\">LEC 1620 HYDRO<\/option><option value=\"CRC-AP\">CRC-AP<\/option><option value=\"CFC-Super\">CFC-Super<\/option><option value=\"Haybuster H-835\">Haybuster H-835<\/option><option value=\"Haybuster H-1000\">Haybuster H-1000<\/option><\/select><\/span><br \/>\n<\/label>\n<\/p>\n<input class=\"wpcf7-form-control wpcf7-hidden\" id=\"idioma\" value=\"BR\" type=\"hidden\" name=\"Idioma\" \/>\n<input class=\"wpcf7-form-control wpcf7-hidden\" id=\"formulario_consultor\" value=\"Consultor\" type=\"hidden\" name=\"TipoFormulario\" \/>\n<p><span class=\"wpcf7-form-control-wrap\" data-name=\"acceptance-433\"><span class=\"wpcf7-form-control wpcf7-acceptance optional\"><span class=\"wpcf7-list-item\"><label><input type=\"checkbox\" name=\"acceptance-433\" value=\"1\" aria-invalid=\"false\" \/><span class=\"wpcf7-list-item-label\">I agree with the policies and agree to receive contact<\/span><\/label><\/span><\/span><\/span>\n<\/p>\n<div class=\"button-baixar\">\n\t<p><input class=\"wpcf7-form-control wpcf7-submit has-spinner\" type=\"submit\" value=\"FALAR COM CONSULTOR\" \/>\n\t<\/p>\n<\/div><input type='hidden' class='wpcf7-pum' value='{\"closepopup\":false,\"closedelay\":0,\"openpopup\":false,\"openpopup_id\":0}' \/><div class=\"wpcf7-response-output\" aria-hidden=\"true\"><\/div>\n<input type=\"hidden\" name=\"trp-form-language\" value=\"en\"\/><\/form>\n<\/div>\n[\/et_pb_text][et_pb_code _builder_version=&#8221;4.22.1&#8243; _module_preset=&#8221;default&#8221; hover_enabled=&#8221;0&#8243; sticky_enabled=&#8221;0&#8243;][\/et_pb_code][et_pb_code disabled_on=&#8221;on|on|on&#8221; _builder_version=&#8221;4.22.1&#8243; hover_enabled=&#8221;0&#8243; global_colors_info=&#8221;{}&#8221; disabled=&#8221;on&#8221; sticky_enabled=&#8221;0&#8243;]<\/p>\n<div id=\"form_vendas\"><\/div>\n<p><!-- [et_pb_line_break_holder] --><script type=\"text\/javascript\"><!-- [et_pb_line_break_holder] -->\t\tlet url = window.location.href;<!-- [et_pb_line_break_holder] -->  \tlet vendas = document.getElementById('form_vendas');<!-- [et_pb_line_break_holder] -->  \tvendas.innerHTML = \"\";<!-- [et_pb_line_break_holder] -->  document.getElementById('form_vendas').innerHTML = \"<\/p>\n<div><\/div>\n<p>\";<!-- [et_pb_line_break_holder] -->\t\tif( url.match('\/en\/') ){<!-- [et_pb_line_break_holder] -->      document.getElementById('form_vendas').innerHTML = \"<\/p>\n<div><\/div>\n<p>\";<!-- [et_pb_line_break_holder] -->     \t vendas.innerHTML = '<\/p>\n<div role=\"main\" id=\"contato-vendedor-en-2c1fb625b287ddabdcee\"><\/div>\n<p>';<!-- [et_pb_line_break_holder] -->    } else if (url.match('\/es\/') ){<!-- [et_pb_line_break_holder] -->      document.getElementById('form_vendas').innerHTML = \"<\/p>\n<div><\/div>\n<p>\";<!-- [et_pb_line_break_holder] -->    \tvendas.innerHTML = '<\/p>\n<div role=\"main\" id=\"contato-vendedor-es-65312d9be1d1eb5eeb6d\"><\/div>\n<p>';<!-- [et_pb_line_break_holder] -->    } else {<!-- [et_pb_line_break_holder] -->\t\t\tdocument.getElementById('form_vendas').innerHTML = \"<\/p>\n<div><\/div>\n<p>\";<!-- [et_pb_line_break_holder] -->    vendas.innerHTML = '<\/p>\n<div role=\"main\" id=\"contato-vendedor-c9e8459fdbb4d286db32\"><\/div>\n<p>';<!-- [et_pb_line_break_holder] -->    }<!-- [et_pb_line_break_holder] --><\/script>[\/et_pb_code][\/et_pb_column][\/et_pb_row][\/et_pb_section]<\/p>","protected":false},"excerpt":{"rendered":"<p>TALK TO OUR EXPORT DEPARMENT\n<div class=\"wpcf7 no-js\" id=\"wpcf7-f4968-o2\" lang=\"pt-BR\" dir=\"ltr\">\n<div class=\"screen-reader-response\"><p role=\"status\" aria-live=\"polite\" aria-atomic=\"true\"><\/p> <ul><\/ul><\/div>\n<form action=\"\/en\/wp-json\/wp\/v2\/pages\/13#wpcf7-f4968-o2\" method=\"post\" class=\"wpcf7-form init\" aria-label=\"Formul\u00e1rios de contato\" novalidate=\"novalidate\" data-status=\"init\" data-trp-original-action=\"\/en\/wp-json\/wp\/v2\/pages\/13#wpcf7-f4968-o2\">\n<div style=\"display: none;\">\n<input type=\"hidden\" name=\"_wpcf7\" value=\"4968\" \/>\n<input type=\"hidden\" name=\"_wpcf7_version\" value=\"5.9.8\" \/>\n<input type=\"hidden\" name=\"_wpcf7_locale\" value=\"pt_BR\" \/>\n<input type=\"hidden\" name=\"_wpcf7_unit_tag\" value=\"wpcf7-f4968-o2\" \/>\n<input type=\"hidden\" name=\"_wpcf7_container_post\" value=\"0\" \/>\n<input type=\"hidden\" name=\"_wpcf7_posted_data_hash\" value=\"\" \/>\n<input type=\"hidden\" name=\"_wpcf7_recaptcha_response\" value=\"\" \/>\n<\/div>\n<p><label> Name*<br \/>\n<span class=\"wpcf7-form-control-wrap\" data-name=\"nome\"><input size=\"40\" maxlength=\"400\" class=\"wpcf7-form-control wpcf7-text wpcf7-validates-as-required\" autocomplete=\"name\" aria-required=\"true\" aria-invalid=\"false\" value=\"\" type=\"text\" name=\"nome\" \/><\/span> <\/label>\n<\/p>\n<p><label> I am one<br \/>\n<span class=\"wpcf7-form-control-wrap\" data-name=\"eu_sou\"><select class=\"wpcf7-form-control wpcf7-select wpcf7-validates-as-required\" aria-required=\"true\" aria-invalid=\"false\" name=\"eu_sou\"><option value=\"Selecione\">Select<\/option><option value=\"Pecuarista \/ Agricultor\">Pecuarista \/ Agricultor<\/option><option value=\"Gestor(a) da Fazenda\">Gestor(a) da Fazenda<\/option><option value=\"Colaborador(a) da Fazenda\">Colaborador(a) da Fazenda<\/option><option value=\"Consultor(a)\">Consultor(a)<\/option><option value=\"Pesquisador(a)\">Pesquisador(a)<\/option><option value=\"Estudante\">Estudante<\/option><option value=\"Consultor(a) de Vendas\">Consultor(a) de Vendas<\/option><option value=\"Outros\">Outros<\/option><\/select><\/span> <\/label>\n<\/p>\n<p><label> Property Name*<br \/>\n<span class=\"wpcf7-form-control-wrap\" data-name=\"nome_empresa\"><input size=\"40\" maxlength=\"400\" class=\"wpcf7-form-control wpcf7-text wpcf7-validates-as-required\" aria-required=\"true\" aria-invalid=\"false\" value=\"\" type=\"text\" name=\"nome_empresa\" \/><\/span> <\/label>\n<\/p>\n<p><label> Function*<br \/>\n<span class=\"wpcf7-form-control-wrap\" data-name=\"funcao\"><input size=\"40\" maxlength=\"400\" class=\"wpcf7-form-control wpcf7-text wpcf7-validates-as-required\" aria-required=\"true\" aria-invalid=\"false\" value=\"\" type=\"text\" name=\"funcao\" \/><\/span> <\/label>\n<\/p>\n<p><label> Work with*<br \/>\n<span class=\"wpcf7-form-control-wrap\" data-name=\"Trabalho\"><select class=\"wpcf7-form-control wpcf7-select wpcf7-validates-as-required\" aria-required=\"true\" aria-invalid=\"false\" name=\"Trabalho\"><option value=\"Selecione\">Select<\/option><option value=\"Pecu\u00e1ria de Corte\">Pecu\u00e1ria de Corte<\/option><option value=\"Pecu\u00e1ria de Leite\">Pecu\u00e1ria de Leite<\/option><option value=\"Pecu\u00e1ria de Corte e Leite\">Pecu\u00e1ria de Corte e Leite<\/option><option value=\"Revenda\">Revenda<\/option><option value=\"Outros\">Outros<\/option><\/select><\/span> <\/label>\n<\/p>\n<p><label> Email*<br \/>\n<span class=\"wpcf7-form-control-wrap\" data-name=\"email\"><input size=\"40\" maxlength=\"400\" class=\"wpcf7-form-control wpcf7-email wpcf7-validates-as-required wpcf7-text wpcf7-validates-as-email\" autocomplete=\"email\" aria-required=\"true\" aria-invalid=\"false\" value=\"\" type=\"email\" name=\"email\" \/><\/span> <\/label>\n<\/p>\n<p><label> WhatsApp\/Phone*<br \/>\n<span class=\"wpcf7-form-control-wrap\" data-name=\"Telefone\"><input size=\"40\" maxlength=\"400\" class=\"wpcf7-form-control wpcf7-text wpcf7-validates-as-required\" aria-required=\"true\" aria-invalid=\"false\" placeholder=\"+55\" value=\"\" type=\"text\" name=\"Telefone\" \/><\/span> <\/label>\n<\/p>\n<p><label> Country*<br \/>\n<span class=\"wpcf7-form-control-wrap\" data-name=\"pais\"><select class=\"wpcf7-form-control wpcf7-select wpcf7-validates-as-required\" aria-required=\"true\" aria-invalid=\"false\" name=\"pais\"><option value=\"Selecione o Pa\u00eds\">Selecione o Pa\u00eds<\/option><\/select><\/span> <\/label>\n<\/p>\n<p><label> State*<br \/>\n<span class=\"wpcf7-form-control-wrap\" data-name=\"Estado\"><select class=\"wpcf7-form-control wpcf7-select wpcf7-validates-as-required\" aria-required=\"true\" aria-invalid=\"false\" name=\"Estado\"><option value=\"Selecione o Estado\">Selecione o Estado<\/option><\/select><\/span> <\/label>\n<\/p>\n<p><label> City*<br \/>\n<span class=\"wpcf7-form-control-wrap\" data-name=\"Cidade\"><select class=\"wpcf7-form-control wpcf7-select wpcf7-validates-as-required\" aria-required=\"true\" aria-invalid=\"false\" name=\"Cidade\"><option value=\"Selecione a Cidade\">Selecione a Cidade<\/option><\/select><\/span> <\/label>\n<\/p>\n<p><label> Selecione o Produto*<br \/>\n<span class=\"wpcf7-form-control-wrap\" data-name=\"Produto\"><select class=\"wpcf7-form-control wpcf7-select wpcf7-validates-as-required\" aria-required=\"true\" aria-invalid=\"false\" name=\"Produto\"><option value=\"Rotormix\">Rotormix<\/option><option value=\"Rotormix SC\">Rotormix SC<\/option><option value=\"RX TechBull\">RX TechBull<\/option><option value=\"TOTALMIX\">TOTALMIX<\/option><option value=\"TOTALMIX AUTOCARREGAVEL\">TOTALMIX AUTOCARREGAVEL<\/option><option value=\"TOTALMIX SC\">TOTALMIX SC<\/option><option value=\"Vertimix\">Vertimix<\/option><option value=\"Vertimix AC \u2013 Autocarregavel\">Vertimix AC \u2013 Autocarregavel<\/option><option value=\"VERTIMIX 35 AUTOCARREGAVEL\">VERTIMIX 35 AUTOCARREGAVEL<\/option><option value=\"VERTIMIX 280 \u2013 PRE-LANCAMENTO\">VERTIMIX 280 \u2013 PRE-LANCAMENTO<\/option><option value=\"Feeder\">Feeder<\/option><option value=\"Feeder SC\">Feeder SC<\/option><option value=\"Feeder 20 SC\">Feeder 20 SC<\/option><option value=\"FEEDER 200 SC\">FEEDER 200 SC<\/option><option value=\"LANCAMENTO \u2013 TRATO Facil\">LANCAMENTO \u2013 TRATO Facil<\/option><option value=\"LEC HYDRO\">LEC HYDRO<\/option><option value=\"LEC 1620 HYDRO\">LEC 1620 HYDRO<\/option><option value=\"CRC-AP\">CRC-AP<\/option><option value=\"CFC-Super\">CFC-Super<\/option><option value=\"Haybuster H-835\">Haybuster H-835<\/option><option value=\"Haybuster H-1000\">Haybuster H-1000<\/option><\/select><\/span><br \/>\n<\/label>\n<\/p>\n<input class=\"wpcf7-form-control wpcf7-hidden\" value=\"BR\" type=\"hidden\" name=\"Idioma\" \/>\n<input class=\"wpcf7-form-control wpcf7-hidden\" value=\"Consultor\" type=\"hidden\" name=\"TipoFormulario\" \/>\n<p><span class=\"wpcf7-form-control-wrap\" data-name=\"acceptance-433\"><span class=\"wpcf7-form-control wpcf7-acceptance optional\"><span class=\"wpcf7-list-item\"><label><input type=\"checkbox\" name=\"acceptance-433\" value=\"1\" aria-invalid=\"false\" \/><span class=\"wpcf7-list-item-label\">I agree with the policies and agree to receive contact<\/span><\/label><\/span><\/span><\/span>\n<\/p>\n<div class=\"button-baixar\">\n\t<p><input class=\"wpcf7-form-control wpcf7-submit has-spinner\" type=\"submit\" value=\"FALAR COM CONSULTOR\" \/>\n\t<\/p>\n<\/div><input type='hidden' class='wpcf7-pum' value='{\"closepopup\":false,\"closedelay\":0,\"openpopup\":false,\"openpopup_id\":0}' \/><div class=\"wpcf7-response-output\" aria-hidden=\"true\"><\/div>\n<input type=\"hidden\" name=\"trp-form-language\" value=\"en\"\/><\/form>\n<\/div>\n<\/p>","protected":false},"author":5,"featured_media":0,"parent":0,"menu_order":0,"comment_status":"closed","ping_status":"closed","template":"","meta":{"_et_pb_use_builder":"on","_et_pb_old_content":"<!-- wp:divi\/placeholder \/-->","_et_gb_content_width":"","_joinchat":[],"footnotes":""},"class_list":["post-13","page","type-page","status-publish","hentry"],"yoast_head":"<!-- This site is optimized with the Yoast SEO plugin v23.4 - https:\/\/yoast.com\/wordpress\/plugins\/seo\/ -->\n<title>Vendas &#187; Casale<\/title>\n<meta name=\"description\" content=\"Envie seus dados para receber o contato do Consultor T\u00e9cnico Comercial da Casale que atende a sua regi\u00e3o.\" \/>\n<meta name=\"robots\" content=\"index, follow, max-snippet:-1, max-image-preview:large, max-video-preview:-1\" \/>\n<link rel=\"canonical\" href=\"https:\/\/casale.com.br\/en\/vendas\/\" \/>\n<meta property=\"og:locale\" content=\"en_US\" \/>\n<meta property=\"og:type\" content=\"article\" \/>\n<meta property=\"og:title\" content=\"Vendas &#187; Casale\" \/>\n<meta property=\"og:description\" content=\"Envie seus dados para receber o contato do Consultor T\u00e9cnico Comercial da Casale que atende a sua regi\u00e3o.\" \/>\n<meta property=\"og:url\" content=\"https:\/\/casale.com.br\/en\/vendas\/\" \/>\n<meta property=\"og:site_name\" content=\"Casale\" \/>\n<meta property=\"article:modified_time\" content=\"2023-09-28T15:12:59+00:00\" \/>\n<meta name=\"twitter:card\" content=\"summary_large_image\" \/>\n<meta name=\"twitter:label1\" content=\"Est. reading time\" \/>\n\t<meta name=\"twitter:data1\" content=\"1 minute\" \/>\n<script type=\"application\/ld+json\" class=\"yoast-schema-graph\">{\"@context\":\"https:\/\/schema.org\",\"@graph\":[{\"@type\":\"WebPage\",\"@id\":\"https:\/\/casale.com.br\/vendas\/\",\"url\":\"https:\/\/casale.com.br\/vendas\/\",\"name\":\"Vendas &#187; Casale\",\"isPartOf\":{\"@id\":\"https:\/\/casale.com.br\/#website\"},\"datePublished\":\"2019-10-01T20:03:12+00:00\",\"dateModified\":\"2023-09-28T15:12:59+00:00\",\"description\":\"Envie seus dados para receber o contato do Consultor T\u00e9cnico Comercial da Casale que atende a sua regi\u00e3o.\",\"breadcrumb\":{\"@id\":\"https:\/\/casale.com.br\/vendas\/#breadcrumb\"},\"inLanguage\":\"en-US\",\"potentialAction\":[{\"@type\":\"ReadAction\",\"target\":[\"https:\/\/casale.com.br\/vendas\/\"]}]},{\"@type\":\"BreadcrumbList\",\"@id\":\"https:\/\/casale.com.br\/vendas\/#breadcrumb\",\"itemListElement\":[{\"@type\":\"ListItem\",\"position\":1,\"name\":\"In\u00edcio\",\"item\":\"https:\/\/casale.com.br\/\"},{\"@type\":\"ListItem\",\"position\":2,\"name\":\"Vendas\"}]},{\"@type\":\"WebSite\",\"@id\":\"https:\/\/casale.com.br\/#website\",\"url\":\"https:\/\/casale.com.br\/\",\"name\":\"Casale\",\"description\":\"As melhores solu\u00e7\u00f5es para pecu\u00e1ria\",\"potentialAction\":[{\"@type\":\"SearchAction\",\"target\":{\"@type\":\"EntryPoint\",\"urlTemplate\":\"https:\/\/casale.com.br\/?s={search_term_string}\"},\"query-input\":{\"@type\":\"PropertyValueSpecification\",\"valueRequired\":true,\"valueName\":\"search_term_string\"}}],\"inLanguage\":\"en-US\"}]}<\/script>\n<!-- \/ Yoast SEO plugin. -->","yoast_head_json":{"title":"Vendas &#187; Casale","description":"Envie seus dados para receber o contato do Consultor T\u00e9cnico Comercial da Casale que atende a sua regi\u00e3o.","robots":{"index":"index","follow":"follow","max-snippet":"max-snippet:-1","max-image-preview":"max-image-preview:large","max-video-preview":"max-video-preview:-1"},"canonical":"https:\/\/casale.com.br\/en\/vendas\/","og_locale":"en_US","og_type":"article","og_title":"Vendas &#187; Casale","og_description":"Envie seus dados para receber o contato do Consultor T\u00e9cnico Comercial da Casale que atende a sua regi\u00e3o.","og_url":"https:\/\/casale.com.br\/en\/vendas\/","og_site_name":"Casale","article_modified_time":"2023-09-28T15:12:59+00:00","twitter_card":"summary_large_image","twitter_misc":{"Est. reading time":"1 minute"},"schema":{"@context":"https:\/\/schema.org","@graph":[{"@type":"WebPage","@id":"https:\/\/casale.com.br\/vendas\/","url":"https:\/\/casale.com.br\/vendas\/","name":"Vendas &#187; Casale","isPartOf":{"@id":"https:\/\/casale.com.br\/#website"},"datePublished":"2019-10-01T20:03:12+00:00","dateModified":"2023-09-28T15:12:59+00:00","description":"Envie seus dados para receber o contato do Consultor T\u00e9cnico Comercial da Casale que atende a sua regi\u00e3o.","breadcrumb":{"@id":"https:\/\/casale.com.br\/vendas\/#breadcrumb"},"inLanguage":"en-US","potentialAction":[{"@type":"ReadAction","target":["https:\/\/casale.com.br\/vendas\/"]}]},{"@type":"BreadcrumbList","@id":"https:\/\/casale.com.br\/vendas\/#breadcrumb","itemListElement":[{"@type":"ListItem","position":1,"name":"In\u00edcio","item":"https:\/\/casale.com.br\/"},{"@type":"ListItem","position":2,"name":"Vendas"}]},{"@type":"WebSite","@id":"https:\/\/casale.com.br\/#website","url":"https:\/\/casale.com.br\/","name":"Casale","description":"As melhores solu\u00e7\u00f5es para pecu\u00e1ria","potentialAction":[{"@type":"SearchAction","target":{"@type":"EntryPoint","urlTemplate":"https:\/\/casale.com.br\/?s={search_term_string}"},"query-input":{"@type":"PropertyValueSpecification","valueRequired":true,"valueName":"search_term_string"}}],"inLanguage":"en-US"}]}},"_links":{"self":[{"href":"https:\/\/casale.com.br\/en\/wp-json\/wp\/v2\/pages\/13"}],"collection":[{"href":"https:\/\/casale.com.br\/en\/wp-json\/wp\/v2\/pages"}],"about":[{"href":"https:\/\/casale.com.br\/en\/wp-json\/wp\/v2\/types\/page"}],"author":[{"embeddable":true,"href":"https:\/\/casale.com.br\/en\/wp-json\/wp\/v2\/users\/5"}],"replies":[{"embeddable":true,"href":"https:\/\/casale.com.br\/en\/wp-json\/wp\/v2\/comments?post=13"}],"version-history":[{"count":1,"href":"https:\/\/casale.com.br\/en\/wp-json\/wp\/v2\/pages\/13\/revisions"}],"predecessor-version":[{"id":4978,"href":"https:\/\/casale.com.br\/en\/wp-json\/wp\/v2\/pages\/13\/revisions\/4978"}],"wp:attachment":[{"href":"https:\/\/casale.com.br\/en\/wp-json\/wp\/v2\/media?parent=13"}],"curies":[{"name":"wp","href":"https:\/\/api.w.org\/{rel}","templated":true}]}}